{"id":752564,"date":"2025-08-28T05:19:17","date_gmt":"2025-08-28T02:19:17","guid":{"rendered":"https:\/\/roveyayinevi.com.tr\/index.php\/urun\/doga-dedektifleri-ahsap-zaman-makinesi\/"},"modified":"2026-04-16T03:05:57","modified_gmt":"2026-04-16T00:05:57","slug":"doga-dedektifleri-ahsap-zaman-makinesi","status":"publish","type":"product","link":"https:\/\/roveyayinevi.com.tr\/index.php\/urun\/doga-dedektifleri-ahsap-zaman-makinesi\/","title":{"rendered":"Do\u011fa Dedektifleri &#8211; Ah\u015fap Zaman Makinesi"},"content":{"rendered":"<p>Uluslararas\u0131 bir\u00e7ok \u00f6d\u00fcle sahip, t\u00fcm d\u00fcnyada severek izlenen Gumboot Kids serisi kitaplar\u0131 kendi dilimizde, bizim \u00e7ocuklar\u0131m\u0131zla bulu\u015fmaya haz\u0131r! Ormanda ah\u015fap bir zaman makinesi var!Bu tam da Do\u011fa Dedektifleri\u2019nin \u00e7\u00f6zebilece\u011fibir do\u011fa gizemi. \u0130pu\u00e7lar\u0131n\u0131 takip etmeye ba\u015fla,videosunu izlemeyi unutma.Haydi Do\u011fa Dedektifleri, i\u015f ba\u015f\u0131na! <\/p>\n","protected":false},"excerpt":{"rendered":"<p>Uluslararas\u0131 bir\u00e7ok \u00f6d\u00fcle sahip, t\u00fcm d\u00fcnyada severek izlenen Gumboot Kids serisi kitaplar\u0131 kendi dilimizde, bizim \u00e7ocuklar\u0131m\u0131zla bulu\u015fmaya haz\u0131r! Ormanda ah\u015fap bir zaman makinesi var!Bu tam da<span class=\"excerpt-hellip\"> [\u2026]<\/span><\/p>\n","protected":false},"featured_media":0,"template":"","meta":{"_monsterinsights_skip_tracking":false,"_monsterinsights_sitenote_active":false,"_monsterinsights_sitenote_note":"","_monsterinsights_sitenote_category":0},"product_brand":[],"product_cat":[12274],"product_tag":[],"class_list":{"0":"post-752564","1":"product","2":"type-product","3":"status-publish","5":"product_cat-cocuk-ve-genclik-kitaplari","6":"pa_cilt-ciltsiz","7":"pa_tur-kitap","8":"pa_yayinevi-ucan-fil-yayinlari","9":"pa_yazar-eric-hogan-tara-hungerford","11":"first","12":"instock","13":"sale","14":"shipping-taxable","15":"purchasable","16":"product-type-simple"},"_links":{"self":[{"href":"https:\/\/roveyayinevi.com.tr\/index.php\/wp-json\/wp\/v2\/product\/752564","targetHints":{"allow":["GET"]}}],"collection":[{"href":"https:\/\/roveyayinevi.com.tr\/index.php\/wp-json\/wp\/v2\/product"}],"about":[{"href":"https:\/\/roveyayinevi.com.tr\/index.php\/wp-json\/wp\/v2\/types\/product"}],"wp:attachment":[{"href":"https:\/\/roveyayinevi.com.tr\/index.php\/wp-json\/wp\/v2\/media?parent=752564"}],"wp:term":[{"taxonomy":"product_brand","embeddable":true,"href":"https:\/\/roveyayinevi.com.tr\/index.php\/wp-json\/wp\/v2\/product_brand?post=752564"},{"taxonomy":"product_cat","embeddable":true,"href":"https:\/\/roveyayinevi.com.tr\/index.php\/wp-json\/wp\/v2\/product_cat?post=752564"},{"taxonomy":"product_tag","embeddable":true,"href":"https:\/\/roveyayinevi.com.tr\/index.php\/wp-json\/wp\/v2\/product_tag?post=752564"}],"curies":[{"name":"wp","href":"https:\/\/api.w.org\/{rel}","templated":true}]}}