{"id":752562,"date":"2025-08-28T05:19:15","date_gmt":"2025-08-28T02:19:15","guid":{"rendered":"https:\/\/roveyayinevi.com.tr\/index.php\/urun\/masumiyet-2\/"},"modified":"2026-04-16T03:05:57","modified_gmt":"2026-04-16T00:05:57","slug":"masumiyet-2","status":"publish","type":"product","link":"https:\/\/roveyayinevi.com.tr\/index.php\/urun\/masumiyet-2\/","title":{"rendered":"Masumiyet"},"content":{"rendered":"<p>Ey Masumiyet Manolya!..   Ey Allah\u2019\u0131m. \u2018Bir\u2019 \u00e7ocuk i\u00e7in ba\u015flad\u0131k bu kitaba. \u2018Bir\u2019 \u00e7ocukla birlikte yazd\u0131k. Ve g\u00f6rdu\u0308k ki o \u00e7ocuk bizim kalbimizdeki \u00e7ocukmu\u015f. \u00c7ocuklu\u011fumuzmu\u015f. Biz yazd\u0131k\u00e7a. O \u00e7ocuk. Yeniden. \u00c7ocuklu\u011funa kavu\u015ftu. En masum h\u00e2line. Kalbin kalbine kavu\u015ftu. Ve o an du\u0308nyadaki tu\u0308m k\u00f6tu\u0308lu\u0308kler silindi. \u2018Bir\u2019 \u0131\u015f\u0131k parlad\u0131. Nur oldu. Yeryu\u0308zu\u0308 eski s\u0131hhatine kavu\u015ftu. \u2018Bir\u2019 \u00e7ocukla nas\u0131l olabilir de\u011fil mi tu\u0308m bunlar&#8230; Oldu. Cen\u00e2b-\u0131 Allah\u2019\u0131n \u2018Ol\u2019 demesiyle oldu. O \u00e7ocuk. Masumiyetin Cennet\u2019iydi. Bak\u0131\u015f\u0131nda bu du\u0308nyayla ilgili hi\u00e7bir g\u00f6lgelenme yoktu. \u00d6ylesine berrakt\u0131 ki. Cennet\u2019tendi. Hz. \u00c2dem\u2019in Hz. Havva\u2019ya ilk bak\u0131\u015f\u0131 gibiydi. \u015feytan s\u0131zamam\u0131\u015ft\u0131 aralar\u0131na. Gu\u0308nahs\u0131zd\u0131. Ve o ilk temas i\u015fte. \u2018Bir\u2019 bak\u0131\u015fmayla ger\u00e7ekle\u015fti. Kalbin i\u00e7inde. Kendi kendine.   Yapay zek\u00e2n\u0131n zulmu\u0308 h\u00e2kim art\u0131k du\u0308nyada. Ki\u015fiye \u00f6zel cehennem algoritmalar\u0131. Her harfi. Kelimeyi. M\u00e2n\u00e2y\u0131. Zorla i\u011fdi\u015f ederek hepsini say\u0131lara \u00e7eviriyorlar. Yetmiyor. \u0130nsanlar\u0131. \u00c7ocuklar\u0131. Yapayla\u015ft\u0131r\u0131p. Hibrit yap\u0131p. F\u0131tr\u00ee tabiat\u0131ndan. Topra\u011f\u0131ndan \u00e7\u0131kar\u0131yorlar. Masumiyetlerini bozuyorlar. Ey \u00e7ocuk! Belki de. Hepimiz. Son insan nesliyiz. Rabbimizin emanetine hep birlikte sahip \u00e7\u0131kmal\u0131y\u0131z. <\/p>\n","protected":false},"excerpt":{"rendered":"<p>Ey Masumiyet Manolya!.. Ey Allah\u2019\u0131m. \u2018Bir\u2019 \u00e7ocuk i\u00e7in ba\u015flad\u0131k bu kitaba. \u2018Bir\u2019 \u00e7ocukla birlikte yazd\u0131k. Ve g\u00f6rdu\u0308k ki o \u00e7ocuk bizim kalbimizdeki \u00e7ocukmu\u015f. \u00c7ocuklu\u011fumuzmu\u015f. Biz yazd\u0131k\u00e7a.<span class=\"excerpt-hellip\"> [\u2026]<\/span><\/p>\n","protected":false},"featured_media":0,"template":"","meta":{"_monsterinsights_skip_tracking":false,"_monsterinsights_sitenote_active":false,"_monsterinsights_sitenote_note":"","_monsterinsights_sitenote_category":0},"product_brand":[],"product_cat":[12718,12719,15238],"product_tag":[],"class_list":{"0":"post-752562","1":"product","2":"type-product","3":"status-publish","5":"product_cat-din","6":"product_cat-islam","7":"product_cat-tasavvuf","8":"pa_cilt-ciltsiz","9":"pa_tur-kitap","10":"pa_yayinevi-hayykitap","11":"pa_yazar-hayati-sir","13":"first","14":"instock","15":"sale","16":"shipping-taxable","17":"purchasable","18":"product-type-simple"},"_links":{"self":[{"href":"https:\/\/roveyayinevi.com.tr\/index.php\/wp-json\/wp\/v2\/product\/752562","targetHints":{"allow":["GET"]}}],"collection":[{"href":"https:\/\/roveyayinevi.com.tr\/index.php\/wp-json\/wp\/v2\/product"}],"about":[{"href":"https:\/\/roveyayinevi.com.tr\/index.php\/wp-json\/wp\/v2\/types\/product"}],"wp:attachment":[{"href":"https:\/\/roveyayinevi.com.tr\/index.php\/wp-json\/wp\/v2\/media?parent=752562"}],"wp:term":[{"taxonomy":"product_brand","embeddable":true,"href":"https:\/\/roveyayinevi.com.tr\/index.php\/wp-json\/wp\/v2\/product_brand?post=752562"},{"taxonomy":"product_cat","embeddable":true,"href":"https:\/\/roveyayinevi.com.tr\/index.php\/wp-json\/wp\/v2\/product_cat?post=752562"},{"taxonomy":"product_tag","embeddable":true,"href":"https:\/\/roveyayinevi.com.tr\/index.php\/wp-json\/wp\/v2\/product_tag?post=752562"}],"curies":[{"name":"wp","href":"https:\/\/api.w.org\/{rel}","templated":true}]}}