{"id":752561,"date":"2025-08-28T05:19:13","date_gmt":"2025-08-28T02:19:13","guid":{"rendered":"https:\/\/roveyayinevi.com.tr\/index.php\/urun\/bir-demlik-dus\/"},"modified":"2026-04-16T03:05:57","modified_gmt":"2026-04-16T00:05:57","slug":"bir-demlik-dus","status":"publish","type":"product","link":"https:\/\/roveyayinevi.com.tr\/index.php\/urun\/bir-demlik-dus\/","title":{"rendered":"Bir Demlik D\u00fc\u015f"},"content":{"rendered":"<p>&#8220;Hassas insanlar cenneti d\u00fc\u015f\u00fcrmemek, cehennemi ta\u015f\u0131rmamak i\u00e7in t\u00fcm ahiri omuzlar\u0131nda ta\u015f\u0131r.&#8221; &#8230;ve ne gariptir ki hayat\u0131n t\u00fcm a\u011f\u0131rl\u0131\u011f\u0131 kimseye y\u00fck olmak istemeyenlerin omuzlar\u0131ndad\u0131r.   Bir sokak m\u00fczisyenine para verirken mutlu olan insanlar var; bir \u00e7ocu\u011fun g\u00fcl\u00fcmseyi\u015fine vesile olurken par\u0131ldayan, y\u00e2re kitap hediye ederken \u00e7a\u011f\u0131ldayan ve bir kediyi severken kutsanan&#8230;   Bir kar\u0131ncay\u0131 g\u00f6zetir gibi, insanlar\u0131n ta\u015f\u0131d\u0131\u011f\u0131 y\u00fcklere bir yenisini eklememek i\u00e7in derinli\u011fe sad\u0131k kalanlar var. Kolayca g\u00fcvenen, cesurca bakan, kalbe dokunan insanlar var. Bir kitapta ba\u015fkahraman olmaktansa bir oyunda figuran olmay\u0131 tercih eden, sessizce ya\u015fay\u0131p gidecek insanlar var.    Ve bu \u00e7emberin d\u0131\u015f\u0131nda ise bir cehennem var.   Kald\u0131r y\u00fcz\u00fcn\u00fc. Davetimdir sana: D\u00fc\u015flerine ho\u015f gel. <\/p>\n","protected":false},"excerpt":{"rendered":"<p>&#8220;Hassas insanlar cenneti d\u00fc\u015f\u00fcrmemek, cehennemi ta\u015f\u0131rmamak i\u00e7in t\u00fcm ahiri omuzlar\u0131nda ta\u015f\u0131r.&#8221; &#8230;ve ne gariptir ki hayat\u0131n t\u00fcm a\u011f\u0131rl\u0131\u011f\u0131 kimseye y\u00fck olmak istemeyenlerin omuzlar\u0131ndad\u0131r. Bir sokak m\u00fczisyenine<span class=\"excerpt-hellip\"> [\u2026]<\/span><\/p>\n","protected":false},"featured_media":0,"template":"","meta":{"_monsterinsights_skip_tracking":false,"_monsterinsights_sitenote_active":false,"_monsterinsights_sitenote_note":"","_monsterinsights_sitenote_category":0},"product_brand":[],"product_cat":[12291],"product_tag":[],"class_list":{"0":"post-752561","1":"product","2":"type-product","3":"status-publish","5":"product_cat-edebiyat","6":"pa_cilt-ciltsiz","7":"pa_tur-kitap","8":"pa_yayinevi-indigo-kitap","9":"pa_yazar-murat-gulen","11":"first","12":"instock","13":"sale","14":"shipping-taxable","15":"purchasable","16":"product-type-simple"},"_links":{"self":[{"href":"https:\/\/roveyayinevi.com.tr\/index.php\/wp-json\/wp\/v2\/product\/752561","targetHints":{"allow":["GET"]}}],"collection":[{"href":"https:\/\/roveyayinevi.com.tr\/index.php\/wp-json\/wp\/v2\/product"}],"about":[{"href":"https:\/\/roveyayinevi.com.tr\/index.php\/wp-json\/wp\/v2\/types\/product"}],"wp:attachment":[{"href":"https:\/\/roveyayinevi.com.tr\/index.php\/wp-json\/wp\/v2\/media?parent=752561"}],"wp:term":[{"taxonomy":"product_brand","embeddable":true,"href":"https:\/\/roveyayinevi.com.tr\/index.php\/wp-json\/wp\/v2\/product_brand?post=752561"},{"taxonomy":"product_cat","embeddable":true,"href":"https:\/\/roveyayinevi.com.tr\/index.php\/wp-json\/wp\/v2\/product_cat?post=752561"},{"taxonomy":"product_tag","embeddable":true,"href":"https:\/\/roveyayinevi.com.tr\/index.php\/wp-json\/wp\/v2\/product_tag?post=752561"}],"curies":[{"name":"wp","href":"https:\/\/api.w.org\/{rel}","templated":true}]}}