{"id":752560,"date":"2025-08-28T05:19:12","date_gmt":"2025-08-28T02:19:12","guid":{"rendered":"https:\/\/roveyayinevi.com.tr\/index.php\/urun\/en-tatli-meyveler\/"},"modified":"2026-04-16T03:05:57","modified_gmt":"2026-04-16T00:05:57","slug":"en-tatli-meyveler","status":"publish","type":"product","link":"https:\/\/roveyayinevi.com.tr\/index.php\/urun\/en-tatli-meyveler\/","title":{"rendered":"En Tatl\u0131 Meyveler"},"content":{"rendered":"<p>Monique Truong, gerc\u0327ek ve hayal gu\u0308cu\u0308nu\u0308 yenilikc\u0327i bir anlat\u0131m tarz\u0131yla muhtes\u0327em bic\u0327imde harmanlayarak, hayat\u0131na girmis\u0327 kad\u0131nlar\u0131n go\u0308zu\u0308nden u\u0308nlu\u0308 yazar Lafcadio Hearn\u2019u\u0308n yas\u0327am\u0131n\u0131 ve as\u0327klar\u0131n\u0131 anlat\u0131yor. As\u0327k, o\u0308zlem, zaman zaman nes\u0327e, zaman zaman o\u0308fke dolu En Tatl\u0131 Meyveler, bir adam\u0131n g\u00f6lgesinde kalm\u0131\u015f kad\u0131nlar\u0131n- annesinin ve iki es\u0327inin- kendilerince tan\u0131d\u0131klar\u0131 adam\u0131n farkl\u0131 yo\u0308nlerini anlat\u0131s\u0327lar\u0131n\u0131 c\u0327arp\u0131c\u0131 bic\u0327imde sergiliyor. I\u0307yon Denizi\u2019ndeki adalardan I\u0307rlanda\u2019ya, Amerika\u2019dan Japonya\u2019ya du\u0308nyan\u0131n farkl\u0131 ko\u0308s\u0327elerindeki kad\u0131nlar\u0131n esaret alt\u0131na al\u0131n\u0131s\u0327\u0131n\u0131, buralardaki toplumsal yap\u0131lar\u0131 patriyarka, cinsiyet, \u0131rk, ko\u0308lelik, s\u0131n\u0131f, yemek ku\u0308ltu\u0308ru\u0308 ve bas\u0327ka incelikli detaylarla c\u0327arp\u0131c\u0131 bic\u0327imde is\u0327leyen En Tatl\u0131 Meyveler o\u0308zenle aras\u0327t\u0131r\u0131lm\u0131s\u0327, zekice yaz\u0131lm\u0131s\u0327, masals\u0131 bir roman&#8230; \u201cMonique Truong, tarihin d\u0131s\u0327\u0131nda b\u0131rak\u0131lm\u0131s\u0327 cesur, gu\u0308c\u0327lu\u0308 kad\u0131nlara hayat veriyor (&#8230;) Bunu yaparken, Hearn\u2019u\u0308 ku\u0308c\u0327u\u0308ltmek yerine insaniles\u0327tiriyor. (&#8230;) Dickinson\u2019\u0131n yazd\u0131g\u0306\u0131 gibi, \u2018gerc\u0327eg\u0306in muhtes\u0327em su\u0308rprizini\u2019 &#8211; tu\u0308m meyvelerin en tatl\u0131s\u0131n\u0131 ortaya c\u0327\u0131karmak ic\u0327in.\u201d World Literature Today \u201c[Truong] s\u0131ra d\u0131s\u0327\u0131 bir adam\u0131 seven u\u0308c\u0327 kad\u0131n\u0131n s\u0131ra d\u0131s\u0327\u0131 bir adam\u0131 seven \u00fc\u00e7 kad\u0131n\u0131n s\u0131ra d\u0131\u015f\u0131 hayatlar\u0131n\u0131 hayal ediyor (&#8230;)\u201d Kirkus Reviews <\/p>\n","protected":false},"excerpt":{"rendered":"<p>Monique Truong, gerc\u0327ek ve hayal gu\u0308cu\u0308nu\u0308 yenilikc\u0327i bir anlat\u0131m tarz\u0131yla muhtes\u0327em bic\u0327imde harmanlayarak, hayat\u0131na girmis\u0327 kad\u0131nlar\u0131n go\u0308zu\u0308nden u\u0308nlu\u0308 yazar Lafcadio Hearn\u2019u\u0308n yas\u0327am\u0131n\u0131 ve as\u0327klar\u0131n\u0131 anlat\u0131yor. As\u0327k,<span class=\"excerpt-hellip\"> [\u2026]<\/span><\/p>\n","protected":false},"featured_media":0,"template":"","meta":{"_monsterinsights_skip_tracking":false,"_monsterinsights_sitenote_active":false,"_monsterinsights_sitenote_note":"","_monsterinsights_sitenote_category":0},"product_brand":[],"product_cat":[12291,12711],"product_tag":[],"class_list":{"0":"post-752560","1":"product","2":"type-product","3":"status-publish","5":"product_cat-edebiyat","6":"product_cat-roman-oyku","7":"pa_cilt-ciltsiz","8":"pa_tur-kitap","9":"pa_yayinevi-iletisim-yayinlari","10":"pa_yazar-monique-truong","12":"first","13":"instock","14":"sale","15":"shipping-taxable","16":"purchasable","17":"product-type-simple"},"_links":{"self":[{"href":"https:\/\/roveyayinevi.com.tr\/index.php\/wp-json\/wp\/v2\/product\/752560","targetHints":{"allow":["GET"]}}],"collection":[{"href":"https:\/\/roveyayinevi.com.tr\/index.php\/wp-json\/wp\/v2\/product"}],"about":[{"href":"https:\/\/roveyayinevi.com.tr\/index.php\/wp-json\/wp\/v2\/types\/product"}],"wp:attachment":[{"href":"https:\/\/roveyayinevi.com.tr\/index.php\/wp-json\/wp\/v2\/media?parent=752560"}],"wp:term":[{"taxonomy":"product_brand","embeddable":true,"href":"https:\/\/roveyayinevi.com.tr\/index.php\/wp-json\/wp\/v2\/product_brand?post=752560"},{"taxonomy":"product_cat","embeddable":true,"href":"https:\/\/roveyayinevi.com.tr\/index.php\/wp-json\/wp\/v2\/product_cat?post=752560"},{"taxonomy":"product_tag","embeddable":true,"href":"https:\/\/roveyayinevi.com.tr\/index.php\/wp-json\/wp\/v2\/product_tag?post=752560"}],"curies":[{"name":"wp","href":"https:\/\/api.w.org\/{rel}","templated":true}]}}