{"id":752555,"date":"2025-08-28T05:19:04","date_gmt":"2025-08-28T02:19:04","guid":{"rendered":"https:\/\/roveyayinevi.com.tr\/index.php\/urun\/insan-ticareti-gercegi\/"},"modified":"2026-04-16T03:05:57","modified_gmt":"2026-04-16T00:05:57","slug":"insan-ticareti-gercegi","status":"publish","type":"product","link":"https:\/\/roveyayinevi.com.tr\/index.php\/urun\/insan-ticareti-gercegi\/","title":{"rendered":"\u0130nsan Ticareti Ger\u00e7e\u011fi"},"content":{"rendered":"<p>\u0130nsan ticareti asl\u0131nda yan yana gelmemesi gereken iki kelime. \u0130nsan\u0131 insan yapan d\u00fc\u015f\u00fcnme, sorgulama becerisi, akl\u0131 de\u011fil midir zaten? K\u00e2inatta sadece insana verilen bu yetene\u011fin insandan zorla al\u0131nmas\u0131 insan\u0131n algoritmas\u0131na hem ters hem de ahlaki olmayan bir durumdur.   Bir g\u00fcn \u00e7aresiz oldu\u011funuz bir durumda bir ba\u015fkas\u0131 sizin yerinize d\u00fc\u015f\u00fcn\u00fcyor, sorguluyor ve karar al\u0131yor hem de hi\u00e7 istemedi\u011finiz kararlar\u0131 al\u0131yor ve bu kararlar\u0131 size zorla uygulatt\u0131r\u0131yor. Kula\u011fa ve kalbe ne kadar k\u00f6t\u00fc gelse de maalesef d\u00fcnya \u00fczerinde binlerce insan, insan ticareti ma\u011fduru oluyor. Dr. G\u00fcng\u00f6r \u00c7abuk y\u0131llard\u0131r, adanm\u0131\u015f\u00e7as\u0131na insan ticareti ma\u011fdurlar\u0131 ile \u00e7al\u0131\u015f\u0131p, bir ki\u015fiyi bile kurtarman\u0131n ve kurtaracak olman\u0131n \u00fcmidini ta\u015f\u0131yan bir sava\u015f\u00e7\u0131. \u00c7abuk\u2019un yapt\u0131\u011f\u0131 uygulamalar, insan ticareti ger\u00e7e\u011fini anlamak i\u00e7in de\u011ferli bir \u00e7er\u00e7eve sunuyor. <\/p>\n","protected":false},"excerpt":{"rendered":"<p>\u0130nsan ticareti asl\u0131nda yan yana gelmemesi gereken iki kelime. \u0130nsan\u0131 insan yapan d\u00fc\u015f\u00fcnme, sorgulama becerisi, akl\u0131 de\u011fil midir zaten? K\u00e2inatta sadece insana verilen bu yetene\u011fin insandan<span class=\"excerpt-hellip\"> [\u2026]<\/span><\/p>\n","protected":false},"featured_media":0,"template":"","meta":{"_monsterinsights_skip_tracking":false,"_monsterinsights_sitenote_active":false,"_monsterinsights_sitenote_note":"","_monsterinsights_sitenote_category":0},"product_brand":[],"product_cat":[12324],"product_tag":[],"class_list":{"0":"post-752555","1":"product","2":"type-product","3":"status-publish","5":"product_cat-sosyoloji","6":"pa_cilt-ciltsiz","7":"pa_tur-kitap","8":"pa_yayinevi-nika-yayinevi","9":"pa_yazar-gungor-cabuk","11":"first","12":"instock","13":"sale","14":"shipping-taxable","15":"purchasable","16":"product-type-simple"},"_links":{"self":[{"href":"https:\/\/roveyayinevi.com.tr\/index.php\/wp-json\/wp\/v2\/product\/752555","targetHints":{"allow":["GET"]}}],"collection":[{"href":"https:\/\/roveyayinevi.com.tr\/index.php\/wp-json\/wp\/v2\/product"}],"about":[{"href":"https:\/\/roveyayinevi.com.tr\/index.php\/wp-json\/wp\/v2\/types\/product"}],"wp:attachment":[{"href":"https:\/\/roveyayinevi.com.tr\/index.php\/wp-json\/wp\/v2\/media?parent=752555"}],"wp:term":[{"taxonomy":"product_brand","embeddable":true,"href":"https:\/\/roveyayinevi.com.tr\/index.php\/wp-json\/wp\/v2\/product_brand?post=752555"},{"taxonomy":"product_cat","embeddable":true,"href":"https:\/\/roveyayinevi.com.tr\/index.php\/wp-json\/wp\/v2\/product_cat?post=752555"},{"taxonomy":"product_tag","embeddable":true,"href":"https:\/\/roveyayinevi.com.tr\/index.php\/wp-json\/wp\/v2\/product_tag?post=752555"}],"curies":[{"name":"wp","href":"https:\/\/api.w.org\/{rel}","templated":true}]}}