{"id":752551,"date":"2025-08-28T05:18:58","date_gmt":"2025-08-28T02:18:58","guid":{"rendered":"https:\/\/roveyayinevi.com.tr\/index.php\/urun\/ovacik\/"},"modified":"2026-01-29T03:40:05","modified_gmt":"2026-01-29T00:40:05","slug":"ovacik","status":"publish","type":"product","link":"https:\/\/roveyayinevi.com.tr\/index.php\/urun\/ovacik\/","title":{"rendered":"Ovac\u0131k"},"content":{"rendered":"<p>Co\u011frafi olarak Dersim\u2019in g\u00f6rece \u201ckenarda kalm\u0131\u015f\u201d par\u00e7alar\u0131ndan biri olan Ovac\u0131k, Erzincan ile Elaz\u0131\u011f gibi \u015fehirleraras\u0131 bir yol \u00fczerinde olmad\u0131\u011f\u0131 i\u00e7in, ge\u00e7ince g\u00f6r\u00fclebilecek bir konumda de\u011fildir. Dolay\u0131s\u0131yla \u00f6zel olarak ziyaret edilmesi gereken bir yerdir. Co\u011frafi olarak \u201ckenarda\u201d kalsa da kutsiyet atfedilen mek\u00e2nlar\u0131, do\u011fas\u0131na i\u00e7kin bitki-canl\u0131 \u00e7e\u015fitlili\u011fi ve Osmanl\u0131\u2019dan bug\u00fcne devlet m\u00fcdahaleleri bak\u0131m\u0131ndan siyasal ve toplumsal ilginin tam merkezinde yer alm\u0131\u015ft\u0131r. Seyit R\u0131za Ovac\u0131kl\u0131d\u0131r. Ko\u00e7girili Ali\u015fer, 1921\u2019den \u00f6ld\u00fcr\u00fcld\u00fc\u011f\u00fc 1937\u2019ye kadar Ovac\u0131k\u2019ta ya\u015fam\u0131\u015ft\u0131r. \u201cDersim\u2019in Kay\u0131p K\u0131zlar\u0131\u201d belgeseline konu olan Huriye Aslan ve Fatma \u0130cin Ovac\u0131kl\u0131d\u0131r. T\u00fcrkiye\u2019nin sol-sosyalist gelene\u011finin baz\u0131 lider isimleri bu co\u011frafyadan \u00e7\u0131km\u0131\u015ft\u0131r. S\u00f6zc\u00fc\u011f\u00fcn ger\u00e7ek anlam\u0131nda d\u00fcnyan\u0131n en g\u00fczel ve en kah\u0131rl\u0131 co\u011frafyalar\u0131ndan biridir Ovac\u0131k. Bu kitapta, \u00f6ns\u00f6z ve sunu\u015f yaz\u0131s\u0131 d\u0131\u015f\u0131nda 4 ana b\u00f6l\u00fcmde, toplam 39 yaz\u0131da Ovac\u0131k\u2019\u0131n tarihi, k\u00fclt\u00fcr\u00fc, \u00e7evre sorunlar\u0131, inan\u00e7lar\u0131 anlat\u0131lmaktad\u0131r. Bu b\u00f6l\u00fcmler, \u201c\u00c7evre, Do\u011fa ve Ekoloji\u201d; \u201cTarih, Demografi, E\u011fitim ve Politika\u201d; \u201cMek\u00e2n, Ekonomi, K\u00fclt\u00fcr, Kimlik ve \u0130nan\u00e7lar\u201d; \u201c\u0130\u00e7eride ve D\u0131\u015far\u0131da: Tan\u0131kl\u0131klar\u2013Hat\u0131ralar\u201d ana ba\u015fl\u0131klar\u0131 alt\u0131nda yer almaktad\u0131r&#8230;. <\/p>\n","protected":false},"excerpt":{"rendered":"<p>Co\u011frafi olarak Dersim\u2019in g\u00f6rece \u201ckenarda kalm\u0131\u015f\u201d par\u00e7alar\u0131ndan biri olan Ovac\u0131k, Erzincan ile Elaz\u0131\u011f gibi \u015fehirleraras\u0131 bir yol \u00fczerinde olmad\u0131\u011f\u0131 i\u00e7in, ge\u00e7ince g\u00f6r\u00fclebilecek bir konumda de\u011fildir. Dolay\u0131s\u0131yla<span class=\"excerpt-hellip\"> [\u2026]<\/span><\/p>\n","protected":false},"featured_media":0,"template":"","meta":{"_monsterinsights_skip_tracking":false,"_monsterinsights_sitenote_active":false,"_monsterinsights_sitenote_note":"","_monsterinsights_sitenote_category":0},"product_brand":[],"product_cat":[12324],"product_tag":[],"class_list":{"0":"post-752551","1":"product","2":"type-product","3":"status-publish","5":"product_cat-sosyoloji","6":"pa_cilt-ciltsiz","7":"pa_tur-kitap","8":"pa_yayinevi-utopya-yayinevi","9":"pa_yazar-kolektif","11":"first","12":"instock","13":"sale","14":"shipping-taxable","15":"purchasable","16":"product-type-simple"},"_links":{"self":[{"href":"https:\/\/roveyayinevi.com.tr\/index.php\/wp-json\/wp\/v2\/product\/752551","targetHints":{"allow":["GET"]}}],"collection":[{"href":"https:\/\/roveyayinevi.com.tr\/index.php\/wp-json\/wp\/v2\/product"}],"about":[{"href":"https:\/\/roveyayinevi.com.tr\/index.php\/wp-json\/wp\/v2\/types\/product"}],"wp:attachment":[{"href":"https:\/\/roveyayinevi.com.tr\/index.php\/wp-json\/wp\/v2\/media?parent=752551"}],"wp:term":[{"taxonomy":"product_brand","embeddable":true,"href":"https:\/\/roveyayinevi.com.tr\/index.php\/wp-json\/wp\/v2\/product_brand?post=752551"},{"taxonomy":"product_cat","embeddable":true,"href":"https:\/\/roveyayinevi.com.tr\/index.php\/wp-json\/wp\/v2\/product_cat?post=752551"},{"taxonomy":"product_tag","embeddable":true,"href":"https:\/\/roveyayinevi.com.tr\/index.php\/wp-json\/wp\/v2\/product_tag?post=752551"}],"curies":[{"name":"wp","href":"https:\/\/api.w.org\/{rel}","templated":true}]}}