{"id":752550,"date":"2025-08-28T05:18:57","date_gmt":"2025-08-28T02:18:57","guid":{"rendered":"https:\/\/roveyayinevi.com.tr\/index.php\/urun\/turkiyenin-anarsisti-bir-cynique\/"},"modified":"2026-01-29T03:40:05","modified_gmt":"2026-01-29T00:40:05","slug":"turkiyenin-anarsisti-bir-cynique","status":"publish","type":"product","link":"https:\/\/roveyayinevi.com.tr\/index.php\/urun\/turkiyenin-anarsisti-bir-cynique\/","title":{"rendered":"T\u00fcrkiye\u2019nin Anar\u015fisti: Bir Cynique"},"content":{"rendered":"<p>Kadir Cang\u0131zbay\u2019la yolumuz Y\u00d6K\u2019le Gazi \u00dcniversitesi\u2019ne d\u00f6n\u00fc\u015ft\u00fcr\u00fclen Ankara \u0130ktisadi ve \u0130dari Bilimler Akademisi\u2019nde sosyoloji asistan\u0131 oldu\u011fu, \u00f6zy\u00f6netim \u00fczerine tez \u00e7al\u0131\u015fmas\u0131 yapt\u0131\u011f\u0131 zamana rastl\u0131yor. \u00d6zg\u00fcr \u00dcniversite kurulduktan (1992) sonra ili\u015fkimiz daha da yo\u011funla\u015ft\u0131&#8230; \u00d6zg\u00fcr \u00dcniversite\u2019de d\u00fczenli dersler verdi, seminerlere kat\u0131ld\u0131, konferanslar verdi, \u00d6zg\u00fcr \u00dcniversite Forumu dergimizde yaz\u0131lar\u0131 yay\u0131nland\u0131&#8230; T\u00fcrkiye\u2019de sosyal d\u00fc\u015f\u00fcnce, resm\u00ee tarih, resm\u00ee ideoloji ve Avrupa-merkezli ideolojik yabanc\u0131la\u015fma taraf\u0131ndan ku\u015fat\u0131lm\u0131\u015f durumdad\u0131r ki, bu durum \u015feylerin ger\u00e7e\u011fine n\u00fcfuz etmeyi zorla\u015ft\u0131r\u0131yor. Kadir Cang\u0131zbay, resm\u00ee tarihin ve resm\u00ee ideolojinin tahribat\u0131n\u0131n fark\u0131ndad\u0131r&#8230; Ger\u00e7ek bir entelekt\u00fceldir&#8230; Sanki \u2018\u00e7\u00f6ldeki vaha\u2019d\u0131r&#8230; \u015eeylerin ger\u00e7e\u011fine n\u00fcfuz etme yetene\u011fi y\u00fcksek, de\u011ferli bir dostumdur. Meram\u0131n\u0131 laf\u0131 doland\u0131rmadan anlatabilendir&#8230; Keskin bir zek\u00e2ya ve g\u00f6zlem yetene\u011fine sahiptir&#8230; S\u00f6ylenmesi gerekeni gerekti\u011fi gibi ifade edendir&#8230; Bilim namusuna ve entelekt\u00fcel d\u00fcr\u00fcstl\u00fc\u011fe sahiptir&#8230; Sa\u011fol-varol de\u011ferli dostum&#8230; Mete K. Kaynar dostumuzu b\u00f6yle bir esere imza att\u0131\u011f\u0131 i\u00e7in kutluyorum&#8230; Asl\u0131nda elinizdeki bu kitap, Cang\u0131zbay\u2019a minnet borcumuzun bir ni\u015fanesidir&#8230; Fikret Ba\u015fkaya<\/p>\n","protected":false},"excerpt":{"rendered":"<p>Kadir Cang\u0131zbay\u2019la yolumuz Y\u00d6K\u2019le Gazi \u00dcniversitesi\u2019ne d\u00f6n\u00fc\u015ft\u00fcr\u00fclen Ankara \u0130ktisadi ve \u0130dari Bilimler Akademisi\u2019nde sosyoloji asistan\u0131 oldu\u011fu, \u00f6zy\u00f6netim \u00fczerine tez \u00e7al\u0131\u015fmas\u0131 yapt\u0131\u011f\u0131 zamana rastl\u0131yor. \u00d6zg\u00fcr \u00dcniversite kurulduktan<span class=\"excerpt-hellip\"> [\u2026]<\/span><\/p>\n","protected":false},"featured_media":0,"template":"","meta":{"_monsterinsights_skip_tracking":false,"_monsterinsights_sitenote_active":false,"_monsterinsights_sitenote_note":"","_monsterinsights_sitenote_category":0},"product_brand":[],"product_cat":[12324],"product_tag":[],"class_list":{"0":"post-752550","1":"product","2":"type-product","3":"status-publish","5":"product_cat-sosyoloji","6":"pa_cilt-ciltsiz","7":"pa_tur-kitap","8":"pa_yayinevi-utopya-yayinevi","9":"pa_yazar-mete-kaan-kaynar-haz","11":"first","12":"instock","13":"sale","14":"shipping-taxable","15":"purchasable","16":"product-type-simple"},"_links":{"self":[{"href":"https:\/\/roveyayinevi.com.tr\/index.php\/wp-json\/wp\/v2\/product\/752550","targetHints":{"allow":["GET"]}}],"collection":[{"href":"https:\/\/roveyayinevi.com.tr\/index.php\/wp-json\/wp\/v2\/product"}],"about":[{"href":"https:\/\/roveyayinevi.com.tr\/index.php\/wp-json\/wp\/v2\/types\/product"}],"wp:attachment":[{"href":"https:\/\/roveyayinevi.com.tr\/index.php\/wp-json\/wp\/v2\/media?parent=752550"}],"wp:term":[{"taxonomy":"product_brand","embeddable":true,"href":"https:\/\/roveyayinevi.com.tr\/index.php\/wp-json\/wp\/v2\/product_brand?post=752550"},{"taxonomy":"product_cat","embeddable":true,"href":"https:\/\/roveyayinevi.com.tr\/index.php\/wp-json\/wp\/v2\/product_cat?post=752550"},{"taxonomy":"product_tag","embeddable":true,"href":"https:\/\/roveyayinevi.com.tr\/index.php\/wp-json\/wp\/v2\/product_tag?post=752550"}],"curies":[{"name":"wp","href":"https:\/\/api.w.org\/{rel}","templated":true}]}}