{"id":752549,"date":"2025-08-28T05:18:57","date_gmt":"2025-08-28T02:18:57","guid":{"rendered":"https:\/\/roveyayinevi.com.tr\/index.php\/urun\/cocuk-korumanin-temel-ilkeleri\/"},"modified":"2026-01-29T03:40:05","modified_gmt":"2026-01-29T00:40:05","slug":"cocuk-korumanin-temel-ilkeleri","status":"publish","type":"product","link":"https:\/\/roveyayinevi.com.tr\/index.php\/urun\/cocuk-korumanin-temel-ilkeleri\/","title":{"rendered":"\u00c7ocuk Koruman\u0131n Temel \u0130lkeleri"},"content":{"rendered":"<p>\u00c7ocuk ya da \u00e7ocukluk \u00fczerine konu\u015fmaya ba\u015flan\u0131ld\u0131\u011f\u0131nda; hemen hemen t\u00fcm toplumlarda ve de t\u00fcm ge\u00e7mi\u015f zamanlarda akla gelen \u015feylerin en ba\u015f\u0131nda \u201cmasallar\u201d gelmektedir. Masallar efsanelerle dolu, konu\u015famayanlar\u0131n konu\u015ftu\u011fu, duyamayanlar\u0131n duydu\u011fu ve g\u00f6remeyenlerin g\u00f6rd\u00fc\u011f\u00fc adeta ba\u015fka bir d\u00fcnyan\u0131n ya da zaman\u0131n ifadesidir. Bir t\u00fcr b\u00fcy\u00fclenmedir. \u00d6yleyse \u00e7ocukluk insan\u0131n bir t\u00fcr b\u00fcy\u00fclenme ya\u015fad\u0131\u011f\u0131 en \u00f6zel ve en \u00f6nemli geli\u015fimsel d\u00f6nemidir demek yanl\u0131\u015f olmaz. Bu kitapta, \u00e7ocuk kimdir sorusu ile ba\u015flayan yolculuk \u00e7ocuk koruman\u0131n ne ve nas\u0131l olmas\u0131 gereklili\u011fi \u00fczerine bir rehber olmay\u0131 ama\u00e7lam\u0131\u015ft\u0131r. \u00c7ocuklar\u0131n neden korunmas\u0131 gerekti\u011fi ancak \u00e7ocuk ve \u00e7ocuklu\u011fun anla\u015f\u0131lmas\u0131yla m\u00fcmk\u00fcn olabilir. Her \u00e7ocu\u011fun sa\u011fl\u0131kl\u0131, g\u00fcvenli ve e\u015fit bir \u015fekilde haklar\u0131na eri\u015ferek ya\u015fama, b\u00fcy\u00fcme ve geli\u015fme hakk\u0131 vard\u0131r. Bu haklar\u0131n sa\u011flanabilmesi i\u00e7in de \u00e7ocuklar\u0131n bu s\u00fcre\u00e7lere kat\u0131l\u0131m haklar\u0131 olmal\u0131d\u0131r. T\u00fcm bu s\u00fcrecin de \u00e7ocu\u011fun iyi olma hali perspektifinden sa\u011flanabilmesi \u00fczerine \u00e7ocuklar\u0131n her t\u00fcrl\u00fc riske ve zarara kar\u015f\u0131 korunma haklar\u0131 vard\u0131r. D\u00fcnyadaki t\u00fcm yeti\u015fkinler ve kurumlar \u00e7ocuklar\u0131n korunmas\u0131ndan sorumlu ve y\u00fck\u00fcml\u00fcd\u00fcr. Kitab\u0131n t\u00fcm yeti\u015fkinlere, ebeveynlere, e\u011fitimcilere, \u00e7ocuk \u00e7al\u0131\u015fmalar\u0131 alan\u0131nda faaliyet g\u00f6steren sivil toplum \u00f6rg\u00fct\u00fc \u00e7al\u0131\u015fanlar\u0131na ve meslek elemanlar\u0131na bir rehber olmas\u0131 dile\u011fiyle&#8230; <\/p>\n","protected":false},"excerpt":{"rendered":"<p>\u00c7ocuk ya da \u00e7ocukluk \u00fczerine konu\u015fmaya ba\u015flan\u0131ld\u0131\u011f\u0131nda; hemen hemen t\u00fcm toplumlarda ve de t\u00fcm ge\u00e7mi\u015f zamanlarda akla gelen \u015feylerin en ba\u015f\u0131nda \u201cmasallar\u201d gelmektedir. Masallar efsanelerle dolu,<span class=\"excerpt-hellip\"> [\u2026]<\/span><\/p>\n","protected":false},"featured_media":0,"template":"","meta":{"_monsterinsights_skip_tracking":false,"_monsterinsights_sitenote_active":false,"_monsterinsights_sitenote_note":"","_monsterinsights_sitenote_category":0},"product_brand":[],"product_cat":[12357],"product_tag":[],"class_list":{"0":"post-752549","1":"product","2":"type-product","3":"status-publish","5":"product_cat-psikoloji","6":"pa_cilt-ciltsiz","7":"pa_tur-kitap","8":"pa_yayinevi-utopya-yayinevi","9":"pa_yazar-berivan-cite","11":"first","12":"instock","13":"sale","14":"shipping-taxable","15":"purchasable","16":"product-type-simple"},"_links":{"self":[{"href":"https:\/\/roveyayinevi.com.tr\/index.php\/wp-json\/wp\/v2\/product\/752549","targetHints":{"allow":["GET"]}}],"collection":[{"href":"https:\/\/roveyayinevi.com.tr\/index.php\/wp-json\/wp\/v2\/product"}],"about":[{"href":"https:\/\/roveyayinevi.com.tr\/index.php\/wp-json\/wp\/v2\/types\/product"}],"wp:attachment":[{"href":"https:\/\/roveyayinevi.com.tr\/index.php\/wp-json\/wp\/v2\/media?parent=752549"}],"wp:term":[{"taxonomy":"product_brand","embeddable":true,"href":"https:\/\/roveyayinevi.com.tr\/index.php\/wp-json\/wp\/v2\/product_brand?post=752549"},{"taxonomy":"product_cat","embeddable":true,"href":"https:\/\/roveyayinevi.com.tr\/index.php\/wp-json\/wp\/v2\/product_cat?post=752549"},{"taxonomy":"product_tag","embeddable":true,"href":"https:\/\/roveyayinevi.com.tr\/index.php\/wp-json\/wp\/v2\/product_tag?post=752549"}],"curies":[{"name":"wp","href":"https:\/\/api.w.org\/{rel}","templated":true}]}}