{"id":752548,"date":"2025-08-28T05:18:55","date_gmt":"2025-08-28T02:18:55","guid":{"rendered":"https:\/\/roveyayinevi.com.tr\/index.php\/urun\/tohumlarin-galaksi-yolculugu\/"},"modified":"2026-04-16T03:05:57","modified_gmt":"2026-04-16T00:05:57","slug":"tohumlarin-galaksi-yolculugu","status":"publish","type":"product","link":"https:\/\/roveyayinevi.com.tr\/index.php\/urun\/tohumlarin-galaksi-yolculugu\/","title":{"rendered":"Tohumlar\u0131n Galaksi Yolculu\u011fu"},"content":{"rendered":"<p>\u201cBuraya, ya\u015fad\u0131\u011f\u0131m Asteroid B612 ile ilgili bir sorunun \u00e7\u00f6z\u00fcm\u00fcn\u00fc bulmaya geldim. Asteroidimde baobab a\u011fa\u00e7lar\u0131 her yan\u0131 sard\u0131, di\u011fer canl\u0131lar\u0131n hepsi yok oldu\u2026\u201d K\u00fc\u00e7\u00fck Prens\u2019in gezegeni Asteroid B612 sadece baobab a\u011fa\u00e7lar\u0131yla kapl\u0131. Peki ya bu y\u00fczden asteroidin gelece\u011fi tehlikedeyse? K\u00fc\u00e7\u00fck Prens biricik evini kurtarmak i\u00e7in galakside \u00e7\u00f6z\u00fcm aramaya \u00e7\u0131k\u0131yor; Solucan T\u00fcnelleri\u2019nden ge\u00e7erek tohumlar, ar\u0131lar ve biyo\u00e7e\u015fitlilikle ilgili pek \u00e7ok ger\u00e7e\u011fi ke\u015ffediyor.   Usta yazar Mavisel Yener, Antoine de Saint-Exup\u00e9ry\u2019nin klasikle\u015fmi\u015f roman\u0131 ile metinler aras\u0131 ili\u015fki kurarak K\u00fc\u00e7\u00fck Prens\u2019i bamba\u015fka bir yolculu\u011fa \u00e7\u0131kar\u0131yor. \u201cTohumlar\u0131n Galaksi Yolculu\u011fu\u201d s\u0131rad\u0131\u015f\u0131 roman karakterleri ve kurgusuyla okurlar\u0131n\u0131 biyo\u00e7e\u015fitlilik, bitki \u00e7e\u015fitlili\u011fi, s\u00fcrd\u00fcr\u00fclebilirlik, ya\u015fam d\u00f6ng\u00fcs\u00fc, do\u011fal kaynaklar, \u00e7evre ve iklim konular\u0131nda d\u00fc\u015f\u00fcnd\u00fcrecek bir roman. Kitab\u0131n arka kapa\u011f\u0131ndaki karekodu telefon ya da tablete okutarak ula\u015f\u0131labilecek olan etkinlik kitap\u00e7\u0131\u011f\u0131, bu konularda daha fazlas\u0131n\u0131 \u00f6\u011frenmek isteyen okurlar\u0131 bekliyor. <\/p>\n","protected":false},"excerpt":{"rendered":"<p>\u201cBuraya, ya\u015fad\u0131\u011f\u0131m Asteroid B612 ile ilgili bir sorunun \u00e7\u00f6z\u00fcm\u00fcn\u00fc bulmaya geldim. Asteroidimde baobab a\u011fa\u00e7lar\u0131 her yan\u0131 sard\u0131, di\u011fer canl\u0131lar\u0131n hepsi yok oldu\u2026\u201d K\u00fc\u00e7\u00fck Prens\u2019in gezegeni Asteroid<span class=\"excerpt-hellip\"> [\u2026]<\/span><\/p>\n","protected":false},"featured_media":0,"template":"","meta":{"_monsterinsights_skip_tracking":false,"_monsterinsights_sitenote_active":false,"_monsterinsights_sitenote_note":"","_monsterinsights_sitenote_category":0},"product_brand":[],"product_cat":[12275,12274],"product_tag":[],"class_list":{"0":"post-752548","1":"product","2":"type-product","3":"status-publish","5":"product_cat-6-12-yas-kitaplari","6":"product_cat-cocuk-ve-genclik-kitaplari","7":"pa_cilt-ciltsiz","8":"pa_tur-kitap","9":"pa_yayinevi-redhouse-kidz-yayinlari","10":"pa_yazar-mavisel-yener","12":"first","13":"instock","14":"sale","15":"shipping-taxable","16":"purchasable","17":"product-type-simple"},"_links":{"self":[{"href":"https:\/\/roveyayinevi.com.tr\/index.php\/wp-json\/wp\/v2\/product\/752548","targetHints":{"allow":["GET"]}}],"collection":[{"href":"https:\/\/roveyayinevi.com.tr\/index.php\/wp-json\/wp\/v2\/product"}],"about":[{"href":"https:\/\/roveyayinevi.com.tr\/index.php\/wp-json\/wp\/v2\/types\/product"}],"wp:attachment":[{"href":"https:\/\/roveyayinevi.com.tr\/index.php\/wp-json\/wp\/v2\/media?parent=752548"}],"wp:term":[{"taxonomy":"product_brand","embeddable":true,"href":"https:\/\/roveyayinevi.com.tr\/index.php\/wp-json\/wp\/v2\/product_brand?post=752548"},{"taxonomy":"product_cat","embeddable":true,"href":"https:\/\/roveyayinevi.com.tr\/index.php\/wp-json\/wp\/v2\/product_cat?post=752548"},{"taxonomy":"product_tag","embeddable":true,"href":"https:\/\/roveyayinevi.com.tr\/index.php\/wp-json\/wp\/v2\/product_tag?post=752548"}],"curies":[{"name":"wp","href":"https:\/\/api.w.org\/{rel}","templated":true}]}}