{"id":752547,"date":"2025-08-28T05:18:53","date_gmt":"2025-08-28T02:18:53","guid":{"rendered":"https:\/\/roveyayinevi.com.tr\/index.php\/urun\/kimse-sana-inanmaz\/"},"modified":"2026-04-16T03:05:57","modified_gmt":"2026-04-16T00:05:57","slug":"kimse-sana-inanmaz","status":"publish","type":"product","link":"https:\/\/roveyayinevi.com.tr\/index.php\/urun\/kimse-sana-inanmaz\/","title":{"rendered":"Kimse Sana \u0130nanmaz"},"content":{"rendered":"<p>Ger\u00e7e\u011fi \u00f6\u011freneceksin ve ger\u00e7ek seni \u00f6zg\u00fcr k\u0131lacak.   Stephanie Maddox son yirmi y\u0131l\u0131n\u0131 kendisi gibi kurbanlar\u0131 korumaya adam\u0131\u015f bir FBI ajan\u0131d\u0131r. Bir daha asla kurban olmamak i\u00e7in gereken t\u00fcm fedak\u00e2rl\u0131klar\u0131 yapm\u0131\u015f, sonunda insanlar\u0131n hayat\u0131nda fark yaratabilece\u011fi bir konuma gelmi\u015ftir. Kimi zaman bu fedak\u00e2rl\u0131k o\u011fluyla olan ili\u015fkisini de kapsamas\u0131na ra\u011fmen o g\u00fcne kadar ilkelerinden taviz vermemi\u015ftir. Ancak i\u00e7ine \u00e7ekildi\u011fi, \u00fclkenin en y\u00fcksek makamlar\u0131na kadar ula\u015fan ac\u0131mas\u0131z bir komplo, Stephanie\u2019yi \u00f6nceliklerini tekrar d\u00fc\u015f\u00fcnmeye zorlayacak ve o\u011flu da dahil tan\u0131d\u0131\u011f\u0131n\u0131 ve bildi\u011fini d\u00fc\u015f\u00fcnd\u00fc\u011f\u00fc her \u015feyi test edecektir. Bir annenin o\u011flunu korumak i\u00e7in ne kadar ileriye gidebilece\u011fini ve neleri g\u00f6ze alabilece\u011fini g\u00f6steren bu roman, beklenmedik sonuyla sizi sarsacak. <\/p>\n","protected":false},"excerpt":{"rendered":"<p>Ger\u00e7e\u011fi \u00f6\u011freneceksin ve ger\u00e7ek seni \u00f6zg\u00fcr k\u0131lacak. Stephanie Maddox son yirmi y\u0131l\u0131n\u0131 kendisi gibi kurbanlar\u0131 korumaya adam\u0131\u015f bir FBI ajan\u0131d\u0131r. Bir daha asla kurban olmamak i\u00e7in<span class=\"excerpt-hellip\"> [\u2026]<\/span><\/p>\n","protected":false},"featured_media":0,"template":"","meta":{"_monsterinsights_skip_tracking":false,"_monsterinsights_sitenote_active":false,"_monsterinsights_sitenote_note":"","_monsterinsights_sitenote_category":0},"product_brand":[],"product_cat":[12291,12711],"product_tag":[],"class_list":{"0":"post-752547","1":"product","2":"type-product","3":"status-publish","5":"product_cat-edebiyat","6":"product_cat-roman-oyku","7":"pa_cilt-ciltsiz","8":"pa_tur-kitap","9":"pa_yayinevi-epsilon-yayinlari","10":"pa_yazar-karen-cleveland","12":"first","13":"instock","14":"sale","15":"shipping-taxable","16":"purchasable","17":"product-type-simple"},"_links":{"self":[{"href":"https:\/\/roveyayinevi.com.tr\/index.php\/wp-json\/wp\/v2\/product\/752547","targetHints":{"allow":["GET"]}}],"collection":[{"href":"https:\/\/roveyayinevi.com.tr\/index.php\/wp-json\/wp\/v2\/product"}],"about":[{"href":"https:\/\/roveyayinevi.com.tr\/index.php\/wp-json\/wp\/v2\/types\/product"}],"wp:attachment":[{"href":"https:\/\/roveyayinevi.com.tr\/index.php\/wp-json\/wp\/v2\/media?parent=752547"}],"wp:term":[{"taxonomy":"product_brand","embeddable":true,"href":"https:\/\/roveyayinevi.com.tr\/index.php\/wp-json\/wp\/v2\/product_brand?post=752547"},{"taxonomy":"product_cat","embeddable":true,"href":"https:\/\/roveyayinevi.com.tr\/index.php\/wp-json\/wp\/v2\/product_cat?post=752547"},{"taxonomy":"product_tag","embeddable":true,"href":"https:\/\/roveyayinevi.com.tr\/index.php\/wp-json\/wp\/v2\/product_tag?post=752547"}],"curies":[{"name":"wp","href":"https:\/\/api.w.org\/{rel}","templated":true}]}}