{"id":752546,"date":"2025-08-28T05:18:51","date_gmt":"2025-08-28T02:18:51","guid":{"rendered":"https:\/\/roveyayinevi.com.tr\/index.php\/urun\/ataturkten-secme-oykuler\/"},"modified":"2026-04-16T03:05:57","modified_gmt":"2026-04-16T00:05:57","slug":"ataturkten-secme-oykuler","status":"publish","type":"product","link":"https:\/\/roveyayinevi.com.tr\/index.php\/urun\/ataturkten-secme-oykuler\/","title":{"rendered":"Atat\u00fcrk\u2019ten Se\u00e7me \u00d6yk\u00fcler"},"content":{"rendered":"<p>Mustafa Kemal  Atat\u00fcrk\u2019\u00fcn an\u0131lar\u0131ndan se\u00e7me hik\u00e2yeleri bir araya getiren bu kitap, Ulu \u00d6nder\u2019i anlaman\u0131n ve anlatman\u0131n en keyifli yollar\u0131ndan biri. \u00d6yle ki,kitab\u0131 okurken zaman zaman tebess\u00fcm edecek, zaman zaman h\u00fcz\u00fcnleneceksiniz. \u0130\u00e7inde d\u00f6neme ait foto\u011fraflar da bulabilece\u011finiz bu kitap, her hik\u00e2yede Atat\u00fcrk\u2019 \u00fcn farkl\u0131 bir y\u00f6n\u00fcn\u00fc ke\u015ffedebilece\u011finiz, 7\u2019den 70\u2019e herkesin mutlaka okumas\u0131 gereken bir derleme.<\/p>\n","protected":false},"excerpt":{"rendered":"<p>Mustafa Kemal Atat\u00fcrk\u2019\u00fcn an\u0131lar\u0131ndan se\u00e7me hik\u00e2yeleri bir araya getiren bu kitap, Ulu \u00d6nder\u2019i anlaman\u0131n ve anlatman\u0131n en keyifli yollar\u0131ndan biri. \u00d6yle ki,kitab\u0131 okurken zaman zaman tebess\u00fcm<span class=\"excerpt-hellip\"> [\u2026]<\/span><\/p>\n","protected":false},"featured_media":0,"template":"","meta":{"_monsterinsights_skip_tracking":false,"_monsterinsights_sitenote_active":false,"_monsterinsights_sitenote_note":"","_monsterinsights_sitenote_category":0},"product_brand":[],"product_cat":[12274,12284],"product_tag":[],"class_list":{"0":"post-752546","1":"product","2":"type-product","3":"status-publish","5":"product_cat-cocuk-ve-genclik-kitaplari","6":"product_cat-hikayeler","7":"pa_cilt-ciltsiz","8":"pa_tur-kitap","9":"pa_yayinevi-masalperest","10":"pa_yazar-erdal-cakicioglu","12":"first","13":"instock","14":"sale","15":"shipping-taxable","16":"purchasable","17":"product-type-simple"},"_links":{"self":[{"href":"https:\/\/roveyayinevi.com.tr\/index.php\/wp-json\/wp\/v2\/product\/752546","targetHints":{"allow":["GET"]}}],"collection":[{"href":"https:\/\/roveyayinevi.com.tr\/index.php\/wp-json\/wp\/v2\/product"}],"about":[{"href":"https:\/\/roveyayinevi.com.tr\/index.php\/wp-json\/wp\/v2\/types\/product"}],"wp:attachment":[{"href":"https:\/\/roveyayinevi.com.tr\/index.php\/wp-json\/wp\/v2\/media?parent=752546"}],"wp:term":[{"taxonomy":"product_brand","embeddable":true,"href":"https:\/\/roveyayinevi.com.tr\/index.php\/wp-json\/wp\/v2\/product_brand?post=752546"},{"taxonomy":"product_cat","embeddable":true,"href":"https:\/\/roveyayinevi.com.tr\/index.php\/wp-json\/wp\/v2\/product_cat?post=752546"},{"taxonomy":"product_tag","embeddable":true,"href":"https:\/\/roveyayinevi.com.tr\/index.php\/wp-json\/wp\/v2\/product_tag?post=752546"}],"curies":[{"name":"wp","href":"https:\/\/api.w.org\/{rel}","templated":true}]}}