{"id":752542,"date":"2025-08-28T05:18:46","date_gmt":"2025-08-28T02:18:46","guid":{"rendered":"https:\/\/roveyayinevi.com.tr\/index.php\/urun\/terapi-odasinda-neler-oluyor\/"},"modified":"2026-04-16T03:05:57","modified_gmt":"2026-04-16T00:05:57","slug":"terapi-odasinda-neler-oluyor","status":"publish","type":"product","link":"https:\/\/roveyayinevi.com.tr\/index.php\/urun\/terapi-odasinda-neler-oluyor\/","title":{"rendered":"Terapi Odas\u0131nda Neler Oluyor?"},"content":{"rendered":"<p>Terapi, hayatta yolumuzu bulmam\u0131za yard\u0131m eden bir ara\u00e7t\u0131r. Psikoterapi, kendimizi ve hayat\u0131n bizim i\u00e7in ne anlam ifade etti\u011fini anlamay\u0131, kendimiz olmay\u0131 \u00f6\u011frenmeyi ve \u015fartlanmalar\u0131m\u0131zdan \u00f6zg\u00fcrle\u015fmeyi ama\u00e7lar. Psikoterapist, d\u00fc\u015f\u00fcncelerimiz ve hislerimizdeki d\u00fc\u011f\u00fcmleri \u00e7\u00f6zmemize yard\u0131mc\u0131 olan bir rehberdir. Terapi bize kendimiz hakk\u0131nda bir \u015feyler \u00f6\u011frenme f\u0131rsat\u0131 sunar ama \u00f6\u011frendiklerimizi hayata ta\u015f\u0131mak bize d\u00fc\u015fer. Yani terapi ile arabay\u0131 \u00e7al\u0131\u015ft\u0131rd\u0131ktan sonra arabay\u0131 s\u00fcrmek gerekir. Bu kitap, baz\u0131lar\u0131 i\u00e7in bir terapi alternatifi, baz\u0131lar\u0131 i\u00e7in terapinin yan\u0131nda bir destek, baz\u0131lar\u0131 i\u00e7in de kendi olma yolunda hayat boyu s\u00fcrecek bir geli\u015fim yolculu\u011funun ba\u015flang\u0131c\u0131 olacakt\u0131r. Derinlemesine bir de\u011fi\u015fim i\u00e7in tek yapmam\u0131z gereken, i\u00e7imizdeki ate\u015fi yakacak k\u0131v\u0131lc\u0131m\u0131 \u00e7akmakt\u0131r. Bir insan\u0131n hayat\u0131nda bu k\u0131v\u0131lc\u0131m\u0131n s\u0131kl\u0131kla &#8220;baz\u0131 s\u0131k\u0131nt\u0131lar olarak&#8221; tezah\u00fcr etmesi \u00fcz\u00fcc\u00fc ama yayg\u0131n bir ger\u00e7ektir. Daha da \u00fcz\u00fcc\u00fc olan, kim oldu\u011fumuza dair ger\u00e7e\u011fin aray\u0131\u015f\u0131 &#8220;zor geliyor&#8221; diye, fark\u0131nda olmadan bu k\u0131v\u0131lc\u0131m\u0131 yok etmek i\u00e7in u\u011fra\u015f\u0131yor olmam\u0131zd\u0131r. Prof. Stephen Joseph, bu kitapta insanlar\u0131n zor zamanlar ge\u00e7irdikten ve terapi odas\u0131nda saatlerini verdikten sonra sorduklar\u0131 sorular\u0131 ve verdikleri cevaplar\u0131 ele al\u0131yor. \u00d6nceliklerimizi ve bak\u0131\u015f a\u00e7\u0131m\u0131z\u0131 de\u011fi\u015ftirerek hayat\u0131m\u0131zda neye \u00f6nem verdi\u011fimize dayanan yeni bir dengeyi nas\u0131l kuraca\u011f\u0131m\u0131z\u0131 g\u00f6steriyor.<\/p>\n","protected":false},"excerpt":{"rendered":"<p>Terapi, hayatta yolumuzu bulmam\u0131za yard\u0131m eden bir ara\u00e7t\u0131r. Psikoterapi, kendimizi ve hayat\u0131n bizim i\u00e7in ne anlam ifade etti\u011fini anlamay\u0131, kendimiz olmay\u0131 \u00f6\u011frenmeyi ve \u015fartlanmalar\u0131m\u0131zdan \u00f6zg\u00fcrle\u015fmeyi ama\u00e7lar.<span class=\"excerpt-hellip\"> [\u2026]<\/span><\/p>\n","protected":false},"featured_media":0,"template":"","meta":{"_monsterinsights_skip_tracking":false,"_monsterinsights_sitenote_active":false,"_monsterinsights_sitenote_note":"","_monsterinsights_sitenote_category":0},"product_brand":[],"product_cat":[12364,12376],"product_tag":[],"class_list":{"0":"post-752542","1":"product","2":"type-product","3":"status-publish","5":"product_cat-genel-konular","6":"product_cat-kisisel-gelisim","7":"pa_cilt-ciltsiz","8":"pa_tur-kitap","9":"pa_yayinevi-kuraldisi-yayinevi","10":"pa_yazar-stephen-joseph","12":"first","13":"instock","14":"sale","15":"shipping-taxable","16":"purchasable","17":"product-type-simple"},"_links":{"self":[{"href":"https:\/\/roveyayinevi.com.tr\/index.php\/wp-json\/wp\/v2\/product\/752542","targetHints":{"allow":["GET"]}}],"collection":[{"href":"https:\/\/roveyayinevi.com.tr\/index.php\/wp-json\/wp\/v2\/product"}],"about":[{"href":"https:\/\/roveyayinevi.com.tr\/index.php\/wp-json\/wp\/v2\/types\/product"}],"wp:attachment":[{"href":"https:\/\/roveyayinevi.com.tr\/index.php\/wp-json\/wp\/v2\/media?parent=752542"}],"wp:term":[{"taxonomy":"product_brand","embeddable":true,"href":"https:\/\/roveyayinevi.com.tr\/index.php\/wp-json\/wp\/v2\/product_brand?post=752542"},{"taxonomy":"product_cat","embeddable":true,"href":"https:\/\/roveyayinevi.com.tr\/index.php\/wp-json\/wp\/v2\/product_cat?post=752542"},{"taxonomy":"product_tag","embeddable":true,"href":"https:\/\/roveyayinevi.com.tr\/index.php\/wp-json\/wp\/v2\/product_tag?post=752542"}],"curies":[{"name":"wp","href":"https:\/\/api.w.org\/{rel}","templated":true}]}}