{"id":752541,"date":"2025-08-28T05:18:45","date_gmt":"2025-08-28T02:18:45","guid":{"rendered":"https:\/\/roveyayinevi.com.tr\/index.php\/urun\/hazir-oldugunuzda-iste-boyle-iyilesirsiniz\/"},"modified":"2026-04-08T03:12:35","modified_gmt":"2026-04-08T00:12:35","slug":"hazir-oldugunuzda-iste-boyle-iyilesirsiniz","status":"publish","type":"product","link":"https:\/\/roveyayinevi.com.tr\/index.php\/urun\/hazir-oldugunuzda-iste-boyle-iyilesirsiniz\/","title":{"rendered":"Haz\u0131r Oldu\u011funuzda \u0130\u015fte B\u00f6yle \u0130yile\u015firsiniz"},"content":{"rendered":"<p>\u0130yile\u015fmek bir kereye mahsus bir olay de\u011fildir.    Bir kereye mahsus bir olayla, genellikle gelece\u011fin nas\u0131l olaca\u011f\u0131 konusundaki tasar\u0131lar\u0131m\u0131z\u0131 bozan bir t\u00fcr ani kay\u0131pla ba\u015flayabilir. Fakat ger\u00e7ek iyile\u015fme, bu bozulman\u0131n bizi derin bir bilin\u00e7sizlik halinden uyand\u0131rmas\u0131na, b\u00fcr\u00fcnmeye uyarland\u0131\u011f\u0131m\u0131z ki\u015filikleri bir kenara b\u0131rak\u0131p asl\u0131nda olmam\u0131z gereken ki\u015finin par\u00e7alar\u0131n\u0131 bilin\u00e7li bir \u015fekilde birle\u015ftirmeye ba\u015flamam\u0131za izin vermektir.    \u0130yile\u015fmek, ac\u0131y\u0131 kabullenip ona ger\u00e7ekten bakmak anlam\u0131na gelir. \u0130yile\u015fmek, yolculu\u011fa \u00e7\u0131kmakt\u0131r \u00e7\u00fcnk\u00fc ister fiziksel olsun ister ruhsal, do\u011frusal ya da p\u00fcr\u00fczs\u00fcz bir iyile\u015fme yoktur. \u0130yile\u015fmek k\u0131r\u0131lganl\u0131kt\u0131r. \u0130yile\u015fmek, yaral\u0131 ama samimi bir kalple yola devam etmek demektir. Esas d\u00f6n\u00fc\u015f\u00fcm, gev\u015femeyi \u00f6\u011frenip ge\u00e7mi\u015fimizi oldu\u011fu gibi g\u00f6rme cesaretini buldu\u011fumuzda ger\u00e7ekle\u015fir, b\u00f6ylece \u015fu anki hayat\u0131m\u0131z\u0131 da oldu\u011fu gibi g\u00f6rebiliriz: umut ve potansiyelle dolu.   Uluslararas\u0131 \u00e7oksatan D\u00fc\u015f\u00fcnme \u015eeklinizi De\u011fi\u015ftirecek 101 Deneme\u2019nin yazar\u0131 Brianna Wiest, bu kitab\u0131nda i\u00e7imizdeki \u00f6zel s\u0131\u011f\u0131na\u011f\u0131 bulmam\u0131z\u0131 ve ger\u00e7ek d\u00f6n\u00fc\u015f\u00fcme ula\u015fmam\u0131z\u0131 sa\u011flayacak k\u0131rk be\u015ften fazla yaz\u0131s\u0131n\u0131 bizlerle payla\u015f\u0131yor. Wiest\u2019in s\u00f6zc\u00fckleri, kendi de\u011fi\u015fim yolculu\u011fundaki herkes i\u00e7in merhem niteli\u011finde.     \u201c\u0130yile\u015fme s\u00fcrecinde sadece geriye d\u00f6n\u00fcp bitirmedi\u011finiz bir \u015feyi d\u00fczeltmeyi \u00f6\u011frenmezsiniz. Ayn\u0131 zamanda g\u00fc\u00e7l\u00fckle de olsa ilerlemeyi, daha fark\u0131nda ve anda ya\u015famay\u0131, tecr\u00fcbelerinizi ger\u00e7ek zamanda nas\u0131l i\u015fleyece\u011finizi de \u00f6\u011frenirsiniz. Bunu ne kadar yaparsan\u0131z o kadar fark\u0131na var\u0131r ve hayata d\u00e2hil olmaya ba\u015flars\u0131n\u0131z. Yeniden konu\u015fmaya, yeniden hissetmeye, yeniden var olmaya&#8230;\u201d   <\/p>\n","protected":false},"excerpt":{"rendered":"<p>\u0130yile\u015fmek bir kereye mahsus bir olay de\u011fildir. Bir kereye mahsus bir olayla, genellikle gelece\u011fin nas\u0131l olaca\u011f\u0131 konusundaki tasar\u0131lar\u0131m\u0131z\u0131 bozan bir t\u00fcr ani kay\u0131pla ba\u015flayabilir. Fakat ger\u00e7ek<span class=\"excerpt-hellip\"> [\u2026]<\/span><\/p>\n","protected":false},"featured_media":0,"template":"","meta":{"_monsterinsights_skip_tracking":false,"_monsterinsights_sitenote_active":false,"_monsterinsights_sitenote_note":"","_monsterinsights_sitenote_category":0},"product_brand":[],"product_cat":[12364,12376],"product_tag":[],"class_list":{"0":"post-752541","1":"product","2":"type-product","3":"status-publish","5":"product_cat-genel-konular","6":"product_cat-kisisel-gelisim","7":"pa_cilt-ciltsiz","8":"pa_tur-kitap","9":"pa_yayinevi-pegasus-yayinlari","10":"pa_yazar-brianna-wiest","12":"first","13":"instock","14":"sale","15":"shipping-taxable","16":"purchasable","17":"product-type-simple"},"_links":{"self":[{"href":"https:\/\/roveyayinevi.com.tr\/index.php\/wp-json\/wp\/v2\/product\/752541","targetHints":{"allow":["GET"]}}],"collection":[{"href":"https:\/\/roveyayinevi.com.tr\/index.php\/wp-json\/wp\/v2\/product"}],"about":[{"href":"https:\/\/roveyayinevi.com.tr\/index.php\/wp-json\/wp\/v2\/types\/product"}],"wp:attachment":[{"href":"https:\/\/roveyayinevi.com.tr\/index.php\/wp-json\/wp\/v2\/media?parent=752541"}],"wp:term":[{"taxonomy":"product_brand","embeddable":true,"href":"https:\/\/roveyayinevi.com.tr\/index.php\/wp-json\/wp\/v2\/product_brand?post=752541"},{"taxonomy":"product_cat","embeddable":true,"href":"https:\/\/roveyayinevi.com.tr\/index.php\/wp-json\/wp\/v2\/product_cat?post=752541"},{"taxonomy":"product_tag","embeddable":true,"href":"https:\/\/roveyayinevi.com.tr\/index.php\/wp-json\/wp\/v2\/product_tag?post=752541"}],"curies":[{"name":"wp","href":"https:\/\/api.w.org\/{rel}","templated":true}]}}