{"id":752536,"date":"2025-08-28T05:18:37","date_gmt":"2025-08-28T02:18:37","guid":{"rendered":"https:\/\/roveyayinevi.com.tr\/index.php\/urun\/dis-politika-karar-alma-surecinde-inancin-rolu\/"},"modified":"2026-04-16T03:05:57","modified_gmt":"2026-04-16T00:05:57","slug":"dis-politika-karar-alma-surecinde-inancin-rolu","status":"publish","type":"product","link":"https:\/\/roveyayinevi.com.tr\/index.php\/urun\/dis-politika-karar-alma-surecinde-inancin-rolu\/","title":{"rendered":"D\u0131\u015f Politika Karar Alma S\u00fcrecinde \u0130nanc\u0131n Rol\u00fc"},"content":{"rendered":"<p>DI\u015e POL\u0130T\u0130KA KARAR ALMA S\u00dcREC\u0130NDE \u0130NANCIN ROL\u00dc Trump\u2019\u0131n Liderlik Profili ve Grup \u0130\u00e7i Karar Alma Dinamikleri Kapsam\u0131nda ABD\u2019nin Kud\u00fcs Karar\u0131 <\/p>\n","protected":false},"excerpt":{"rendered":"<p>DI\u015e POL\u0130T\u0130KA KARAR ALMA S\u00dcREC\u0130NDE \u0130NANCIN ROL\u00dc Trump\u2019\u0131n Liderlik Profili ve Grup \u0130\u00e7i Karar Alma Dinamikleri Kapsam\u0131nda ABD\u2019nin Kud\u00fcs Karar\u0131<\/p>\n","protected":false},"featured_media":0,"template":"","meta":{"_monsterinsights_skip_tracking":false,"_monsterinsights_sitenote_active":false,"_monsterinsights_sitenote_note":"","_monsterinsights_sitenote_category":0},"product_brand":[],"product_cat":[12573,12566],"product_tag":[],"class_list":{"0":"post-752536","1":"product","2":"type-product","3":"status-publish","5":"product_cat-akademik-kitaplar","6":"product_cat-egitim","7":"pa_cilt-ciltsiz","8":"pa_tur-kitap","9":"pa_yayinevi-soncag-akademik-kitaplar","10":"pa_yazar-tulin-kirci-muhammed-kursad-ozekin","12":"first","13":"instock","14":"sale","15":"shipping-taxable","16":"purchasable","17":"product-type-simple"},"_links":{"self":[{"href":"https:\/\/roveyayinevi.com.tr\/index.php\/wp-json\/wp\/v2\/product\/752536","targetHints":{"allow":["GET"]}}],"collection":[{"href":"https:\/\/roveyayinevi.com.tr\/index.php\/wp-json\/wp\/v2\/product"}],"about":[{"href":"https:\/\/roveyayinevi.com.tr\/index.php\/wp-json\/wp\/v2\/types\/product"}],"wp:attachment":[{"href":"https:\/\/roveyayinevi.com.tr\/index.php\/wp-json\/wp\/v2\/media?parent=752536"}],"wp:term":[{"taxonomy":"product_brand","embeddable":true,"href":"https:\/\/roveyayinevi.com.tr\/index.php\/wp-json\/wp\/v2\/product_brand?post=752536"},{"taxonomy":"product_cat","embeddable":true,"href":"https:\/\/roveyayinevi.com.tr\/index.php\/wp-json\/wp\/v2\/product_cat?post=752536"},{"taxonomy":"product_tag","embeddable":true,"href":"https:\/\/roveyayinevi.com.tr\/index.php\/wp-json\/wp\/v2\/product_tag?post=752536"}],"curies":[{"name":"wp","href":"https:\/\/api.w.org\/{rel}","templated":true}]}}