{"id":752533,"date":"2025-08-28T05:18:34","date_gmt":"2025-08-28T02:18:34","guid":{"rendered":"https:\/\/roveyayinevi.com.tr\/index.php\/urun\/tarihten-ve-gunumuzden-klasik-muzik-yazilari-iv\/"},"modified":"2026-04-16T03:05:57","modified_gmt":"2026-04-16T00:05:57","slug":"tarihten-ve-gunumuzden-klasik-muzik-yazilari-iv","status":"publish","type":"product","link":"https:\/\/roveyayinevi.com.tr\/index.php\/urun\/tarihten-ve-gunumuzden-klasik-muzik-yazilari-iv\/","title":{"rendered":"Tarihten ve G\u00fcn\u00fcm\u00fczden Klasik M\u00fczik Yaz\u0131lar\u0131 &#8211; IV"},"content":{"rendered":"<p>Ya\u015fam\u0131n\u0131 Amerika\u2019n\u0131n Kaliforniya eyaletinde s\u00fcrd\u00fcren Prof. Dr. \u00d6mer E\u01e7ecio\u01e7lu, m\u00fczik tarihinin tozlu yapraklar\u0131 aras\u0131nda unutulmu\u015f birbirinden ilgin\u00e7 olaylar\u0131, ki\u015fileri ve gezip g\u00f6rd\u00fc\u011f\u00fc yerleri belgeler ve foto\u011fraflar \u0131\u015f\u0131\u011f\u0131nda m\u00fczikseverlerle \/ ara\u015ft\u0131rmac\u0131larla payla\u015f\u0131yor. Serinin 1-2-3. kitaplar\u0131n\u0131n ard\u0131ndan, bu kitapta yer alan ba\u015fl\u0131klar ise a\u015fa\u011f\u0131daki gibidir: IV. Kitaptan Ba\u015fl\u0131klar \u00b7         Ho Amca\u2019n\u0131n \u015eehrinde Opera \u00b7         Franz Liszt\u2019in \u0130stanbullu \u00d6\u011frencisi \u00b7         Mezzo Soprano, Besteci, \u0130lham Perisi: Pauline Viardot \u00b7         Efsanevi Piyanist Franz Liszt\u2019in \u0130stanbul Ziyareti ve Liszt-Listmann Olay\u0131 \u00b7         \u0130ki Cambazla Fino K\u00f6pekleri Aras\u0131nda: Y\u0131ld\u0131z Tiyatrosu\u2019nda Bir Alt\u0131n \u00c7ocuk \u00b7         Wagner Festival Tiyatrosu \u00b7         Lenny Y\u0131l\u0131\u2019n\u0131n Ard\u0131ndan:L. Bernstein ve Candide \u00b7         Moby-Dick: Klasik Edebiyattan Opera Sahnelerine \u00b7         Besteci Jake Heggie ile bir Sohbet \u00b7         \u015eahane Hayat: Beyaz perdeden Opera Sahnelerine \u00b7         \u0130talya\u2019da Verdi\u2019nin Ad\u0131n\u0131 Ta\u015f\u0131yan Opera Salonlar\u0131 \u00b7         Klasik M\u00fczi\u011fin Son Harika \u00c7ocu\u011fu: Erich Wolfgang Korngold \u00b7         Bayreuth\u2019un G\u00f6z Kama\u015ft\u0131ran Margravial Opera Salonu \u00b7         Holst\u2019un \u201cConstantinople\u201d Eseri <\/p>\n","protected":false},"excerpt":{"rendered":"<p>Ya\u015fam\u0131n\u0131 Amerika\u2019n\u0131n Kaliforniya eyaletinde s\u00fcrd\u00fcren Prof. Dr. \u00d6mer E\u01e7ecio\u01e7lu, m\u00fczik tarihinin tozlu yapraklar\u0131 aras\u0131nda unutulmu\u015f birbirinden ilgin\u00e7 olaylar\u0131, ki\u015fileri ve gezip g\u00f6rd\u00fc\u011f\u00fc yerleri belgeler ve foto\u011fraflar<span class=\"excerpt-hellip\"> [\u2026]<\/span><\/p>\n","protected":false},"featured_media":0,"template":"","meta":{"_monsterinsights_skip_tracking":false,"_monsterinsights_sitenote_active":false,"_monsterinsights_sitenote_note":"","_monsterinsights_sitenote_category":0},"product_brand":[],"product_cat":[14556],"product_tag":[],"class_list":{"0":"post-752533","1":"product","2":"type-product","3":"status-publish","5":"product_cat-muzik","6":"pa_cilt-ciltsiz","7":"pa_tur-kitap","8":"pa_yayinevi-muzik-egitimi-yayinlari","9":"pa_yazar-omer-egecioglu","11":"first","12":"instock","13":"sale","14":"shipping-taxable","15":"purchasable","16":"product-type-simple"},"_links":{"self":[{"href":"https:\/\/roveyayinevi.com.tr\/index.php\/wp-json\/wp\/v2\/product\/752533","targetHints":{"allow":["GET"]}}],"collection":[{"href":"https:\/\/roveyayinevi.com.tr\/index.php\/wp-json\/wp\/v2\/product"}],"about":[{"href":"https:\/\/roveyayinevi.com.tr\/index.php\/wp-json\/wp\/v2\/types\/product"}],"wp:attachment":[{"href":"https:\/\/roveyayinevi.com.tr\/index.php\/wp-json\/wp\/v2\/media?parent=752533"}],"wp:term":[{"taxonomy":"product_brand","embeddable":true,"href":"https:\/\/roveyayinevi.com.tr\/index.php\/wp-json\/wp\/v2\/product_brand?post=752533"},{"taxonomy":"product_cat","embeddable":true,"href":"https:\/\/roveyayinevi.com.tr\/index.php\/wp-json\/wp\/v2\/product_cat?post=752533"},{"taxonomy":"product_tag","embeddable":true,"href":"https:\/\/roveyayinevi.com.tr\/index.php\/wp-json\/wp\/v2\/product_tag?post=752533"}],"curies":[{"name":"wp","href":"https:\/\/api.w.org\/{rel}","templated":true}]}}