{"id":752529,"date":"2025-08-28T05:18:28","date_gmt":"2025-08-28T02:18:28","guid":{"rendered":"https:\/\/roveyayinevi.com.tr\/index.php\/urun\/dur\/"},"modified":"2026-04-13T03:11:52","modified_gmt":"2026-04-13T00:11:52","slug":"dur","status":"publish","type":"product","link":"https:\/\/roveyayinevi.com.tr\/index.php\/urun\/dur\/","title":{"rendered":"Dur"},"content":{"rendered":"<p>Can iyi ki \u201cy\u00fcr\u00fcmeye ba\u015flam\u0131\u015f.\u201d Ya\u015fam\u0131 g\u00f6zlemi\u015f; didiklemi\u015f, bakm\u0131\u015f; neler neler g\u00f6rm\u00fc\u015f. Bunlar\u0131 derlemi\u015f. Edebiyat\u0131n engin sular\u0131na dalm\u0131\u015f\u2026 Bu g\u00fczel kitap \u00e7\u0131km\u0131\u015f ortaya. \u201cY\u00fcr\u00fcmeye\u201d devam ederse bu kitap, daha nice merakla beklenen kitaplar\u0131n \u00f6nc\u00fcs\u00fc olacakt\u0131r. Ben, beklemeye ba\u015flad\u0131m&#8230; Asuman Boyac\u0131giller   \u201cBir ben vard\u0131r bende benden i\u00e7eri\u2026\u201d Can Ba\u015fo\u011flu\u2019nun elinizdeki eserinin, al\u0131nt\u0131lanan bu \u00fcnl\u00fc deyi\u015fin tam olarak ete kemi\u011fe b\u00fcr\u00fcnd\u00fcr\u00fclm\u00fc\u015f h\u00e2li oldu\u011fu s\u00f6ylenebilir. Esere edeb\u00ee t\u00fcr\u00fcn\u00fc veren s\u00fcr\u00fckleyici polisiye anlat\u0131, yazar\u0131n zaman i\u00e7inde \u00f6zel bir imbikten \u00f6zene bezene usul usul dam\u0131tt\u0131\u011f\u0131, hayata ili\u015fkin d\u00fc\u015f\u00fcncelerinin \u201ckafam\u0131za at\u0131lmadan\u201d aktar\u0131lmas\u0131nda yal\u0131n ve bir o kadar da etkili bir ara\u00e7 olu\u015fturuyor. Verilen emek ise hakl\u0131 bir takdire \u015fayan. Keyifli okumalar\u2026 Berk Kapanc\u0131   Can\u2019\u0131n, karakterlerini ilgin\u00e7 detaylarla betimlemesini, ya\u015fam\u0131ndaki deneyimlerini biriktirerek yazmas\u0131na ba\u011fl\u0131yorum. G\u00fc\u00e7l\u00fc hayal g\u00fcc\u00fc de o karakterleri yerden kald\u0131r\u0131yor ve onlar\u0131 oynatmaya ba\u015fl\u0131yor. Biz okuyuculara da yazar\u0131n d\u00fc\u015f g\u00fcc\u00fcnden olu\u015fan sahnedeki olaylar\u0131 izlemek kal\u0131yor. Sahnedeki g\u00f6lgelerin aras\u0131nda kendi ruhumuzun g\u00f6lgesine de rastl\u0131yoruz. Atakan Murat Tun\u00e7er <\/p>\n","protected":false},"excerpt":{"rendered":"<p>Can iyi ki \u201cy\u00fcr\u00fcmeye ba\u015flam\u0131\u015f.\u201d Ya\u015fam\u0131 g\u00f6zlemi\u015f; didiklemi\u015f, bakm\u0131\u015f; neler neler g\u00f6rm\u00fc\u015f. Bunlar\u0131 derlemi\u015f. Edebiyat\u0131n engin sular\u0131na dalm\u0131\u015f\u2026 Bu g\u00fczel kitap \u00e7\u0131km\u0131\u015f ortaya. \u201cY\u00fcr\u00fcmeye\u201d devam ederse<span class=\"excerpt-hellip\"> [\u2026]<\/span><\/p>\n","protected":false},"featured_media":0,"template":"","meta":{"_monsterinsights_skip_tracking":false,"_monsterinsights_sitenote_active":false,"_monsterinsights_sitenote_note":"","_monsterinsights_sitenote_category":0},"product_brand":[],"product_cat":[12291,12711],"product_tag":[],"class_list":{"0":"post-752529","1":"product","2":"type-product","3":"status-publish","5":"product_cat-edebiyat","6":"product_cat-roman-oyku","7":"pa_cilt-ciltsiz","8":"pa_tur-kitap","9":"pa_yayinevi-karina-yayinevi","10":"pa_yazar-can-basoglu","12":"first","13":"instock","14":"sale","15":"shipping-taxable","16":"purchasable","17":"product-type-simple"},"_links":{"self":[{"href":"https:\/\/roveyayinevi.com.tr\/index.php\/wp-json\/wp\/v2\/product\/752529","targetHints":{"allow":["GET"]}}],"collection":[{"href":"https:\/\/roveyayinevi.com.tr\/index.php\/wp-json\/wp\/v2\/product"}],"about":[{"href":"https:\/\/roveyayinevi.com.tr\/index.php\/wp-json\/wp\/v2\/types\/product"}],"wp:attachment":[{"href":"https:\/\/roveyayinevi.com.tr\/index.php\/wp-json\/wp\/v2\/media?parent=752529"}],"wp:term":[{"taxonomy":"product_brand","embeddable":true,"href":"https:\/\/roveyayinevi.com.tr\/index.php\/wp-json\/wp\/v2\/product_brand?post=752529"},{"taxonomy":"product_cat","embeddable":true,"href":"https:\/\/roveyayinevi.com.tr\/index.php\/wp-json\/wp\/v2\/product_cat?post=752529"},{"taxonomy":"product_tag","embeddable":true,"href":"https:\/\/roveyayinevi.com.tr\/index.php\/wp-json\/wp\/v2\/product_tag?post=752529"}],"curies":[{"name":"wp","href":"https:\/\/api.w.org\/{rel}","templated":true}]}}