{"id":752525,"date":"2025-08-28T05:18:21","date_gmt":"2025-08-28T02:18:21","guid":{"rendered":"https:\/\/roveyayinevi.com.tr\/index.php\/urun\/psikoloji-tarihini-yeniden-dusunmek\/"},"modified":"2026-04-16T03:05:57","modified_gmt":"2026-04-16T00:05:57","slug":"psikoloji-tarihini-yeniden-dusunmek","status":"publish","type":"product","link":"https:\/\/roveyayinevi.com.tr\/index.php\/urun\/psikoloji-tarihini-yeniden-dusunmek\/","title":{"rendered":"Psikoloji Tarihini Yeniden D\u00fc\u015f\u00fcnmek"},"content":{"rendered":"<p>H\u00e2lihaz\u0131rdaki psikoloji tarihi metinleri, Antik Yunandan Descartes\u2019a h\u0131zl\u0131 bir ge\u00e7i\u015f yaparken \u0130slam d\u00fc\u015f\u00fcncesinin alt\u0131n \u00e7a\u011flar\u0131 atlanm\u0131\u015f oldu. B\u00f6ylece, bu metinlerin daimi okuyucular\u0131 olan ruh sa\u011fl\u0131\u011f\u0131 \u00f6\u011frencileri ve profesyonelleri modern psikolojinin k\u00f6kenlerine dair b\u00fct\u00fcnc\u00fcl bilgi ve yorumlardan mahrum kald\u0131lar. Bu kitap, \u0130slam d\u00fc\u015f\u00fcnce tarihinde k\u00f6\u015fe ta\u015f\u0131 isimlerin, insan\u0131n psikolojik yap\u0131s\u0131, i\u015fleyi\u015fi, bu yap\u0131n\u0131n \u201cbozulmas\u0131\u201d ve \u201cd\u00fczelmesi\u201dne dair g\u00f6r\u00fc\u015flerini, bug\u00fcnk\u00fc psikoloji ve psikoterapi tart\u0131\u015fmalar\u0131na \u0131\u015f\u0131k tutacak \u015fekilde yeniden betimlemek istiyor. Bu sayede hem insan psikolojisine dair \u00fcretilen bilginin tarihsel s\u00fcreklili\u011fi belirginle\u015ftirilecek hem de bug\u00fcnk\u00fc tart\u0131\u015fmalarda ihmal edilen teorik ve pratik imk\u00e2nlardan ilham almak m\u00fcmk\u00fcn olacakt\u0131r. \u0130slam D\u00fc\u015f\u00fcncesinde Psikoloji ve Psikoterapi kitab\u0131m\u0131z i\u00e7in kulland\u0131\u011f\u0131m\u0131z \u201cSa\u011flam Temeller ve Yeni Ufuklar\u201d ifadesinde oldu\u011fu gibi; elinizdeki bu kitap da yeni ufuklar\u0131n aray\u0131\u015f\u0131nda, sa\u011flam temelleri olu\u015fturma \u00e7abas\u0131n\u0131n bir \u00fcr\u00fcn\u00fcd\u00fcr.<\/p>\n","protected":false},"excerpt":{"rendered":"<p>H\u00e2lihaz\u0131rdaki psikoloji tarihi metinleri, Antik Yunandan Descartes\u2019a h\u0131zl\u0131 bir ge\u00e7i\u015f yaparken \u0130slam d\u00fc\u015f\u00fcncesinin alt\u0131n \u00e7a\u011flar\u0131 atlanm\u0131\u015f oldu. B\u00f6ylece, bu metinlerin daimi okuyucular\u0131 olan ruh sa\u011fl\u0131\u011f\u0131 \u00f6\u011frencileri<span class=\"excerpt-hellip\"> [\u2026]<\/span><\/p>\n","protected":false},"featured_media":0,"template":"","meta":{"_monsterinsights_skip_tracking":false,"_monsterinsights_sitenote_active":false,"_monsterinsights_sitenote_note":"","_monsterinsights_sitenote_category":0},"product_brand":[],"product_cat":[12357],"product_tag":[],"class_list":{"0":"post-752525","1":"product","2":"type-product","3":"status-publish","5":"product_cat-psikoloji","6":"pa_cilt-ciltsiz","7":"pa_tur-kitap","8":"pa_yayinevi-muhit-kitap","9":"pa_yazar-kolektif","11":"first","12":"instock","13":"sale","14":"shipping-taxable","15":"purchasable","16":"product-type-simple"},"_links":{"self":[{"href":"https:\/\/roveyayinevi.com.tr\/index.php\/wp-json\/wp\/v2\/product\/752525","targetHints":{"allow":["GET"]}}],"collection":[{"href":"https:\/\/roveyayinevi.com.tr\/index.php\/wp-json\/wp\/v2\/product"}],"about":[{"href":"https:\/\/roveyayinevi.com.tr\/index.php\/wp-json\/wp\/v2\/types\/product"}],"wp:attachment":[{"href":"https:\/\/roveyayinevi.com.tr\/index.php\/wp-json\/wp\/v2\/media?parent=752525"}],"wp:term":[{"taxonomy":"product_brand","embeddable":true,"href":"https:\/\/roveyayinevi.com.tr\/index.php\/wp-json\/wp\/v2\/product_brand?post=752525"},{"taxonomy":"product_cat","embeddable":true,"href":"https:\/\/roveyayinevi.com.tr\/index.php\/wp-json\/wp\/v2\/product_cat?post=752525"},{"taxonomy":"product_tag","embeddable":true,"href":"https:\/\/roveyayinevi.com.tr\/index.php\/wp-json\/wp\/v2\/product_tag?post=752525"}],"curies":[{"name":"wp","href":"https:\/\/api.w.org\/{rel}","templated":true}]}}