{"id":752519,"date":"2025-08-28T05:18:12","date_gmt":"2025-08-28T02:18:12","guid":{"rendered":"https:\/\/roveyayinevi.com.tr\/index.php\/urun\/cogito-sayi-78-aristotelescilik-20-yil-ozel-sayisi\/"},"modified":"2026-04-16T03:05:56","modified_gmt":"2026-04-16T00:05:56","slug":"cogito-sayi-78-aristotelescilik-20-yil-ozel-sayisi","status":"publish","type":"product","link":"https:\/\/roveyayinevi.com.tr\/index.php\/urun\/cogito-sayi-78-aristotelescilik-20-yil-ozel-sayisi\/","title":{"rendered":"Cogito Say\u0131: 78 &#8211; Aristoteles\u00e7ilik 20. Y\u0131l \u00d6zel Say\u0131s\u0131"},"content":{"rendered":"<p>3 ayl\u0131k d\u00fc\u015f\u00fcnce dergisi Cogito, 20. ya\u015f\u0131n\u0131 filozoflar\u0131n filozofu Aristoteles\u2019le kutluyor. Dergi, bahar aylar\u0131nda yay\u0131mlanan Aristoteles say\u0131s\u0131ndan sonra daha da hacimli ve kapsaml\u0131 bir Aristoteles\u00e7ilik say\u0131s\u0131yla okurunu selaml\u0131yor. Aristoteles\u00e7ili\u011fin Eski\u00e7a\u011f, H\u0131ristiyan ve \u0130slam d\u00fcnyas\u0131ndaki seyri ve g\u00fcn\u00fcm\u00fcze kadar nas\u0131l evrilerek ula\u015ft\u0131\u011f\u0131, etik ve siyasette, metafizikte, feminist teoride, Marksizm\u2019de nas\u0131l al\u0131mland\u0131\u011f\u0131 \u00fczerine makalelere, kapsaml\u0131 bir Aristoteles\u00e7ilik zamandizini ve T\u00fcrk\u00e7ede Aristoteles Kaynak\u00e7as\u0131 e\u015flik ediyor.<\/p>\n","protected":false},"excerpt":{"rendered":"<p>3 ayl\u0131k d\u00fc\u015f\u00fcnce dergisi Cogito, 20. ya\u015f\u0131n\u0131 filozoflar\u0131n filozofu Aristoteles\u2019le kutluyor. Dergi, bahar aylar\u0131nda yay\u0131mlanan Aristoteles say\u0131s\u0131ndan sonra daha da hacimli ve kapsaml\u0131 bir Aristoteles\u00e7ilik say\u0131s\u0131yla<span class=\"excerpt-hellip\"> [\u2026]<\/span><\/p>\n","protected":false},"featured_media":0,"template":"","meta":{"_monsterinsights_skip_tracking":false,"_monsterinsights_sitenote_active":false,"_monsterinsights_sitenote_note":"","_monsterinsights_sitenote_category":0},"product_brand":[],"product_cat":[13527],"product_tag":[],"class_list":{"0":"post-752519","1":"product","2":"type-product","3":"status-publish","5":"product_cat-sureli-yayinlar","6":"pa_cilt-ciltsiz","7":"pa_tur-dergi","8":"pa_yayinevi-yapi-kredi-yayinlari-dergi","9":"pa_yazar-kolektif","11":"first","12":"instock","13":"sale","14":"shipping-taxable","15":"purchasable","16":"product-type-simple"},"_links":{"self":[{"href":"https:\/\/roveyayinevi.com.tr\/index.php\/wp-json\/wp\/v2\/product\/752519","targetHints":{"allow":["GET"]}}],"collection":[{"href":"https:\/\/roveyayinevi.com.tr\/index.php\/wp-json\/wp\/v2\/product"}],"about":[{"href":"https:\/\/roveyayinevi.com.tr\/index.php\/wp-json\/wp\/v2\/types\/product"}],"wp:attachment":[{"href":"https:\/\/roveyayinevi.com.tr\/index.php\/wp-json\/wp\/v2\/media?parent=752519"}],"wp:term":[{"taxonomy":"product_brand","embeddable":true,"href":"https:\/\/roveyayinevi.com.tr\/index.php\/wp-json\/wp\/v2\/product_brand?post=752519"},{"taxonomy":"product_cat","embeddable":true,"href":"https:\/\/roveyayinevi.com.tr\/index.php\/wp-json\/wp\/v2\/product_cat?post=752519"},{"taxonomy":"product_tag","embeddable":true,"href":"https:\/\/roveyayinevi.com.tr\/index.php\/wp-json\/wp\/v2\/product_tag?post=752519"}],"curies":[{"name":"wp","href":"https:\/\/api.w.org\/{rel}","templated":true}]}}