{"id":752517,"date":"2025-08-28T05:18:10","date_gmt":"2025-08-28T02:18:10","guid":{"rendered":"https:\/\/roveyayinevi.com.tr\/index.php\/urun\/100-yilinda-lozanin-onemi\/"},"modified":"2026-04-16T03:05:56","modified_gmt":"2026-04-16T00:05:56","slug":"100-yilinda-lozanin-onemi","status":"publish","type":"product","link":"https:\/\/roveyayinevi.com.tr\/index.php\/urun\/100-yilinda-lozanin-onemi\/","title":{"rendered":"100. Y\u0131l\u0131nda Lozan\u2019\u0131n \u00d6nemi"},"content":{"rendered":"<p>\u201cBu antla\u015fma, T\u00fcrk milletine kar\u015f\u0131, y\u00fczy\u0131llardan beri haz\u0131rlanm\u0131\u015f ve Sevr Antla\u015fmas\u0131 ile tamamland\u0131\u011f\u0131 san\u0131lm\u0131\u015f b\u00fcy\u00fck bir suikast\u0131n sonu\u00e7suz kald\u0131\u011f\u0131n\u0131 bildirir bir belgedir. Osmanl\u0131 tarihinde benzeri g\u00f6r\u00fclmemi\u015f bir siyasi zafer eseridir\u201d Mustafa Kemal Atat\u00fcrk, Lozan zaferini Nutuk\u2019ta bu s\u00f6zlerle tan\u0131mlar. T\u00fcrkiye\u2019nin varl\u0131\u011f\u0131n\u0131 t\u00fcm d\u00fcnyaya onaylatt\u0131ran Lozan Bar\u0131\u015f Antla\u015fmas\u0131; \u00f6zg\u00fcrl\u00fc\u011f\u00fcn, ulusal egemenli\u011fin ve ba\u011f\u0131ms\u0131zl\u0131\u011f\u0131n a\u00e7\u0131k ve net duyurusudur. Cephede s\u00fcng\u00fcyle kazan\u0131lan zafer m\u00fczakere masas\u0131nda kaybedilmemi\u015f, \u0130smet \u0130n\u00f6n\u00fc\u2019n\u00fcn m\u00fcthi\u015f diplomatik yetene\u011fi bu topraklar\u0131 T\u00fcrk ulusuna vatan yapm\u0131\u015ft\u0131r. Arnold Toynbee\u2019ye g\u00f6re \u201cSevr, Hasta Adam\u2019\u0131n g\u00f6m\u00fclme belgesi, Lozan ise hasta olmad\u0131\u011f\u0131n\u0131 eylemleriyle kan\u0131tlayan bir ulusun sa\u011fl\u0131k belgesi\u201ddir. Lozan g\u00f6r\u00fc\u015fmeleri s\u0131ras\u0131nda \u0130smet Pa\u015fa\u2019n\u0131n emperyalizme kar\u015f\u0131 e\u011filmeyen ve b\u00fck\u00fclmeyen karakteri, arkas\u0131nda bulunan Ba\u015fkomutan\u2019\u0131n, Meclis\u2019in ve Anadolu halk\u0131n\u0131n kararl\u0131l\u0131\u011f\u0131yla desteklenmi\u015ftir. Bu kitapta okuyaca\u011f\u0131n\u0131z sat\u0131rlarsa 100 y\u0131l \u00f6nce bu b\u00fcy\u00fck siyasi zaferi kazanarak Cumhuriyet\u2019in \u00f6ns\u00f6z\u00fcn\u00fc yazan kurucu kadroya duyulan minnettarl\u0131\u011f\u0131n yans\u0131mas\u0131d\u0131r\u2026 <\/p>\n","protected":false},"excerpt":{"rendered":"<p>\u201cBu antla\u015fma, T\u00fcrk milletine kar\u015f\u0131, y\u00fczy\u0131llardan beri haz\u0131rlanm\u0131\u015f ve Sevr Antla\u015fmas\u0131 ile tamamland\u0131\u011f\u0131 san\u0131lm\u0131\u015f b\u00fcy\u00fck bir suikast\u0131n sonu\u00e7suz kald\u0131\u011f\u0131n\u0131 bildirir bir belgedir. Osmanl\u0131 tarihinde benzeri g\u00f6r\u00fclmemi\u015f<span class=\"excerpt-hellip\"> [\u2026]<\/span><\/p>\n","protected":false},"featured_media":0,"template":"","meta":{"_monsterinsights_skip_tracking":false,"_monsterinsights_sitenote_active":false,"_monsterinsights_sitenote_note":"","_monsterinsights_sitenote_category":0},"product_brand":[],"product_cat":[12370,12304],"product_tag":[],"class_list":{"0":"post-752517","1":"product","2":"type-product","3":"status-publish","5":"product_cat-arastirma-inceleme","6":"product_cat-tarih","7":"pa_cilt-ciltsiz","8":"pa_tur-kitap","9":"pa_yayinevi-cumhuriyet-kitaplari","10":"pa_yazar-kolektif","12":"first","13":"instock","14":"sale","15":"shipping-taxable","16":"purchasable","17":"product-type-simple"},"_links":{"self":[{"href":"https:\/\/roveyayinevi.com.tr\/index.php\/wp-json\/wp\/v2\/product\/752517","targetHints":{"allow":["GET"]}}],"collection":[{"href":"https:\/\/roveyayinevi.com.tr\/index.php\/wp-json\/wp\/v2\/product"}],"about":[{"href":"https:\/\/roveyayinevi.com.tr\/index.php\/wp-json\/wp\/v2\/types\/product"}],"wp:attachment":[{"href":"https:\/\/roveyayinevi.com.tr\/index.php\/wp-json\/wp\/v2\/media?parent=752517"}],"wp:term":[{"taxonomy":"product_brand","embeddable":true,"href":"https:\/\/roveyayinevi.com.tr\/index.php\/wp-json\/wp\/v2\/product_brand?post=752517"},{"taxonomy":"product_cat","embeddable":true,"href":"https:\/\/roveyayinevi.com.tr\/index.php\/wp-json\/wp\/v2\/product_cat?post=752517"},{"taxonomy":"product_tag","embeddable":true,"href":"https:\/\/roveyayinevi.com.tr\/index.php\/wp-json\/wp\/v2\/product_tag?post=752517"}],"curies":[{"name":"wp","href":"https:\/\/api.w.org\/{rel}","templated":true}]}}