{"id":752516,"date":"2025-08-28T05:18:08","date_gmt":"2025-08-28T02:18:08","guid":{"rendered":"https:\/\/roveyayinevi.com.tr\/index.php\/urun\/ruhumun-zikzaklari\/"},"modified":"2026-04-16T03:05:56","modified_gmt":"2026-04-16T00:05:56","slug":"ruhumun-zikzaklari","status":"publish","type":"product","link":"https:\/\/roveyayinevi.com.tr\/index.php\/urun\/ruhumun-zikzaklari\/","title":{"rendered":"Ruhumun Zikzaklar\u0131"},"content":{"rendered":"<p>Bakt\u0131m ki yaz\u0131lm\u0131yor Yazamad\u0131m sat\u0131r sat\u0131r Tortop ettim Att\u0131m hik\u00e2yeyi Buna mecburdum \u00c7\u00fcnk\u00fc Ac\u0131s\u0131 beni yakar Seni s\u0131zlat\u0131r Mademki \u0130stiyorsun dinlemeyi G\u00fcnah benden gitti \u00d6yleyse Kula\u011f\u0131n\u0131 bana ver Unut her \u015feyi   Neylersin kader bu Dost misali Hep yan\u0131mda durdu Sa\u011f g\u00f6sterip Sol vurdu (&#8230;)<\/p>\n","protected":false},"excerpt":{"rendered":"<p>Bakt\u0131m ki yaz\u0131lm\u0131yor Yazamad\u0131m sat\u0131r sat\u0131r Tortop ettim Att\u0131m hik\u00e2yeyi Buna mecburdum \u00c7\u00fcnk\u00fc Ac\u0131s\u0131 beni yakar Seni s\u0131zlat\u0131r Mademki \u0130stiyorsun dinlemeyi G\u00fcnah benden gitti \u00d6yleyse Kula\u011f\u0131n\u0131<span class=\"excerpt-hellip\"> [\u2026]<\/span><\/p>\n","protected":false},"featured_media":0,"template":"","meta":{"_monsterinsights_skip_tracking":false,"_monsterinsights_sitenote_active":false,"_monsterinsights_sitenote_note":"","_monsterinsights_sitenote_category":0},"product_brand":[],"product_cat":[12291,12509],"product_tag":[],"class_list":{"0":"post-752516","1":"product","2":"type-product","3":"status-publish","5":"product_cat-edebiyat","6":"product_cat-siir","7":"pa_cilt-ciltsiz","8":"pa_tur-kitap","9":"pa_yayinevi-luna-yayinlari","10":"pa_yazar-kamil-karadag","12":"first","13":"instock","14":"sale","15":"shipping-taxable","16":"purchasable","17":"product-type-simple"},"_links":{"self":[{"href":"https:\/\/roveyayinevi.com.tr\/index.php\/wp-json\/wp\/v2\/product\/752516","targetHints":{"allow":["GET"]}}],"collection":[{"href":"https:\/\/roveyayinevi.com.tr\/index.php\/wp-json\/wp\/v2\/product"}],"about":[{"href":"https:\/\/roveyayinevi.com.tr\/index.php\/wp-json\/wp\/v2\/types\/product"}],"wp:attachment":[{"href":"https:\/\/roveyayinevi.com.tr\/index.php\/wp-json\/wp\/v2\/media?parent=752516"}],"wp:term":[{"taxonomy":"product_brand","embeddable":true,"href":"https:\/\/roveyayinevi.com.tr\/index.php\/wp-json\/wp\/v2\/product_brand?post=752516"},{"taxonomy":"product_cat","embeddable":true,"href":"https:\/\/roveyayinevi.com.tr\/index.php\/wp-json\/wp\/v2\/product_cat?post=752516"},{"taxonomy":"product_tag","embeddable":true,"href":"https:\/\/roveyayinevi.com.tr\/index.php\/wp-json\/wp\/v2\/product_tag?post=752516"}],"curies":[{"name":"wp","href":"https:\/\/api.w.org\/{rel}","templated":true}]}}