{"id":752515,"date":"2025-08-28T05:18:06","date_gmt":"2025-08-28T02:18:06","guid":{"rendered":"https:\/\/roveyayinevi.com.tr\/index.php\/urun\/varligin-utkusu\/"},"modified":"2026-04-16T03:05:56","modified_gmt":"2026-04-16T00:05:56","slug":"varligin-utkusu","status":"publish","type":"product","link":"https:\/\/roveyayinevi.com.tr\/index.php\/urun\/varligin-utkusu\/","title":{"rendered":"Varl\u0131\u011f\u0131n Utkusu"},"content":{"rendered":"<p>\u0130nsanl\u0131k, Tanr\u0131 ve bu d\u00fcnya aras\u0131nda s\u0131k\u0131\u015f\u0131p kalman\u0131n \u0131st\u0131rab\u0131ndan bamba\u015fka bir \u00e7ukura d\u00fc\u015fm\u00fc\u015f bir h\u00e2ldedir. Ya\u015fad\u0131\u011f\u0131m\u0131z d\u00fcnya, politik masallar\u0131n, yalan dev\u015firmenin, her \u015feyi unutup ya da unutturularak insan\u0131n b\u00fct\u00fcn de\u011ferlerini pazara \u00e7\u0131karm\u0131\u015ft\u0131r. \u0130nan\u00e7 ve de\u011ferlerine bir \u015fekilde y\u00f6nelen kitle, art\u0131k her \u015feyi imbikten s\u0131k\u0131 ge\u00e7irerek \u201cpolitik g\u00fcce\u201d nas\u0131l yak\u0131n olabilirli\u011fini hesaplamaktad\u0131r. Antik putlar\u0131n, mitos tanr\u0131lar\u0131n\u0131n yerini politik ve maddi g\u00fcc\u00fc simgeleyen \u00e7a\u011fr\u0131\u015f\u0131mlar alm\u0131\u015ft\u0131r. Yukar\u0131daki \u201cb\u0131y\u0131k\u201d ne verir ne katar. A\u015fa\u011f\u0131daki \u201csakal\u0131n\u201d hi\u00e7bir \u00f6nemi yokken acaba bir g\u00fc\u00e7 olabilir mi hesab\u0131, zihinlerde bolca dolanmaktad\u0131r. Global zehir, insan\u0131n her \u015feyini yok etmek, yutmak ve s\u0131radanl\u0131\u011f\u0131n \u201ck\u00f6lelik\u201d ruhuyla yoklu\u011fa s\u00fcr\u00fcklenmektedir. Tutunmak isteyen ruhlar; cehennem, araf, cennet tirad\u0131n\u0131 bu d\u00fcnya dayatmas\u0131nda i\u00e7ten ya da sanr\u0131l\u0131 bir \u015fekilde duyumsamakta. Ego, korkun\u00e7 bir katliam alan\u0131na d\u00f6n\u00fc\u015fm\u00fc\u015f, kazanan\u0131n \u00e7e\u015fit \u00e7e\u015fit \u201czafer\u201d i\u015faretleri, varolu\u015flar\u0131na simgesel ba\u011fl\u0131l\u0131k yaratmaktad\u0131r. \u0130nsana seslenen yarat\u0131c\u0131 kudret de\u011fil, insan\u0131n kendi masal\u0131ndaki g\u00fc\u00e7lerinin \u201ch\u00e2kim\u201d varl\u0131\u011f\u0131 olmu\u015ftur.<\/p>\n","protected":false},"excerpt":{"rendered":"<p>\u0130nsanl\u0131k, Tanr\u0131 ve bu d\u00fcnya aras\u0131nda s\u0131k\u0131\u015f\u0131p kalman\u0131n \u0131st\u0131rab\u0131ndan bamba\u015fka bir \u00e7ukura d\u00fc\u015fm\u00fc\u015f bir h\u00e2ldedir. Ya\u015fad\u0131\u011f\u0131m\u0131z d\u00fcnya, politik masallar\u0131n, yalan dev\u015firmenin, her \u015feyi unutup ya da<span class=\"excerpt-hellip\"> [\u2026]<\/span><\/p>\n","protected":false},"featured_media":0,"template":"","meta":{"_monsterinsights_skip_tracking":false,"_monsterinsights_sitenote_active":false,"_monsterinsights_sitenote_note":"","_monsterinsights_sitenote_category":0},"product_brand":[],"product_cat":[12777,12291],"product_tag":[],"class_list":{"0":"post-752515","1":"product","2":"type-product","3":"status-publish","5":"product_cat-deneme","6":"product_cat-edebiyat","7":"pa_cilt-ciltsiz","8":"pa_tur-kitap","9":"pa_yayinevi-luna-yayinlari","10":"pa_yazar-ibrahim-algan","12":"first","13":"instock","14":"sale","15":"shipping-taxable","16":"purchasable","17":"product-type-simple"},"_links":{"self":[{"href":"https:\/\/roveyayinevi.com.tr\/index.php\/wp-json\/wp\/v2\/product\/752515","targetHints":{"allow":["GET"]}}],"collection":[{"href":"https:\/\/roveyayinevi.com.tr\/index.php\/wp-json\/wp\/v2\/product"}],"about":[{"href":"https:\/\/roveyayinevi.com.tr\/index.php\/wp-json\/wp\/v2\/types\/product"}],"wp:attachment":[{"href":"https:\/\/roveyayinevi.com.tr\/index.php\/wp-json\/wp\/v2\/media?parent=752515"}],"wp:term":[{"taxonomy":"product_brand","embeddable":true,"href":"https:\/\/roveyayinevi.com.tr\/index.php\/wp-json\/wp\/v2\/product_brand?post=752515"},{"taxonomy":"product_cat","embeddable":true,"href":"https:\/\/roveyayinevi.com.tr\/index.php\/wp-json\/wp\/v2\/product_cat?post=752515"},{"taxonomy":"product_tag","embeddable":true,"href":"https:\/\/roveyayinevi.com.tr\/index.php\/wp-json\/wp\/v2\/product_tag?post=752515"}],"curies":[{"name":"wp","href":"https:\/\/api.w.org\/{rel}","templated":true}]}}