{"id":752509,"date":"2025-08-28T05:17:56","date_gmt":"2025-08-28T02:17:56","guid":{"rendered":"https:\/\/roveyayinevi.com.tr\/index.php\/urun\/igrip\/"},"modified":"2026-04-16T03:05:56","modified_gmt":"2026-04-16T00:05:56","slug":"igrip","status":"publish","type":"product","link":"https:\/\/roveyayinevi.com.tr\/index.php\/urun\/igrip\/","title":{"rendered":"I\u011fr\u0131p"},"content":{"rendered":"<p>\u201cOsman \u00f6yle dalg\u0131n otururken, yukar\u0131 t\u0131rmand\u0131. Sand\u0131\u011f\u0131n\u0131 a\u00e7t\u0131. Y\u0131llard\u0131r takmad\u0131\u011f\u0131 be\u015fibiryerdesini avcunun i\u00e7inde s\u0131karak merdivenleri indi. Kocas\u0131, fincan elinde, b\u0131rakt\u0131\u011f\u0131 gibi duruyordu. Bir yudum olsun i\u00e7memi\u015f, \u00fcz\u00fcnc\u00fcn\u00fcn derinli\u011finde yitmi\u015fti. Fincan\u0131 ald\u0131 elinden. Alt\u0131n\u0131 s\u0131k\u0131\u015ft\u0131rd\u0131. Avcu yanm\u0131\u015f\u00e7as\u0131na s\u0131\u00e7rad\u0131 Osman. Eline bakt\u0131. G\u00f6zleri tutu\u015ftu. Bir h\u0131n\u00e7 \u00e7elikle\u015fti g\u00f6zlerinde. Kolu uzand\u0131. Parmaklar\u0131n\u0131 s\u0131kt\u0131 G\u00fclizar: \u2013 Bu sana bir sandal donat\u0131r. Sandal\u0131n oldu mu da deniz kadar umudumuz var demektir.\u201d &#8230; I\u011fr\u0131p, edebiyat\u0131m\u0131z\u0131n usta isimlerinden Erol Toy\u2019un, di\u011fer t\u00fcm kitaplar\u0131ndan farkl\u0131 bir teknikle yaz\u0131lm\u0131\u015f, bu y\u00fczden belki de en \u00f6zel kitab\u0131. Bir bal\u0131k\u00e7\u0131 adas\u0131ndaki ya\u015fama tutunma gayretini, bilin\u00e7sel, tarihsel ge\u00e7i\u015flerle ve gelenekselin d\u0131\u015f\u0131nda bir kurguyla kaleme alan Toy; se\u00e7ti\u011fi s\u00f6zc\u00fcklerden, kitab\u0131n dizgisinde yer alan ayr\u0131nt\u0131lara kadar, benzersiz bir yaz\u0131 i\u015f\u00e7ili\u011fiyle \u00e7\u0131k\u0131yor okurlar\u0131n kar\u015f\u0131s\u0131na. \u015e\u00fcphesiz ki edebiyat tutkunlar\u0131n\u0131n, dikkatli okurlar\u0131n kitapl\u0131klar\u0131nda \u00f6zel yer edinecek bir eser, I\u011fr\u0131p\u2026 <\/p>\n","protected":false},"excerpt":{"rendered":"<p>\u201cOsman \u00f6yle dalg\u0131n otururken, yukar\u0131 t\u0131rmand\u0131. Sand\u0131\u011f\u0131n\u0131 a\u00e7t\u0131. Y\u0131llard\u0131r takmad\u0131\u011f\u0131 be\u015fibiryerdesini avcunun i\u00e7inde s\u0131karak merdivenleri indi. Kocas\u0131, fincan elinde, b\u0131rakt\u0131\u011f\u0131 gibi duruyordu. Bir yudum olsun i\u00e7memi\u015f,<span class=\"excerpt-hellip\"> [\u2026]<\/span><\/p>\n","protected":false},"featured_media":0,"template":"","meta":{"_monsterinsights_skip_tracking":false,"_monsterinsights_sitenote_active":false,"_monsterinsights_sitenote_note":"","_monsterinsights_sitenote_category":0},"product_brand":[],"product_cat":[12291,12711],"product_tag":[],"class_list":{"0":"post-752509","1":"product","2":"type-product","3":"status-publish","5":"product_cat-edebiyat","6":"product_cat-roman-oyku","7":"pa_cilt-ciltsiz","8":"pa_tur-kitap","9":"pa_yayinevi-telgrafhane-yayinlari","10":"pa_yazar-erol-toy","12":"first","13":"instock","14":"sale","15":"shipping-taxable","16":"purchasable","17":"product-type-simple"},"_links":{"self":[{"href":"https:\/\/roveyayinevi.com.tr\/index.php\/wp-json\/wp\/v2\/product\/752509","targetHints":{"allow":["GET"]}}],"collection":[{"href":"https:\/\/roveyayinevi.com.tr\/index.php\/wp-json\/wp\/v2\/product"}],"about":[{"href":"https:\/\/roveyayinevi.com.tr\/index.php\/wp-json\/wp\/v2\/types\/product"}],"wp:attachment":[{"href":"https:\/\/roveyayinevi.com.tr\/index.php\/wp-json\/wp\/v2\/media?parent=752509"}],"wp:term":[{"taxonomy":"product_brand","embeddable":true,"href":"https:\/\/roveyayinevi.com.tr\/index.php\/wp-json\/wp\/v2\/product_brand?post=752509"},{"taxonomy":"product_cat","embeddable":true,"href":"https:\/\/roveyayinevi.com.tr\/index.php\/wp-json\/wp\/v2\/product_cat?post=752509"},{"taxonomy":"product_tag","embeddable":true,"href":"https:\/\/roveyayinevi.com.tr\/index.php\/wp-json\/wp\/v2\/product_tag?post=752509"}],"curies":[{"name":"wp","href":"https:\/\/api.w.org\/{rel}","templated":true}]}}