{"id":752507,"date":"2025-08-28T05:17:53","date_gmt":"2025-08-28T02:17:53","guid":{"rendered":"https:\/\/roveyayinevi.com.tr\/index.php\/urun\/saglik-sektorunde-sozsuz-iletisim-beden-dili\/"},"modified":"2026-04-16T03:05:56","modified_gmt":"2026-04-16T00:05:56","slug":"saglik-sektorunde-sozsuz-iletisim-beden-dili","status":"publish","type":"product","link":"https:\/\/roveyayinevi.com.tr\/index.php\/urun\/saglik-sektorunde-sozsuz-iletisim-beden-dili\/","title":{"rendered":"Sa\u011fl\u0131k Sekt\u00f6r\u00fcnde S\u00f6zs\u00fcz \u0130leti\u015fim (Beden Dili)"},"content":{"rendered":"<p>Buhranlar birey ve toplumu de\u011fi\u015fime zorlar. Bilim ve teknolojideki geli\u015fmeler; yeni bilgilerin \u00fcretilmesine neden olur. Ki\u015fisel geli\u015fim iste\u011fi bireyin eylemsizlikten eyleme ge\u00e7me s\u00fcrecidir. Ba\u015far\u0131l\u0131 olma iste\u011fi, hedef belirleme, motivasyon, sorun \u00e7\u00f6zme becerisi, kendini geli\u015ftirme d\u00fc\u015f\u00fcncesi, \u00f6zy\u00f6netim ki\u015fisel geli\u015fimin temellerindendir. Bu olgular ya\u015fam boyu \u00f6\u011frenme iste\u011fi ile s\u00fcreklilik kazanabilir. Eserimiz; ki\u015fisel geli\u015fimi esas almas\u0131n\u0131n yan\u0131 s\u0131ra bir ders ve ba\u015fucu eseri olabilecek \u015fekilde tasarlanm\u0131\u015ft\u0131r.   Kitab\u0131m\u0131z\u0131n ana konusu hasta ve kurumsal ili\u015fki ba\u011flam\u0131nda; Doktor, hem\u015fire, di\u015f hekimi, eczac\u0131lar ve di\u011fer \u00e7al\u0131\u015fanlar ile hastalar\u0131n etkili ileti\u015fimini kolayla\u015ft\u0131rmay\u0131 esas al\u0131r.  \u0130dari hizmetler, sekreterler, teknisyenler, yard\u0131mc\u0131 hizmetler personeli ile t\u00fcm \u00e7al\u0131\u015fanlar, sa\u011fl\u0131k kurumlar\u0131n\u0131n fedak\u00e2r, gizli kahramanlard\u0131r. Sa\u011fl\u0131k alan\u0131 \u00e7al\u0131\u015fanlar\u0131 ile sa\u011fl\u0131k okuryazar\u0131 olmak isteyen okurlara hitap eden bu eserin okuyucusuna yeni ufuklar a\u00e7mas\u0131n\u0131 umuyorum. <\/p>\n","protected":false},"excerpt":{"rendered":"<p>Buhranlar birey ve toplumu de\u011fi\u015fime zorlar. Bilim ve teknolojideki geli\u015fmeler; yeni bilgilerin \u00fcretilmesine neden olur. Ki\u015fisel geli\u015fim iste\u011fi bireyin eylemsizlikten eyleme ge\u00e7me s\u00fcrecidir. Ba\u015far\u0131l\u0131 olma iste\u011fi,<span class=\"excerpt-hellip\"> [\u2026]<\/span><\/p>\n","protected":false},"featured_media":0,"template":"","meta":{"_monsterinsights_skip_tracking":false,"_monsterinsights_sitenote_active":false,"_monsterinsights_sitenote_note":"","_monsterinsights_sitenote_category":0},"product_brand":[],"product_cat":[12364,12376],"product_tag":[],"class_list":{"0":"post-752507","1":"product","2":"type-product","3":"status-publish","5":"product_cat-genel-konular","6":"product_cat-kisisel-gelisim","7":"pa_cilt-ciltsiz","8":"pa_tur-kitap","9":"pa_yayinevi-us-yayinlari","10":"pa_yazar-neset-yayla","12":"first","13":"instock","14":"sale","15":"shipping-taxable","16":"purchasable","17":"product-type-simple"},"_links":{"self":[{"href":"https:\/\/roveyayinevi.com.tr\/index.php\/wp-json\/wp\/v2\/product\/752507","targetHints":{"allow":["GET"]}}],"collection":[{"href":"https:\/\/roveyayinevi.com.tr\/index.php\/wp-json\/wp\/v2\/product"}],"about":[{"href":"https:\/\/roveyayinevi.com.tr\/index.php\/wp-json\/wp\/v2\/types\/product"}],"wp:attachment":[{"href":"https:\/\/roveyayinevi.com.tr\/index.php\/wp-json\/wp\/v2\/media?parent=752507"}],"wp:term":[{"taxonomy":"product_brand","embeddable":true,"href":"https:\/\/roveyayinevi.com.tr\/index.php\/wp-json\/wp\/v2\/product_brand?post=752507"},{"taxonomy":"product_cat","embeddable":true,"href":"https:\/\/roveyayinevi.com.tr\/index.php\/wp-json\/wp\/v2\/product_cat?post=752507"},{"taxonomy":"product_tag","embeddable":true,"href":"https:\/\/roveyayinevi.com.tr\/index.php\/wp-json\/wp\/v2\/product_tag?post=752507"}],"curies":[{"name":"wp","href":"https:\/\/api.w.org\/{rel}","templated":true}]}}