{"id":752505,"date":"2025-08-28T05:17:50","date_gmt":"2025-08-28T02:17:50","guid":{"rendered":"https:\/\/roveyayinevi.com.tr\/index.php\/urun\/felsefede-ilerleme-ve-cagdaslasma-kavramlari\/"},"modified":"2026-04-16T03:05:56","modified_gmt":"2026-04-16T00:05:56","slug":"felsefede-ilerleme-ve-cagdaslasma-kavramlari","status":"publish","type":"product","link":"https:\/\/roveyayinevi.com.tr\/index.php\/urun\/felsefede-ilerleme-ve-cagdaslasma-kavramlari\/","title":{"rendered":"Felsefede \u0130lerleme ve \u00c7a\u011fda\u015fla\u015fma Kavramlar\u0131"},"content":{"rendered":"<p>\u201cTarihsiz ya da ge\u00e7mi\u015fi olmayan bir ilerleme yoktur. Her ilerleme, tarihsel bilgi birikimi \u00fczerine kurulur; ancak onun \u00f6tesine ge\u00e7er. Ayr\u0131ca, ge\u00e7mi\u015f, daha \u00f6nceki zamanlarda ger\u00e7ekle\u015ftirilen bir\u00e7ok yeni ba\u015flang\u0131c\u0131 i\u00e7inde bar\u0131nd\u0131r\u0131r.\u201d Onur Bilge Kula Felsefede \u0130lerleme ve \u00c7a\u011fda\u015fla\u015fma Kavramlar\u0131 adl\u0131 bu \u00f6nemli \u00e7al\u0131\u015fmas\u0131nda, ilerleme ve \u00e7a\u011fda\u015fla\u015fma kavramlar\u0131n\u0131 Kant, Hegel, Marx, Bloch, Adorno, Habermas gibi filozofla-r\u0131n yap\u0131tlar\u0131n\u0131 irdeleyerek ele almakta ve bu kavramlar\u0131n Anadolu k\u00fclt\u00fcr tarihi i\u00e7erisindeki yeriyle de ilgili de\u011ferlendirmeler yapmaktad\u0131r. <\/p>\n","protected":false},"excerpt":{"rendered":"<p>\u201cTarihsiz ya da ge\u00e7mi\u015fi olmayan bir ilerleme yoktur. Her ilerleme, tarihsel bilgi birikimi \u00fczerine kurulur; ancak onun \u00f6tesine ge\u00e7er. Ayr\u0131ca, ge\u00e7mi\u015f, daha \u00f6nceki zamanlarda ger\u00e7ekle\u015ftirilen bir\u00e7ok<span class=\"excerpt-hellip\"> [\u2026]<\/span><\/p>\n","protected":false},"featured_media":0,"template":"","meta":{"_monsterinsights_skip_tracking":false,"_monsterinsights_sitenote_active":false,"_monsterinsights_sitenote_note":"","_monsterinsights_sitenote_category":0},"product_brand":[],"product_cat":[12388],"product_tag":[],"class_list":{"0":"post-752505","1":"product","2":"type-product","3":"status-publish","5":"product_cat-felsefe","6":"pa_cilt-ciltsiz","7":"pa_tur-kitap","8":"pa_yayinevi-bilgesu-yayincilik","9":"pa_yazar-onur-bilge-kula","11":"first","12":"instock","13":"sale","14":"shipping-taxable","15":"purchasable","16":"product-type-simple"},"_links":{"self":[{"href":"https:\/\/roveyayinevi.com.tr\/index.php\/wp-json\/wp\/v2\/product\/752505","targetHints":{"allow":["GET"]}}],"collection":[{"href":"https:\/\/roveyayinevi.com.tr\/index.php\/wp-json\/wp\/v2\/product"}],"about":[{"href":"https:\/\/roveyayinevi.com.tr\/index.php\/wp-json\/wp\/v2\/types\/product"}],"wp:attachment":[{"href":"https:\/\/roveyayinevi.com.tr\/index.php\/wp-json\/wp\/v2\/media?parent=752505"}],"wp:term":[{"taxonomy":"product_brand","embeddable":true,"href":"https:\/\/roveyayinevi.com.tr\/index.php\/wp-json\/wp\/v2\/product_brand?post=752505"},{"taxonomy":"product_cat","embeddable":true,"href":"https:\/\/roveyayinevi.com.tr\/index.php\/wp-json\/wp\/v2\/product_cat?post=752505"},{"taxonomy":"product_tag","embeddable":true,"href":"https:\/\/roveyayinevi.com.tr\/index.php\/wp-json\/wp\/v2\/product_tag?post=752505"}],"curies":[{"name":"wp","href":"https:\/\/api.w.org\/{rel}","templated":true}]}}