{"id":752504,"date":"2025-08-28T05:17:49","date_gmt":"2025-08-28T02:17:49","guid":{"rendered":"https:\/\/roveyayinevi.com.tr\/index.php\/urun\/cennetle-mujdelenen-sahabe-zubeyr-b-avvam\/"},"modified":"2026-01-24T03:23:43","modified_gmt":"2026-01-24T00:23:43","slug":"cennetle-mujdelenen-sahabe-zubeyr-b-avvam","status":"publish","type":"product","link":"https:\/\/roveyayinevi.com.tr\/index.php\/urun\/cennetle-mujdelenen-sahabe-zubeyr-b-avvam\/","title":{"rendered":"Cennetle M\u00fcjdelenen Sahabe Z\u00fcbeyr B. Avvam"},"content":{"rendered":"<p>Bu b\u00fcy\u00fck sahabilerin kendilerine has \u00f6zellikleri vard\u0131r.  Mesel\u00e2: Mekke\u2019de ilk m\u00fcsl\u00fcman olan bu \u015fahsiyetler Hz. Peygamber\u2019e ve \u0130sl\u00e2m davas\u0131na b\u00fcy\u00fck katk\u0131lar\u0131 olan ki\u015filerdir. Bu b\u00fcy\u00fck sahabilerin hepsi \u0130sl\u00e2m devletinin m\u00fc\u015friklere kar\u015f\u0131 giri\u015fti\u011fi ilk b\u00fcy\u00fck cihat hareketi olan Bedir gazvesinde bulunduklar\u0131 gibi, Hz. Peygamber\u2019e, O\u2019nu ve \u0130sl\u00e2m\u2019\u0131 sonuna kadar koruyacaklar\u0131na dair Hudeybiye g\u00fcn\u00fcnde a\u011fa\u00e7 alt\u0131nda Bey\u2019at etmi\u015flerdir. \u0130sl\u00e2m akidesi i\u00e7in Allah yolunda en yak\u0131n akrabalar\u0131na kar\u015f\u0131 \u00e7arp\u0131\u015fmaktan geri durmam\u0131\u015flard\u0131r. <\/p>\n","protected":false},"excerpt":{"rendered":"<p>Bu b\u00fcy\u00fck sahabilerin kendilerine has \u00f6zellikleri vard\u0131r. Mesel\u00e2: Mekke\u2019de ilk m\u00fcsl\u00fcman olan bu \u015fahsiyetler Hz. Peygamber\u2019e ve \u0130sl\u00e2m davas\u0131na b\u00fcy\u00fck katk\u0131lar\u0131 olan ki\u015filerdir. Bu b\u00fcy\u00fck sahabilerin<span class=\"excerpt-hellip\"> [\u2026]<\/span><\/p>\n","protected":false},"featured_media":0,"template":"","meta":{"_monsterinsights_skip_tracking":false,"_monsterinsights_sitenote_active":false,"_monsterinsights_sitenote_note":"","_monsterinsights_sitenote_category":0},"product_brand":[],"product_cat":[12718],"product_tag":[],"class_list":{"0":"post-752504","1":"product","2":"type-product","3":"status-publish","5":"product_cat-din","6":"pa_cilt-ciltsiz","7":"pa_tur-kitap","8":"pa_yayinevi-gulnar-yayinlari","9":"pa_yazar-zubeyt-bozkurt","11":"first","12":"instock","13":"sale","14":"shipping-taxable","15":"purchasable","16":"product-type-simple"},"_links":{"self":[{"href":"https:\/\/roveyayinevi.com.tr\/index.php\/wp-json\/wp\/v2\/product\/752504","targetHints":{"allow":["GET"]}}],"collection":[{"href":"https:\/\/roveyayinevi.com.tr\/index.php\/wp-json\/wp\/v2\/product"}],"about":[{"href":"https:\/\/roveyayinevi.com.tr\/index.php\/wp-json\/wp\/v2\/types\/product"}],"wp:attachment":[{"href":"https:\/\/roveyayinevi.com.tr\/index.php\/wp-json\/wp\/v2\/media?parent=752504"}],"wp:term":[{"taxonomy":"product_brand","embeddable":true,"href":"https:\/\/roveyayinevi.com.tr\/index.php\/wp-json\/wp\/v2\/product_brand?post=752504"},{"taxonomy":"product_cat","embeddable":true,"href":"https:\/\/roveyayinevi.com.tr\/index.php\/wp-json\/wp\/v2\/product_cat?post=752504"},{"taxonomy":"product_tag","embeddable":true,"href":"https:\/\/roveyayinevi.com.tr\/index.php\/wp-json\/wp\/v2\/product_tag?post=752504"}],"curies":[{"name":"wp","href":"https:\/\/api.w.org\/{rel}","templated":true}]}}