{"id":752503,"date":"2025-08-28T05:17:47","date_gmt":"2025-08-28T02:17:47","guid":{"rendered":"https:\/\/roveyayinevi.com.tr\/index.php\/urun\/herkes-degilsin-sen\/"},"modified":"2026-04-16T03:05:56","modified_gmt":"2026-04-16T00:05:56","slug":"herkes-degilsin-sen","status":"publish","type":"product","link":"https:\/\/roveyayinevi.com.tr\/index.php\/urun\/herkes-degilsin-sen\/","title":{"rendered":"Herkes De\u011filsin Sen"},"content":{"rendered":"<p>AYRILIK Kim vurduya gitti hayallerimiz Kula\u011f\u0131m\u0131zdan tutup \u00e7ekmi\u015fken ayr\u0131l\u0131k. Yaraland\u0131 s\u00f6yleyemedi\u011fimiz c\u00fcmleler Talihine binlerce \u00f6z\u00fcr bor\u00e7lu bu k\u00f6r a\u015fk Hi\u00e7 vazge\u00e7miyor, ge\u00e7meyecek, Ad\u0131m ad\u0131m iz s\u00fcren yaln\u0131zl\u0131k. T\u00fcm \u015f\u00fcpheleri \u00e7\u00fcr\u00fctm\u00fc\u015f Delili olmayan yalanlar, Saatler yine yaln\u0131zl\u0131\u011fa d\u00f6n\u00fcyor. K\u00e2\u011f\u0131ttan yapt\u0131\u011f\u0131m\u0131z gemilerimiz \u00e7oktan batm\u0131\u015f Kimyas\u0131 bozuk \u015fu d\u00fczende, Senden sonra a\u015fk rafa kalkm\u0131\u015f, Bir daha ne var, bir daha olsun G\u00fcl\u00fc\u015f\u00fcn g\u00f6r\u00fcl\u00fcr m\u00fc ay tutulmadan? Buralar so\u011fuk, buralar \u0131ss\u0131z Kepaze oldu d\u00fc\u015flerim, \u00d6mr\u00fcm\u00fcn g\u00fcn bat\u0131m\u0131yd\u0131 son g\u00fcl\u00fc\u015f\u00fcn, Al\u0131\u015famad\u0131m bu yaln\u0131zl\u0131\u011fa, \u00d6yle bir gidi\u015fin vard\u0131 ki, Bu y\u00fcre\u011fe s\u0131\u011fmad\u0131 ayr\u0131l\u0131k. <\/p>\n","protected":false},"excerpt":{"rendered":"<p>AYRILIK Kim vurduya gitti hayallerimiz Kula\u011f\u0131m\u0131zdan tutup \u00e7ekmi\u015fken ayr\u0131l\u0131k. Yaraland\u0131 s\u00f6yleyemedi\u011fimiz c\u00fcmleler Talihine binlerce \u00f6z\u00fcr bor\u00e7lu bu k\u00f6r a\u015fk Hi\u00e7 vazge\u00e7miyor, ge\u00e7meyecek, Ad\u0131m ad\u0131m iz s\u00fcren<span class=\"excerpt-hellip\"> [\u2026]<\/span><\/p>\n","protected":false},"featured_media":0,"template":"","meta":{"_monsterinsights_skip_tracking":false,"_monsterinsights_sitenote_active":false,"_monsterinsights_sitenote_note":"","_monsterinsights_sitenote_category":0},"product_brand":[],"product_cat":[12291,12509],"product_tag":[],"class_list":{"0":"post-752503","1":"product","2":"type-product","3":"status-publish","5":"product_cat-edebiyat","6":"product_cat-siir","7":"pa_cilt-ciltsiz","8":"pa_tur-kitap","9":"pa_yayinevi-gulnar-yayinlari","10":"pa_yazar-ates-erdogan","12":"first","13":"instock","14":"sale","15":"shipping-taxable","16":"purchasable","17":"product-type-simple"},"_links":{"self":[{"href":"https:\/\/roveyayinevi.com.tr\/index.php\/wp-json\/wp\/v2\/product\/752503","targetHints":{"allow":["GET"]}}],"collection":[{"href":"https:\/\/roveyayinevi.com.tr\/index.php\/wp-json\/wp\/v2\/product"}],"about":[{"href":"https:\/\/roveyayinevi.com.tr\/index.php\/wp-json\/wp\/v2\/types\/product"}],"wp:attachment":[{"href":"https:\/\/roveyayinevi.com.tr\/index.php\/wp-json\/wp\/v2\/media?parent=752503"}],"wp:term":[{"taxonomy":"product_brand","embeddable":true,"href":"https:\/\/roveyayinevi.com.tr\/index.php\/wp-json\/wp\/v2\/product_brand?post=752503"},{"taxonomy":"product_cat","embeddable":true,"href":"https:\/\/roveyayinevi.com.tr\/index.php\/wp-json\/wp\/v2\/product_cat?post=752503"},{"taxonomy":"product_tag","embeddable":true,"href":"https:\/\/roveyayinevi.com.tr\/index.php\/wp-json\/wp\/v2\/product_tag?post=752503"}],"curies":[{"name":"wp","href":"https:\/\/api.w.org\/{rel}","templated":true}]}}