{"id":752502,"date":"2025-08-28T05:17:46","date_gmt":"2025-08-28T02:17:46","guid":{"rendered":"https:\/\/roveyayinevi.com.tr\/index.php\/urun\/kamu-yonetiminde-etik-uygulamalari\/"},"modified":"2026-04-16T03:05:56","modified_gmt":"2026-04-16T00:05:56","slug":"kamu-yonetiminde-etik-uygulamalari","status":"publish","type":"product","link":"https:\/\/roveyayinevi.com.tr\/index.php\/urun\/kamu-yonetiminde-etik-uygulamalari\/","title":{"rendered":"Kamu Y\u00f6netiminde Etik Uygulamalar\u0131"},"content":{"rendered":"<p>\u0130\u00e7indekiler   B\u0130R\u0130NC\u0130 B\u00d6L\u00dcM ET\u0130K KAVRAMI: KURAMSAL \u00c7ER\u00c7EVE G\u0130R\u0130\u015e 1. ET\u0130K KAVRAMINA GENEL BAKI\u015e 1.1. Etik Nedir? 1.2. Etik Olgusunun Tarih\u00e7esi 1.3. Etik ile \u0130lgili Kavramlar 1.3.1. Etik ve Ahl\u00e2k \u0130li\u015fkisi 1.3.2. Etik ve De\u011ferler \u0130li\u015fkisi 1.3.3. Etik ve Hukuk \u0130li\u015fkisi 1.3.4. Etik ve Kamu Y\u00f6netimi \u0130li\u015fkisi 1.4. Etik T\u00fcrleri 1.4.1. Betimleyici Etik 1.4.2. Normatif Etik 1.4.3. Erdem Eti\u011fi 1.4.4. Meta Etik 1.4.5. Uygulamal\u0131 Etik 1.4.6. Y\u00f6netsel Etik 1.4.7. K\u00fcresel Etik Anlay\u0131\u015f\u0131   \u0130K\u0130NC\u0130 B\u00d6L\u00dcM KAMU Y\u00d6NET\u0130M\u0130 ve ET\u0130K 2. KAMU Y\u00d6NET\u0130M\u0130NDE ET\u0130K ANLAYI\u015eI 2.1. Kamu Y\u00f6netiminde Etik Kavram\u0131n\u0131n \u00d6nemi 2.2. Kamu Y\u00f6netiminde Eti\u011fin Tarihsel Geli\u015fimi 2.3. Kamu Y\u00f6netiminde Etik Davran\u0131\u015f\u0131n Olu\u015fmas\u0131n\u0131 Sa\u011flayan Unsurlar 2.3.1. Y\u00f6netimde A\u00e7\u0131kl\u0131k 2.3.2. Hesap Verebilir Y\u00f6netim Anlay\u0131\u015f\u0131 2.3.3. Tarafs\u0131zl\u0131k 2.3.4. E\u015fitlik 2.3.5. Liyakat ve Profesyonellik 2.3.6. Sayg\u0131nl\u0131k ve G\u00fcven 2.3.7. Hukuka Uygunluk 2.3.8. Nezaket ve Sayg\u0131 2.4. Kamu Y\u00f6netiminde Etik D\u0131\u015f\u0131 Davran\u0131\u015fa Neden Olan Hususlar 2.4.1. Yolsuzluk 2.4.2. R\u00fc\u015fvet 2.4.3. Kay\u0131rmac\u0131l\u0131k 2.4.4. Oy Ticareti 2.4.5. Patronaj 2.4.6. Zimmet 2.4.7. Kamu Y\u00f6netiminde D\u0131\u015fa Kapal\u0131l\u0131k 2.4.8. Merkeziyet\u00e7ilik 2.4.9. B\u00fcrokrasi 2.4.10. Y\u0131ld\u0131rma   \u00dc\u00c7\u00dcNC\u00dc B\u00d6L\u00dcM T\u00dcRK\u0130YE\u2019DE KAMU Y\u00d6NET\u0130M\u0130NDE ET\u0130K UYGULAMALARI 3. T\u00dcRK KAMU Y\u00d6NET\u0130M\u0130NDE ET\u0130K UYGULAMALARI 3.1. T\u00fcrk Kamu Y\u00f6netiminde Etik Uygulamalar\u0131n\u0131n Kurumsalla\u015ft\u0131r\u0131lmas\u0131na Y\u00f6nelik Yasal Alt Yap\u0131s\u0131 3.1.1. 1982 Anayasas\u0131 3.1.2. 657 Say\u0131l\u0131 Devlet Memurlar\u0131 Kanunu 3.1.3. 3628 Say\u0131l\u0131 Mal Bildiriminde Bulunulmas\u0131, R\u00fc\u015fvet ve Yolsuzluklarla M\u00fccadele Kanunu 3.1.4. 5237 Say\u0131l\u0131 T\u00fcrk Ceza Kanunu 3.1.5. 4982 Say\u0131l\u0131 Bilgi Edinme Kanunu 3.1.6. 6328 Say\u0131l\u0131 Kamu Denet\u00e7ili\u011fi Kurumu Kanunu 3.1.7. 5018 Say\u0131l\u0131 Kamu Mali Y\u00f6netim ve Kontrol Kanunu 3.1.8. Kamu G\u00f6revlileri Etik S\u00f6zle\u015fmesi 3.1.9. Kamu G\u00f6revlileri Etik Kurulu Kurulmas\u0131 ve Baz\u0131 Kanunlarda De\u011fi\u015fiklik Yap\u0131lmas\u0131 Hakk\u0131nda Kanun 3.1.10. Kamu G\u00f6revlileri Etik Davran\u0131\u015f \u0130lkeleri ile Ba\u015fvuru Usul ve Esaslar\u0131 Hakk\u0131nda Y\u00f6netmelik 3.2. T\u00fcrkiye\u2019de Kamu G\u00f6revlileri Etik Kurulu\u2019nun Genel Yap\u0131s\u0131 ve \u00d6zellikleri 3.2.1. Kamu G\u00f6revlileri Etik Kurulunun Ama\u00e7 ve Kapsam\u0131 3.2.2. Kamu G\u00f6revlileri Etik Kurulunun G\u00f6rev ve Yetkileri 3.2.3. Kamu G\u00f6revlileri Etik Kurulunun Yapt\u0131r\u0131m Mekanizmas\u0131 3.3. Kamu G\u00f6revlilerinin Uymas\u0131 Gereken Etik Davran\u0131\u015f \u0130lkeleri 3.3.1. G\u00f6revin Yerine Getirilmesi Esnas\u0131nda Kamu Hizmeti Anlay\u0131\u015f\u0131 3.3.2. Halka Kaliteli, Etkili ve Verimli Hizmet Sunma Bilinci 3.3.3. Hizmet Standartlar\u0131na Uyma 3.3.4. Ama\u00e7 ve Misyona Ba\u011fl\u0131l\u0131k 3.3.5. D\u00fcr\u00fcstl\u00fck ve Tarafs\u0131zl\u0131k 3.3.6. Sayg\u0131nl\u0131k ve G\u00fcven 3.3.7. Nezaket ve Sayg\u0131 3.3.8. Yetkili Makamlara Bildirim 3.3.9. \u00c7\u0131kar \u00c7at\u0131\u015fmas\u0131ndan Ka\u00e7\u0131nma 3.3.10. Yetkilerin Ki\u015fisel \u00c7\u0131kar Sa\u011flamak Amac\u0131yla Kullan\u0131lmamas\u0131 3.3.11. Hediye Almamas\u0131 ve Menfaat Sa\u011flamamas\u0131 3.3.12. Kamusal Kaynaklar\u0131n Kullan\u0131lmas\u0131 3.3.13. Savurganl\u0131ktan Ka\u00e7\u0131nma 3.3.14. Kamu \u00c7al\u0131\u015fanlar\u0131n\u0131n Beyan\u0131 3.3.15. Bilgi Verme, Saydaml\u0131k ve Kat\u0131l\u0131mc\u0131l\u0131k 3.3.16. Y\u00f6neticilerin Yapt\u0131klar\u0131 \u0130\u015flemlerden Dolay\u0131 Hesap Vermeleri 3.3.17. Eski Kamu G\u00f6revlileriyle \u0130li\u015fkiler 3.3.18. Mal Bildiriminde Bulunma   D\u00d6RD\u00dcNC\u00dc B\u00d6L\u00dcM \u0130NG\u0130LTERE\u2019DE KAMU Y\u00d6NET\u0130M\u0130NDE ET\u0130K UYGULAMALARI 4. \u0130NG\u0130LTERE KAMU Y\u00d6NET\u0130M\u0130NDE ET\u0130K UYGULAMALARI 4.1. \u0130ngiltere Kamu Y\u00f6netiminin \u00d6rg\u00fctsel Yap\u0131s\u0131 4.2. \u0130ngiltere Kamu Personel Sistemi 4.3. \u0130ngiltere\u2019de Kamu Y\u00f6netiminde Etik: Kamusal Ya\u015fam Standartlar\u0131 Komitesi 5. T\u00dcRK KAMU Y\u00d6NET\u0130M\u0130NDE ET\u0130K KONUSUNUN DE\u011eERLEND\u0130R\u0130LMES\u0130 VE \u00d6NER\u0130LER SONU\u00c7 KAYNAK\u00c7A <\/p>\n","protected":false},"excerpt":{"rendered":"<p>\u0130\u00e7indekiler B\u0130R\u0130NC\u0130 B\u00d6L\u00dcM ET\u0130K KAVRAMI: KURAMSAL \u00c7ER\u00c7EVE G\u0130R\u0130\u015e 1. ET\u0130K KAVRAMINA GENEL BAKI\u015e 1.1. Etik Nedir? 1.2. Etik Olgusunun Tarih\u00e7esi 1.3. Etik ile \u0130lgili Kavramlar 1.3.1.<span class=\"excerpt-hellip\"> [\u2026]<\/span><\/p>\n","protected":false},"featured_media":0,"template":"","meta":{"_monsterinsights_skip_tracking":false,"_monsterinsights_sitenote_active":false,"_monsterinsights_sitenote_note":"","_monsterinsights_sitenote_category":0},"product_brand":[],"product_cat":[12573,12566],"product_tag":[],"class_list":{"0":"post-752502","1":"product","2":"type-product","3":"status-publish","5":"product_cat-akademik-kitaplar","6":"product_cat-egitim","7":"pa_cilt-ciltsiz","8":"pa_tur-kitap","9":"pa_yayinevi-gazi-kitabevi","10":"pa_yazar-arzu-yildirim","12":"first","13":"instock","14":"sale","15":"shipping-taxable","16":"purchasable","17":"product-type-simple"},"_links":{"self":[{"href":"https:\/\/roveyayinevi.com.tr\/index.php\/wp-json\/wp\/v2\/product\/752502","targetHints":{"allow":["GET"]}}],"collection":[{"href":"https:\/\/roveyayinevi.com.tr\/index.php\/wp-json\/wp\/v2\/product"}],"about":[{"href":"https:\/\/roveyayinevi.com.tr\/index.php\/wp-json\/wp\/v2\/types\/product"}],"wp:attachment":[{"href":"https:\/\/roveyayinevi.com.tr\/index.php\/wp-json\/wp\/v2\/media?parent=752502"}],"wp:term":[{"taxonomy":"product_brand","embeddable":true,"href":"https:\/\/roveyayinevi.com.tr\/index.php\/wp-json\/wp\/v2\/product_brand?post=752502"},{"taxonomy":"product_cat","embeddable":true,"href":"https:\/\/roveyayinevi.com.tr\/index.php\/wp-json\/wp\/v2\/product_cat?post=752502"},{"taxonomy":"product_tag","embeddable":true,"href":"https:\/\/roveyayinevi.com.tr\/index.php\/wp-json\/wp\/v2\/product_tag?post=752502"}],"curies":[{"name":"wp","href":"https:\/\/api.w.org\/{rel}","templated":true}]}}