{"id":752493,"date":"2025-08-28T05:17:37","date_gmt":"2025-08-28T02:17:37","guid":{"rendered":"https:\/\/roveyayinevi.com.tr\/index.php\/urun\/etkili-liderlerin-7-aliskanligi\/"},"modified":"2026-04-16T03:05:56","modified_gmt":"2026-04-16T00:05:56","slug":"etkili-liderlerin-7-aliskanligi","status":"publish","type":"product","link":"https:\/\/roveyayinevi.com.tr\/index.php\/urun\/etkili-liderlerin-7-aliskanligi\/","title":{"rendered":"Etkili Liderlerin 7 Al\u0131\u015fkanl\u0131\u011f\u0131"},"content":{"rendered":"<p>Lider olunur mu, do\u011fulur mu?   \u00c7oksatan Etkili \u0130nsanlar\u0131n 7 Al\u0131\u015fkanl\u0131\u011f\u0131 kitab\u0131n\u0131n yazar\u0131 Dr. Stephen R. Covey, s\u0131k\u00e7a sorulan bu soruya \u2013nas\u0131l yap\u0131laca\u011f\u0131n\u0131 bilirseniz\u2013 liderlik becerilerinin geli\u015ftirilebilir oldu\u011fu yan\u0131t\u0131n\u0131 veriyor. Etkili Liderlerin 7 Al\u0131\u015fkanl\u0131\u011f\u0131, liderli\u011fi anlamaya ve liderli\u011fin esaslar\u0131na ili\u015fkin yo\u011funla\u015ft\u0131r\u0131lm\u0131\u015f bir k\u0131lavuz. Dr. Covey de bu k\u0131lavuzda, sizi daha g\u00fc\u00e7l\u00fc bir lider yapacak ve i\u015finizde ba\u015far\u0131l\u0131 olman\u0131za yard\u0131mc\u0131 olacak ki\u015fisel geli\u015fim s\u00fcrecinizde okurlara yol g\u00f6steriyor. Ek olarak, bu k\u0131lavuz vizyonunuzu geli\u015ftirmenize destek olacak liderli\u011fin farkl\u0131 gerekliliklerini liderlik konusundaki en yetenekli insanlar\u0131n tecr\u00fcbelerini okuyarak g\u00f6recek, onlar\u0131n bilgeliklerine tan\u0131k olacaks\u0131n\u0131z.   B\u00f6l\u00fcmler aras\u0131nda yer alan \u00f6zel olarak tasarlanm\u0131\u015f formlar ve \u00f6rnekler, size edindi\u011finiz temel bilgileri, kariyerinizde somut sonu\u00e7lar sa\u011flaman\u0131za yard\u0131mc\u0131 olacak \u015fekilde uygulama f\u0131rsat\u0131 verecek. Bu kitap, Stephen R. Covey\u2019nin 7 Al\u0131\u015fkanl\u0131k ilkeleriyle kendi vizyonunuzu yeni seviyelere nas\u0131l y\u00fckseltece\u011finizi \u00f6\u011fretecek ve bunu ger\u00e7ekle\u015ftirebilmeniz i\u00e7in bug\u00fcn yap\u0131lmas\u0131 gerekenleri tan\u0131mlaman\u0131z\u0131 sa\u011flayacak. <\/p>\n","protected":false},"excerpt":{"rendered":"<p>Lider olunur mu, do\u011fulur mu? \u00c7oksatan Etkili \u0130nsanlar\u0131n 7 Al\u0131\u015fkanl\u0131\u011f\u0131 kitab\u0131n\u0131n yazar\u0131 Dr. Stephen R. Covey, s\u0131k\u00e7a sorulan bu soruya \u2013nas\u0131l yap\u0131laca\u011f\u0131n\u0131 bilirseniz\u2013 liderlik becerilerinin geli\u015ftirilebilir<span class=\"excerpt-hellip\"> [\u2026]<\/span><\/p>\n","protected":false},"featured_media":0,"template":"","meta":{"_monsterinsights_skip_tracking":false,"_monsterinsights_sitenote_active":false,"_monsterinsights_sitenote_note":"","_monsterinsights_sitenote_category":0},"product_brand":[],"product_cat":[13043,17647],"product_tag":[],"class_list":{"0":"post-752493","1":"product","2":"type-product","3":"status-publish","5":"product_cat-ekonomi","6":"product_cat-is-dunyasi","7":"pa_cilt-ciltsiz","8":"pa_tur-kitap","9":"pa_yayinevi-nova-kitap","10":"pa_yazar-stephen-r-covey","12":"first","13":"instock","14":"sale","15":"shipping-taxable","16":"purchasable","17":"product-type-simple"},"_links":{"self":[{"href":"https:\/\/roveyayinevi.com.tr\/index.php\/wp-json\/wp\/v2\/product\/752493","targetHints":{"allow":["GET"]}}],"collection":[{"href":"https:\/\/roveyayinevi.com.tr\/index.php\/wp-json\/wp\/v2\/product"}],"about":[{"href":"https:\/\/roveyayinevi.com.tr\/index.php\/wp-json\/wp\/v2\/types\/product"}],"wp:attachment":[{"href":"https:\/\/roveyayinevi.com.tr\/index.php\/wp-json\/wp\/v2\/media?parent=752493"}],"wp:term":[{"taxonomy":"product_brand","embeddable":true,"href":"https:\/\/roveyayinevi.com.tr\/index.php\/wp-json\/wp\/v2\/product_brand?post=752493"},{"taxonomy":"product_cat","embeddable":true,"href":"https:\/\/roveyayinevi.com.tr\/index.php\/wp-json\/wp\/v2\/product_cat?post=752493"},{"taxonomy":"product_tag","embeddable":true,"href":"https:\/\/roveyayinevi.com.tr\/index.php\/wp-json\/wp\/v2\/product_tag?post=752493"}],"curies":[{"name":"wp","href":"https:\/\/api.w.org\/{rel}","templated":true}]}}