{"id":752492,"date":"2025-08-28T05:17:36","date_gmt":"2025-08-28T02:17:36","guid":{"rendered":"https:\/\/roveyayinevi.com.tr\/index.php\/urun\/isigini-serbest-birak\/"},"modified":"2026-04-08T03:12:34","modified_gmt":"2026-04-08T00:12:34","slug":"isigini-serbest-birak","status":"publish","type":"product","link":"https:\/\/roveyayinevi.com.tr\/index.php\/urun\/isigini-serbest-birak\/","title":{"rendered":"I\u015f\u0131\u011f\u0131n\u0131 Serbest B\u0131rak"},"content":{"rendered":"<p>\u201cG\u00f6zlerini kapat ve ruhunu dinle. Belki tozun alt\u0131nda kalan seni fark etmen zaman alacak ama sonunda fark edeceksin. Fark etti\u011finde ona iyi davran ve ihtiyac\u0131 olan\u0131 ver.\u201d   Derin, Pamir, Talu, Ravza, Tu\u011frul, Vanessa ve Leandro\u2026 Bir yabanc\u0131 dil kursunda tan\u0131\u015fan, birbirinden t\u00fcm\u00fcyle farkl\u0131 bu 6 ki\u015fi kursun sona ermesinin ard\u0131ndan bulu\u015fmay\u0131 s\u00fcrd\u00fcrmektedir. Yabanc\u0131 dil becerilerini peki\u015ftirmek amac\u0131yla her hafta d\u00fczenli olarak ger\u00e7ekle\u015ftirdikleri, konu\u015fma kul\u00fcb\u00fc tarz\u0131ndaki sohbetlerin \u00f6zel mek\u00e2n\u0131 ise Lafta Kafe\u2019dir. Ba\u015flang\u0131\u00e7ta fark\u0131nda olmasalar da bu kitap-kafe, tan\u0131\u015f\u0131kl\u0131ktan derin bir dostlu\u011fa uzanan yolculuklar\u0131n\u0131 \u00f6zel k\u0131lan, \u00e2deta t\u0131ls\u0131ml\u0131 bir mek\u00e2n olacakt\u0131r. Bu kafede, sakl\u0131 s\u00f6zc\u00fckler dile gelmekte, \u00fczeri tozlanm\u0131\u015f s\u0131rlar payla\u015f\u0131lmakta, sand\u0131klara kilitlenen hayaller g\u00fcn y\u00fcz\u00fcne \u00e7\u0131kar\u0131lmaktad\u0131r. Her biri y\u00fcre\u011finde ayr\u0131 bir ya\u015fam \u00f6yk\u00fcs\u00fc ta\u015f\u0131yan bu 6 insan, Lafta Kafe\u2019de bir araya gelip sohbet ettik\u00e7e sihirli bir de\u011fnekle dokunulmu\u015f\u00e7as\u0131na farkl\u0131 yollar a\u00e7\u0131l\u0131r \u00f6nlerinde. Ve her biri i\u00e7inde sakl\u0131 tuttu\u011fu \u0131\u015f\u0131\u011f\u0131 serbest b\u0131rakma cesareti yakalar.   B\u00fc\u015fra Co\u015fkun Keskin, I\u015f\u0131\u011f\u0131n\u0131 Serbest B\u0131rak kitab\u0131nda, s\u0131cak dost sohbetleri e\u015fli\u011finde, varolu\u015fun ve ya\u015fam\u0131n anlam\u0131n\u0131 sorgulat\u0131yor ve kendi hayat\u0131m\u0131z\u0131n kahraman\u0131 olmay\u0131 f\u0131s\u0131ld\u0131yor bizlere. <\/p>\n","protected":false},"excerpt":{"rendered":"<p>\u201cG\u00f6zlerini kapat ve ruhunu dinle. Belki tozun alt\u0131nda kalan seni fark etmen zaman alacak ama sonunda fark edeceksin. Fark etti\u011finde ona iyi davran ve ihtiyac\u0131 olan\u0131<span class=\"excerpt-hellip\"> [\u2026]<\/span><\/p>\n","protected":false},"featured_media":0,"template":"","meta":{"_monsterinsights_skip_tracking":false,"_monsterinsights_sitenote_active":false,"_monsterinsights_sitenote_note":"","_monsterinsights_sitenote_category":0},"product_brand":[],"product_cat":[12364,12376],"product_tag":[],"class_list":{"0":"post-752492","1":"product","2":"type-product","3":"status-publish","5":"product_cat-genel-konular","6":"product_cat-kisisel-gelisim","7":"pa_cilt-ciltsiz","8":"pa_tur-kitap","9":"pa_yayinevi-muptela-yayinevi","10":"pa_yazar-busra-coskun-keskin","12":"first","13":"instock","14":"sale","15":"shipping-taxable","16":"purchasable","17":"product-type-simple"},"_links":{"self":[{"href":"https:\/\/roveyayinevi.com.tr\/index.php\/wp-json\/wp\/v2\/product\/752492","targetHints":{"allow":["GET"]}}],"collection":[{"href":"https:\/\/roveyayinevi.com.tr\/index.php\/wp-json\/wp\/v2\/product"}],"about":[{"href":"https:\/\/roveyayinevi.com.tr\/index.php\/wp-json\/wp\/v2\/types\/product"}],"wp:attachment":[{"href":"https:\/\/roveyayinevi.com.tr\/index.php\/wp-json\/wp\/v2\/media?parent=752492"}],"wp:term":[{"taxonomy":"product_brand","embeddable":true,"href":"https:\/\/roveyayinevi.com.tr\/index.php\/wp-json\/wp\/v2\/product_brand?post=752492"},{"taxonomy":"product_cat","embeddable":true,"href":"https:\/\/roveyayinevi.com.tr\/index.php\/wp-json\/wp\/v2\/product_cat?post=752492"},{"taxonomy":"product_tag","embeddable":true,"href":"https:\/\/roveyayinevi.com.tr\/index.php\/wp-json\/wp\/v2\/product_tag?post=752492"}],"curies":[{"name":"wp","href":"https:\/\/api.w.org\/{rel}","templated":true}]}}