{"id":752488,"date":"2025-08-28T05:17:29","date_gmt":"2025-08-28T02:17:29","guid":{"rendered":"https:\/\/roveyayinevi.com.tr\/index.php\/urun\/bul-ve-soyle-ormanda-neler-goruyorsun\/"},"modified":"2026-04-08T03:12:34","modified_gmt":"2026-04-08T00:12:34","slug":"bul-ve-soyle-ormanda-neler-goruyorsun","status":"publish","type":"product","link":"https:\/\/roveyayinevi.com.tr\/index.php\/urun\/bul-ve-soyle-ormanda-neler-goruyorsun\/","title":{"rendered":"Bul ve S\u00f6yle\/Ormanda Neler G\u00f6r\u00fcyorsun?"},"content":{"rendered":"<p>Ormanda g\u00f6r\u00fclecek \u00e7ok \u015fey var!   Yabani hayvanlar ve bitkilerle dolu resimleri ve \u00fczerine sohbet edilebilecek sorular\u0131 sayesinde, k\u00fc\u00e7\u00fckler bu kitapla hem e\u011flenecek hem de yeni kelimeler \u00f6\u011frenecek. Sayfalar\u0131n alt\u0131ndaki nesnelere bak\u0131n, onlar\u0131 resimlerde bulun ve s\u00f6zc\u00fckleri birlikte tekrar edin!   D\u00f6rt kitaptan olu\u015fan Bul ve S\u00f6yle Serisi, \u00fc\u00e7 ya\u015f ve \u00fczeri miniklerin dikkat becerilerinin geli\u015fimine katk\u0131da bulunurken, keyifli bir sohbet e\u015fli\u011finde bir s\u00fcr\u00fc yeni kelime \u00f6\u011frenmelerini sa\u011flayacak! <\/p>\n","protected":false},"excerpt":{"rendered":"<p>Ormanda g\u00f6r\u00fclecek \u00e7ok \u015fey var! Yabani hayvanlar ve bitkilerle dolu resimleri ve \u00fczerine sohbet edilebilecek sorular\u0131 sayesinde, k\u00fc\u00e7\u00fckler bu kitapla hem e\u011flenecek hem de yeni kelimeler<span class=\"excerpt-hellip\"> [\u2026]<\/span><\/p>\n","protected":false},"featured_media":0,"template":"","meta":{"_monsterinsights_skip_tracking":false,"_monsterinsights_sitenote_active":false,"_monsterinsights_sitenote_note":"","_monsterinsights_sitenote_category":0},"product_brand":[],"product_cat":[12274,12284],"product_tag":[],"class_list":{"0":"post-752488","1":"product","2":"type-product","3":"status-publish","5":"product_cat-cocuk-ve-genclik-kitaplari","6":"product_cat-hikayeler","7":"pa_cilt-ciltsiz","8":"pa_tur-kitap","9":"pa_yayinevi-ithaki-yayinlari","10":"pa_yazar-sebastien-braun","12":"first","13":"instock","14":"sale","15":"shipping-taxable","16":"purchasable","17":"product-type-simple"},"_links":{"self":[{"href":"https:\/\/roveyayinevi.com.tr\/index.php\/wp-json\/wp\/v2\/product\/752488","targetHints":{"allow":["GET"]}}],"collection":[{"href":"https:\/\/roveyayinevi.com.tr\/index.php\/wp-json\/wp\/v2\/product"}],"about":[{"href":"https:\/\/roveyayinevi.com.tr\/index.php\/wp-json\/wp\/v2\/types\/product"}],"wp:attachment":[{"href":"https:\/\/roveyayinevi.com.tr\/index.php\/wp-json\/wp\/v2\/media?parent=752488"}],"wp:term":[{"taxonomy":"product_brand","embeddable":true,"href":"https:\/\/roveyayinevi.com.tr\/index.php\/wp-json\/wp\/v2\/product_brand?post=752488"},{"taxonomy":"product_cat","embeddable":true,"href":"https:\/\/roveyayinevi.com.tr\/index.php\/wp-json\/wp\/v2\/product_cat?post=752488"},{"taxonomy":"product_tag","embeddable":true,"href":"https:\/\/roveyayinevi.com.tr\/index.php\/wp-json\/wp\/v2\/product_tag?post=752488"}],"curies":[{"name":"wp","href":"https:\/\/api.w.org\/{rel}","templated":true}]}}