{"id":752482,"date":"2025-08-28T05:17:18","date_gmt":"2025-08-28T02:17:18","guid":{"rendered":"https:\/\/roveyayinevi.com.tr\/index.php\/urun\/insanligimi-yitirirken-cilt-2\/"},"modified":"2026-04-16T03:05:56","modified_gmt":"2026-04-16T00:05:56","slug":"insanligimi-yitirirken-cilt-2","status":"publish","type":"product","link":"https:\/\/roveyayinevi.com.tr\/index.php\/urun\/insanligimi-yitirirken-cilt-2\/","title":{"rendered":"\u0130nsanl\u0131\u011f\u0131m\u0131 Yitirirken Cilt 2"},"content":{"rendered":"<p>Alternatif mangan\u0131n \u00e7\u0131\u011f\u0131r a\u00e7an isimlerinden Usamaru Furuya\u2019n\u0131n uyarlad\u0131\u011f\u0131 \u0130nsanl\u0131\u011f\u0131m\u0131 Yitirirken, Dazai\u2019nin \u00f6zg\u00fcn eserinin yakla\u015f\u0131k yetmi\u015f sene sonras\u0131nda ge\u00e7iyor. G\u00fcn\u00fcm\u00fcz Tokyo\u2019sunda hayat bulan Dazai\u2019nin \u00f6yk\u00fcs\u00fc, Japonya\u2019n\u0131n kuzeyindeki varl\u0131kl\u0131 bir aileden gelen gen\u00e7 bir adam\u0131n hayat\u0131n\u0131 anlat\u0131yor.   Hayatta olmak ne ifade ediyor?   Yozo\u2019nun sevdi\u011fi ilk kad\u0131nla \u00e7\u0131kt\u0131\u011f\u0131 yolculuk a\u015fk intihar\u0131yla sonlanm\u0131\u015ft\u0131r. \u201cPara\u201d, \u201cToplum\u201d, \u201cDi\u011fer \u0130nsanlar\u201d&#8230; Tutunabilece\u011fi hi\u00e7bir \u015feyin olmad\u0131\u011f\u0131 derin bir karanl\u0131\u011f\u0131n i\u00e7indeki Yozo\u2019nun sonunda ula\u015ft\u0131\u011f\u0131 \u015fey, yine bir \u201cKad\u0131n\u201da s\u0131\u011f\u0131nmakt\u0131r.   Yeti\u015fkin okurlara tavsiye olunur. <\/p>\n","protected":false},"excerpt":{"rendered":"<p>Alternatif mangan\u0131n \u00e7\u0131\u011f\u0131r a\u00e7an isimlerinden Usamaru Furuya\u2019n\u0131n uyarlad\u0131\u011f\u0131 \u0130nsanl\u0131\u011f\u0131m\u0131 Yitirirken, Dazai\u2019nin \u00f6zg\u00fcn eserinin yakla\u015f\u0131k yetmi\u015f sene sonras\u0131nda ge\u00e7iyor. G\u00fcn\u00fcm\u00fcz Tokyo\u2019sunda hayat bulan Dazai\u2019nin \u00f6yk\u00fcs\u00fc, Japonya\u2019n\u0131n kuzeyindeki<span class=\"excerpt-hellip\"> [\u2026]<\/span><\/p>\n","protected":false},"featured_media":0,"template":"","meta":{"_monsterinsights_skip_tracking":false,"_monsterinsights_sitenote_active":false,"_monsterinsights_sitenote_note":"","_monsterinsights_sitenote_category":0},"product_brand":[],"product_cat":[12416,12291],"product_tag":[],"class_list":{"0":"post-752482","1":"product","2":"type-product","3":"status-publish","5":"product_cat-cizgi-roman","6":"product_cat-edebiyat","7":"pa_cilt-ciltsiz","8":"pa_tur-kitap","9":"pa_yayinevi-ithaki-yayinlari","10":"pa_yazar-osamu-dazai-usamaru-furuya","12":"first","13":"instock","14":"sale","15":"shipping-taxable","16":"purchasable","17":"product-type-simple"},"_links":{"self":[{"href":"https:\/\/roveyayinevi.com.tr\/index.php\/wp-json\/wp\/v2\/product\/752482","targetHints":{"allow":["GET"]}}],"collection":[{"href":"https:\/\/roveyayinevi.com.tr\/index.php\/wp-json\/wp\/v2\/product"}],"about":[{"href":"https:\/\/roveyayinevi.com.tr\/index.php\/wp-json\/wp\/v2\/types\/product"}],"wp:attachment":[{"href":"https:\/\/roveyayinevi.com.tr\/index.php\/wp-json\/wp\/v2\/media?parent=752482"}],"wp:term":[{"taxonomy":"product_brand","embeddable":true,"href":"https:\/\/roveyayinevi.com.tr\/index.php\/wp-json\/wp\/v2\/product_brand?post=752482"},{"taxonomy":"product_cat","embeddable":true,"href":"https:\/\/roveyayinevi.com.tr\/index.php\/wp-json\/wp\/v2\/product_cat?post=752482"},{"taxonomy":"product_tag","embeddable":true,"href":"https:\/\/roveyayinevi.com.tr\/index.php\/wp-json\/wp\/v2\/product_tag?post=752482"}],"curies":[{"name":"wp","href":"https:\/\/api.w.org\/{rel}","templated":true}]}}