{"id":752481,"date":"2025-08-28T05:17:16","date_gmt":"2025-08-28T02:17:16","guid":{"rendered":"https:\/\/roveyayinevi.com.tr\/index.php\/urun\/insanligimi-yitirirken-cilt-1\/"},"modified":"2026-04-16T03:05:56","modified_gmt":"2026-04-16T00:05:56","slug":"insanligimi-yitirirken-cilt-1","status":"publish","type":"product","link":"https:\/\/roveyayinevi.com.tr\/index.php\/urun\/insanligimi-yitirirken-cilt-1\/","title":{"rendered":"\u0130nsanl\u0131\u011f\u0131m\u0131 Yitirirken Cilt 1"},"content":{"rendered":"<p>Alternatif mangan\u0131n \u00e7\u0131\u011f\u0131r a\u00e7an isimlerinden Usamaru Furuya\u2019n\u0131n uyarlad\u0131\u011f\u0131 \u0130nsanl\u0131\u011f\u0131m\u0131 Yitirirken, Dazai\u2019nin \u00f6zg\u00fcn eserinin yakla\u015f\u0131k yetmi\u015f sene sonras\u0131nda ge\u00e7iyor. G\u00fcn\u00fcm\u00fcz Tokyo\u2019sunda hayat bulan Dazai\u2019nin \u00f6yk\u00fcs\u00fc, Japonya\u2019n\u0131n kuzeyindeki varl\u0131kl\u0131 bir aileden gelen gen\u00e7 bir adam\u0131n hayat\u0131n\u0131 anlat\u0131yor.   Neden insanlar\u0131 gerekti\u011fi gibi sevemiyorum?   Varl\u0131kl\u0131 ve hi\u00e7bir s\u0131k\u0131nt\u0131 ya\u015famayan bir ailede d\u00fcnyaya gelen Oba, b\u00fcy\u00fcd\u00fc\u011f\u00fcnde de herkes taraf\u0131ndan sevilen yak\u0131\u015f\u0131kl\u0131 bir gen\u00e7 olur. Yaln\u0131z o soytar\u0131 maskesinin alt\u0131nda, ama\u00e7s\u0131z ve s\u00fcr\u00fcklendi\u011fi gibi ya\u015fayan nihilist bir ifade sakl\u0131d\u0131r. Bu \u00e7ocuk asl\u0131nda nas\u0131l bir hayat s\u00fcrd\u00fcrmektedir?   Yeti\u015fkin okurlara tavsiye olunur. <\/p>\n","protected":false},"excerpt":{"rendered":"<p>Alternatif mangan\u0131n \u00e7\u0131\u011f\u0131r a\u00e7an isimlerinden Usamaru Furuya\u2019n\u0131n uyarlad\u0131\u011f\u0131 \u0130nsanl\u0131\u011f\u0131m\u0131 Yitirirken, Dazai\u2019nin \u00f6zg\u00fcn eserinin yakla\u015f\u0131k yetmi\u015f sene sonras\u0131nda ge\u00e7iyor. G\u00fcn\u00fcm\u00fcz Tokyo\u2019sunda hayat bulan Dazai\u2019nin \u00f6yk\u00fcs\u00fc, Japonya\u2019n\u0131n kuzeyindeki<span class=\"excerpt-hellip\"> [\u2026]<\/span><\/p>\n","protected":false},"featured_media":0,"template":"","meta":{"_monsterinsights_skip_tracking":false,"_monsterinsights_sitenote_active":false,"_monsterinsights_sitenote_note":"","_monsterinsights_sitenote_category":0},"product_brand":[],"product_cat":[12416,12291],"product_tag":[],"class_list":{"0":"post-752481","1":"product","2":"type-product","3":"status-publish","5":"product_cat-cizgi-roman","6":"product_cat-edebiyat","7":"pa_cilt-ciltsiz","8":"pa_tur-kitap","9":"pa_yayinevi-ithaki-yayinlari","10":"pa_yazar-osamu-dazai-usamaru-furuya","12":"first","13":"instock","14":"sale","15":"shipping-taxable","16":"purchasable","17":"product-type-simple"},"_links":{"self":[{"href":"https:\/\/roveyayinevi.com.tr\/index.php\/wp-json\/wp\/v2\/product\/752481","targetHints":{"allow":["GET"]}}],"collection":[{"href":"https:\/\/roveyayinevi.com.tr\/index.php\/wp-json\/wp\/v2\/product"}],"about":[{"href":"https:\/\/roveyayinevi.com.tr\/index.php\/wp-json\/wp\/v2\/types\/product"}],"wp:attachment":[{"href":"https:\/\/roveyayinevi.com.tr\/index.php\/wp-json\/wp\/v2\/media?parent=752481"}],"wp:term":[{"taxonomy":"product_brand","embeddable":true,"href":"https:\/\/roveyayinevi.com.tr\/index.php\/wp-json\/wp\/v2\/product_brand?post=752481"},{"taxonomy":"product_cat","embeddable":true,"href":"https:\/\/roveyayinevi.com.tr\/index.php\/wp-json\/wp\/v2\/product_cat?post=752481"},{"taxonomy":"product_tag","embeddable":true,"href":"https:\/\/roveyayinevi.com.tr\/index.php\/wp-json\/wp\/v2\/product_tag?post=752481"}],"curies":[{"name":"wp","href":"https:\/\/api.w.org\/{rel}","templated":true}]}}