{"id":752480,"date":"2025-08-28T05:17:15","date_gmt":"2025-08-28T02:17:15","guid":{"rendered":"https:\/\/roveyayinevi.com.tr\/index.php\/urun\/ithaka\/"},"modified":"2026-04-16T03:05:56","modified_gmt":"2026-04-16T00:05:56","slug":"ithaka","status":"publish","type":"product","link":"https:\/\/roveyayinevi.com.tr\/index.php\/urun\/ithaka\/","title":{"rendered":"\u0130thaka"},"content":{"rendered":"<p>BEN ODYSSEUS\u2019UN KARISI OLDU\u011eUMDAN DAHA UZUN ZAMANDIR \u0130THAKA KRAL\u0130\u00c7ES\u0130\u2019Y\u0130M.   Odysseus\u2019un yitik, yaln\u0131z adas\u0131 \u0130thaka keskin zek\u00e2s\u0131yla nam salm\u0131\u015f kral\u0131n\u0131n yoklu\u011funda k\u0131ymete binmi\u015fti. Saray\u0131n salonu t\u0131ka basa doluydu; yi\u011fit yahut zengin talipler, hizmet\u00e7iler ve de insan k\u0131l\u0131\u011f\u0131na b\u00fcr\u00fcnm\u00fc\u015f tanr\u0131lar. Bir de iffetli krali\u00e7e ve babas\u0131n\u0131n yerini doldurmaya \u00e7abalayan bir o\u011ful: Penelopeia ile Telemakhos.   Her g\u00fcn\u00fcn\u00fc ars\u0131z taliplerini oyalamak, g\u00f6n\u00fcllerini ho\u015f tutmakla, bitirmeye niyetlenmedi\u011fi bir kefeni dokumakla ge\u00e7iren Penelopeia&#8217;n\u0131n krall\u0131\u011f\u0131 y\u00f6netmesi, o\u011flu Telemakhos\u2019u beladan uzak tutmas\u0131 ve bunlar yetmezmi\u015f gibi bir de yeni ortaya \u00e7\u0131kan korsan ya\u011fmac\u0131lara kar\u015f\u0131 g\u00fcvenli\u011fi sa\u011flamas\u0131 gerekiyordu. G\u00fcvenebilece\u011fi birka\u00e7 kad\u0131n haricinde tek ba\u015f\u0131nayd\u0131, g\u00fc\u00e7s\u00fczd\u00fc ama en az Odysseus kadar ak\u0131ll\u0131 ve kurnazd\u0131 da; destanlar onun bu y\u00f6n\u00fcnden pek bahsetmez.   \u00d6d\u00fcll\u00fc yazar Claire North, Penelopeia&#8217;n\u0131n \u015eark\u0131lar\u0131 \u00fc\u00e7lemesinin ilk kitab\u0131 \u0130thaka\u2019da Kral Odysseus\u2019un \u015fan\u0131n\u0131n g\u00f6lgesinde b\u0131rak\u0131lm\u0131\u015f \u0130thaka Adas\u0131\u2019n\u0131, sarayda \u00e7evrilen dolaplar\u0131 ve hepsinden \u00f6nemlisi bunca zamand\u0131r hakk\u0131 yeterince teslim edilmemi\u015f becerikli Penelopeia\u2019y\u0131 hem insanlar\u0131n hem de tanr\u0131lar\u0131n g\u00f6z\u00fcnden, ger\u00e7ek ve yal\u0131n h\u00e2liyle anlat\u0131yor.   \u201c\u0130thaka, Yunan mitolojisine casus hizmet\u00e7iler, d\u00fczenbaz t\u00fcccarlar ve kurnaz bir krali\u00e7e ile farkl\u0131 ve yeni bir bak\u0131\u015f sunuyor.\u201d \u2013Kirkus   \u201cClaire North, tanr\u0131\u00e7alardan krali\u00e7elere ve k\u00f6le kad\u0131nlara kadar uzanan bir dizi mitolojik karaktere incelikle hayat veriyor.\u201d \u2013Jennifer Saint <\/p>\n","protected":false},"excerpt":{"rendered":"<p>BEN ODYSSEUS\u2019UN KARISI OLDU\u011eUMDAN DAHA UZUN ZAMANDIR \u0130THAKA KRAL\u0130\u00c7ES\u0130\u2019Y\u0130M. Odysseus\u2019un yitik, yaln\u0131z adas\u0131 \u0130thaka keskin zek\u00e2s\u0131yla nam salm\u0131\u015f kral\u0131n\u0131n yoklu\u011funda k\u0131ymete binmi\u015fti. Saray\u0131n salonu t\u0131ka basa<span class=\"excerpt-hellip\"> [\u2026]<\/span><\/p>\n","protected":false},"featured_media":0,"template":"","meta":{"_monsterinsights_skip_tracking":false,"_monsterinsights_sitenote_active":false,"_monsterinsights_sitenote_note":"","_monsterinsights_sitenote_category":0},"product_brand":[],"product_cat":[12291,14777],"product_tag":[],"class_list":{"0":"post-752480","1":"product","2":"type-product","3":"status-publish","5":"product_cat-edebiyat","6":"product_cat-fantastik","7":"pa_cilt-ciltsiz","8":"pa_tur-kitap","9":"pa_yayinevi-ithaki-yayinlari","10":"pa_yazar-claire-north","12":"first","13":"instock","14":"sale","15":"shipping-taxable","16":"purchasable","17":"product-type-simple"},"_links":{"self":[{"href":"https:\/\/roveyayinevi.com.tr\/index.php\/wp-json\/wp\/v2\/product\/752480","targetHints":{"allow":["GET"]}}],"collection":[{"href":"https:\/\/roveyayinevi.com.tr\/index.php\/wp-json\/wp\/v2\/product"}],"about":[{"href":"https:\/\/roveyayinevi.com.tr\/index.php\/wp-json\/wp\/v2\/types\/product"}],"wp:attachment":[{"href":"https:\/\/roveyayinevi.com.tr\/index.php\/wp-json\/wp\/v2\/media?parent=752480"}],"wp:term":[{"taxonomy":"product_brand","embeddable":true,"href":"https:\/\/roveyayinevi.com.tr\/index.php\/wp-json\/wp\/v2\/product_brand?post=752480"},{"taxonomy":"product_cat","embeddable":true,"href":"https:\/\/roveyayinevi.com.tr\/index.php\/wp-json\/wp\/v2\/product_cat?post=752480"},{"taxonomy":"product_tag","embeddable":true,"href":"https:\/\/roveyayinevi.com.tr\/index.php\/wp-json\/wp\/v2\/product_tag?post=752480"}],"curies":[{"name":"wp","href":"https:\/\/api.w.org\/{rel}","templated":true}]}}