{"id":752479,"date":"2025-08-28T05:17:13","date_gmt":"2025-08-28T02:17:13","guid":{"rendered":"https:\/\/roveyayinevi.com.tr\/index.php\/urun\/asemiye-acilan-kapi\/"},"modified":"2026-04-16T03:05:56","modified_gmt":"2026-04-16T00:05:56","slug":"asemiye-acilan-kapi","status":"publish","type":"product","link":"https:\/\/roveyayinevi.com.tr\/index.php\/urun\/asemiye-acilan-kapi\/","title":{"rendered":"Asemi&#8217;ye A\u00e7\u0131lan Kap\u0131"},"content":{"rendered":"<p>B\u0130R G\u00dcN S\u0130LG\u0130N\u0130Z\u0130 KAYBEDERSEN\u0130Z BA\u015eINIZA NELER GELEB\u0130L\u0130R H\u0130\u00c7 D\u00dc\u015e\u00dcND\u00dcN\u00dcZ M\u00dc? Hik\u00e2yemizin ba\u015fkahraman\u0131 Civan, bir g\u00fcn silgisini kaybeder ve onun pe\u015finden ko\u015farken hi\u00e7 ummad\u0131\u011f\u0131 maceralar\u0131n kap\u0131s\u0131n\u0131 aralar. \u00d6nce ASEM\u0130 isimli esrarengiz bir adaya d\u00fc\u015fer ve orada ona yolda\u015fl\u0131k edecek arkada\u015flarla tan\u0131\u015f\u0131r. Kirpi ORE, Civan\u2019\u0131n bir numaral\u0131 macera arkada\u015f\u0131 olur, beraber dedektif gibi silginin izini s\u00fcrerler. Adadan kurtulup evine d\u00f6nebilmesi i\u00e7in ise k\u00f6t\u00fc kalpli canavar BUBURU\u2019ya kar\u015f\u0131 birlikte m\u00fccadele ederek heyecan dolu bir ser\u00fcvene imza atarlar\u2026 \u201cZaten ba\u015f\u0131ma ne geldiyse silgimi takip edip bulay\u0131m derken gelmedi mi?\u201d<\/p>\n","protected":false},"excerpt":{"rendered":"<p>B\u0130R G\u00dcN S\u0130LG\u0130N\u0130Z\u0130 KAYBEDERSEN\u0130Z BA\u015eINIZA NELER GELEB\u0130L\u0130R H\u0130\u00c7 D\u00dc\u015e\u00dcND\u00dcN\u00dcZ M\u00dc? Hik\u00e2yemizin ba\u015fkahraman\u0131 Civan, bir g\u00fcn silgisini kaybeder ve onun pe\u015finden ko\u015farken hi\u00e7 ummad\u0131\u011f\u0131 maceralar\u0131n kap\u0131s\u0131n\u0131 aralar.<span class=\"excerpt-hellip\"> [\u2026]<\/span><\/p>\n","protected":false},"featured_media":0,"template":"","meta":{"_monsterinsights_skip_tracking":false,"_monsterinsights_sitenote_active":false,"_monsterinsights_sitenote_note":"","_monsterinsights_sitenote_category":0},"product_brand":[],"product_cat":[12274,12284],"product_tag":[],"class_list":{"0":"post-752479","1":"product","2":"type-product","3":"status-publish","5":"product_cat-cocuk-ve-genclik-kitaplari","6":"product_cat-hikayeler","7":"pa_cilt-ciltsiz","8":"pa_tur-kitap","9":"pa_yayinevi-dokuz-yayinlari","10":"pa_yazar-nesime-dursun","12":"first","13":"instock","14":"sale","15":"shipping-taxable","16":"purchasable","17":"product-type-simple"},"_links":{"self":[{"href":"https:\/\/roveyayinevi.com.tr\/index.php\/wp-json\/wp\/v2\/product\/752479","targetHints":{"allow":["GET"]}}],"collection":[{"href":"https:\/\/roveyayinevi.com.tr\/index.php\/wp-json\/wp\/v2\/product"}],"about":[{"href":"https:\/\/roveyayinevi.com.tr\/index.php\/wp-json\/wp\/v2\/types\/product"}],"wp:attachment":[{"href":"https:\/\/roveyayinevi.com.tr\/index.php\/wp-json\/wp\/v2\/media?parent=752479"}],"wp:term":[{"taxonomy":"product_brand","embeddable":true,"href":"https:\/\/roveyayinevi.com.tr\/index.php\/wp-json\/wp\/v2\/product_brand?post=752479"},{"taxonomy":"product_cat","embeddable":true,"href":"https:\/\/roveyayinevi.com.tr\/index.php\/wp-json\/wp\/v2\/product_cat?post=752479"},{"taxonomy":"product_tag","embeddable":true,"href":"https:\/\/roveyayinevi.com.tr\/index.php\/wp-json\/wp\/v2\/product_tag?post=752479"}],"curies":[{"name":"wp","href":"https:\/\/api.w.org\/{rel}","templated":true}]}}