{"id":752477,"date":"2025-08-28T05:17:09","date_gmt":"2025-08-28T02:17:09","guid":{"rendered":"https:\/\/roveyayinevi.com.tr\/index.php\/urun\/otoriter-populizm-ve-demokrasi\/"},"modified":"2026-04-16T03:05:55","modified_gmt":"2026-04-16T00:05:55","slug":"otoriter-populizm-ve-demokrasi","status":"publish","type":"product","link":"https:\/\/roveyayinevi.com.tr\/index.php\/urun\/otoriter-populizm-ve-demokrasi\/","title":{"rendered":"Otoriter Pop\u00fclizm ve Demokrasi"},"content":{"rendered":"<p>\u201cOtoriter pop\u00fclist partiler toplumdaki ayr\u0131\u015fmalar\u0131 yumu\u015fatmaya \u00e7al\u0131\u015fmak bir yana, toplumun kar\u015f\u0131t ve \u00e7at\u0131\u015fan kamplara b\u00f6l\u00fcnmesini daha keskinle\u015ftirmeye, derinle\u015ftirmeye ve daha geni\u015f toplum kesimlerine yaymaya \u00e7al\u0131\u015fmaktad\u0131r. Otoriter pop\u00fclist iktidarlar\u0131n neo-liberal politika ara\u00e7lar\u0131n\u0131 da devreye sokarak kendilerine yak\u0131n bulduklar\u0131 ki\u015fileri ve kesimleri kollarken di\u011ferlerini kaynaklardan ve f\u0131rsat e\u015fitli\u011finden mahrum etmesi, toplumsal gerilimlerin ve \u00e7at\u0131\u015fmalar\u0131n t\u0131rman\u0131\u015fa ge\u00e7mesinin ba\u015fl\u0131ca nedenlerinden birisidir. 21. Y\u00fczy\u0131l\u0131n ilk \u00e7eyre\u011finin sonuna gelinirken sa\u011f-sol, emek-sermaye, farkl\u0131 uygarl\u0131klar ve k\u00fclt\u00fcrler aras\u0131nda var olan gerilimler ve \u00e7at\u0131\u015fmalar ku\u015fkusuz devam etmektedir. Bununla birlikte otoriter pop\u00fclizm ile demokrasi aras\u0131ndaki gerilim, siyaset d\u00fcnyas\u0131n\u0131n en \u00f6nemli \u00e7at\u0131\u015fma eksenlerinden birisi haline gelmi\u015ftir. Otoriter pop\u00fclist partiler ve iktidarlar, birbirleriyle fikir, g\u00f6r\u00fc\u015f ve deneyim al\u0131\u015fveri\u015fi yapman\u0131n \u00f6tesinde ittifaklar olu\u015fturmakta, hatta m\u00fcttefiklerini destekleme amac\u0131yla ba\u015fka \u00fclkelerin i\u00e7 siyasetine m\u00fcdahale edebilmektedir. G\u00fcn\u00fcm\u00fczde pop\u00fclistlerle demokrasiyi savunanlar aras\u0131ndaki \u00e7at\u0131\u015fma t\u00fcm d\u00fcnyaya yay\u0131lm\u0131\u015f, otoriter pop\u00fclizm t\u00fcm d\u00fcnya i\u00e7in bar\u0131\u015fa ve istikrara y\u00f6nelik b\u00fcy\u00fck bir tehdit haline gelmi\u015ftir.\u201d Bu kitap, Prof. Dr. Fuat KEYMAN, Prof. Dr. \u015eule \u00d6ZSOY BOYUNSUZ, Prof. Dr. Ersin KALAYCIO\u011eLU, Prof. Dr. \u0130lter TURAN, Do\u00e7. Dr. Galip YALMAN, Do\u00e7. Dr. \u015eebnem YARDIMCI GEY\u0130K\u00c7\u0130, Do\u00e7.Dr. Burak COP,  Dr. Hakan YAVUZYILMAZ ve Dr. Tu\u011f\u00e7e ER\u00c7ET\u0130N katk\u0131lar\u0131yla bu konulara de\u011finmi\u015ftir. <\/p>\n","protected":false},"excerpt":{"rendered":"<p>\u201cOtoriter pop\u00fclist partiler toplumdaki ayr\u0131\u015fmalar\u0131 yumu\u015fatmaya \u00e7al\u0131\u015fmak bir yana, toplumun kar\u015f\u0131t ve \u00e7at\u0131\u015fan kamplara b\u00f6l\u00fcnmesini daha keskinle\u015ftirmeye, derinle\u015ftirmeye ve daha geni\u015f toplum kesimlerine yaymaya \u00e7al\u0131\u015fmaktad\u0131r. Otoriter<span class=\"excerpt-hellip\"> [\u2026]<\/span><\/p>\n","protected":false},"featured_media":0,"template":"","meta":{"_monsterinsights_skip_tracking":false,"_monsterinsights_sitenote_active":false,"_monsterinsights_sitenote_note":"","_monsterinsights_sitenote_category":0},"product_brand":[],"product_cat":[12337],"product_tag":[],"class_list":{"0":"post-752477","1":"product","2":"type-product","3":"status-publish","5":"product_cat-politika-siyaset","6":"pa_cilt-ciltsiz","7":"pa_tur-kitap","8":"pa_yayinevi-sosyal-demokrasi-dernegi","9":"pa_yazar-sencer-ayata","11":"first","12":"instock","13":"sale","14":"shipping-taxable","15":"purchasable","16":"product-type-simple"},"_links":{"self":[{"href":"https:\/\/roveyayinevi.com.tr\/index.php\/wp-json\/wp\/v2\/product\/752477","targetHints":{"allow":["GET"]}}],"collection":[{"href":"https:\/\/roveyayinevi.com.tr\/index.php\/wp-json\/wp\/v2\/product"}],"about":[{"href":"https:\/\/roveyayinevi.com.tr\/index.php\/wp-json\/wp\/v2\/types\/product"}],"wp:attachment":[{"href":"https:\/\/roveyayinevi.com.tr\/index.php\/wp-json\/wp\/v2\/media?parent=752477"}],"wp:term":[{"taxonomy":"product_brand","embeddable":true,"href":"https:\/\/roveyayinevi.com.tr\/index.php\/wp-json\/wp\/v2\/product_brand?post=752477"},{"taxonomy":"product_cat","embeddable":true,"href":"https:\/\/roveyayinevi.com.tr\/index.php\/wp-json\/wp\/v2\/product_cat?post=752477"},{"taxonomy":"product_tag","embeddable":true,"href":"https:\/\/roveyayinevi.com.tr\/index.php\/wp-json\/wp\/v2\/product_tag?post=752477"}],"curies":[{"name":"wp","href":"https:\/\/api.w.org\/{rel}","templated":true}]}}