{"id":752476,"date":"2025-08-28T05:17:08","date_gmt":"2025-08-28T02:17:08","guid":{"rendered":"https:\/\/roveyayinevi.com.tr\/index.php\/urun\/dogmadan-olenler-tepenin-katilleri-2-kitap\/"},"modified":"2026-04-16T03:05:55","modified_gmt":"2026-04-16T00:05:55","slug":"dogmadan-olenler-tepenin-katilleri-2-kitap","status":"publish","type":"product","link":"https:\/\/roveyayinevi.com.tr\/index.php\/urun\/dogmadan-olenler-tepenin-katilleri-2-kitap\/","title":{"rendered":"Do\u011fmadan \u00d6lenler \u201cTepenin Katilleri\u201d (2. Kitap)"},"content":{"rendered":"<p>A\u00e7 k\u00f6pekler yeme\u011fini asla payla\u015fmaz!.. Tok insanlar gibi! Ya\u015fam\u0131n zorlu\u011fu ile \u00f6l\u00fcm\u00fcn kolayl\u0131\u011f\u0131 aras\u0131nda tercih yapanlar\u0131n ak\u0131l almaz m\u00fccadelesini anlatan \u201cDo\u011fmadan \u00d6lenler\u201d serisinin yeni maceras\u0131 \u201cTepenin Katilleri\u201d bilin\u00e7alt\u0131n\u0131zla oynayacak. Hepsinin a\u011fz\u0131ndan kan s\u0131z\u0131yor ve haklar\u0131n\u0131 asla payla\u015fmazlar \u00e7\u00fcnk\u00fc: G\u00fcc\u00fc besleyen kazanman\u0131n hazz\u0131d\u0131r. Tepenin Katilleri\u2019n de neler mi, ya\u015fayacaks\u0131n\u0131z? Cesetlerin nas\u0131l sakland\u0131\u011f\u0131na \u015fa\u015fk\u0131nl\u0131kla \u015fahit olurken Tepenin Katilleri\u2019nin ise nas\u0131l beslendi\u011fini hayretler i\u00e7inde okuyacaks\u0131n\u0131z. Bildi\u011finiz b\u00fct\u00fcn kitaplar\u0131 ve kurgular\u0131 unutun. \u00c7\u00fcnk\u00fc bu kitap s\u0131n\u0131rlar\u0131n\u0131z\u0131 zorlarken zihninizi de alt \u00fcst edecektir. <\/p>\n","protected":false},"excerpt":{"rendered":"<p>A\u00e7 k\u00f6pekler yeme\u011fini asla payla\u015fmaz!.. Tok insanlar gibi! Ya\u015fam\u0131n zorlu\u011fu ile \u00f6l\u00fcm\u00fcn kolayl\u0131\u011f\u0131 aras\u0131nda tercih yapanlar\u0131n ak\u0131l almaz m\u00fccadelesini anlatan \u201cDo\u011fmadan \u00d6lenler\u201d serisinin yeni maceras\u0131 \u201cTepenin<span class=\"excerpt-hellip\"> [\u2026]<\/span><\/p>\n","protected":false},"featured_media":0,"template":"","meta":{"_monsterinsights_skip_tracking":false,"_monsterinsights_sitenote_active":false,"_monsterinsights_sitenote_note":"","_monsterinsights_sitenote_category":0},"product_brand":[],"product_cat":[12291,14777],"product_tag":[],"class_list":{"0":"post-752476","1":"product","2":"type-product","3":"status-publish","5":"product_cat-edebiyat","6":"product_cat-fantastik","7":"pa_cilt-ciltsiz","8":"pa_tur-kitap","9":"pa_yayinevi-vaveyla-yayincilik","10":"pa_yazar-halit-yazici","12":"first","13":"instock","14":"sale","15":"shipping-taxable","16":"purchasable","17":"product-type-simple"},"_links":{"self":[{"href":"https:\/\/roveyayinevi.com.tr\/index.php\/wp-json\/wp\/v2\/product\/752476","targetHints":{"allow":["GET"]}}],"collection":[{"href":"https:\/\/roveyayinevi.com.tr\/index.php\/wp-json\/wp\/v2\/product"}],"about":[{"href":"https:\/\/roveyayinevi.com.tr\/index.php\/wp-json\/wp\/v2\/types\/product"}],"wp:attachment":[{"href":"https:\/\/roveyayinevi.com.tr\/index.php\/wp-json\/wp\/v2\/media?parent=752476"}],"wp:term":[{"taxonomy":"product_brand","embeddable":true,"href":"https:\/\/roveyayinevi.com.tr\/index.php\/wp-json\/wp\/v2\/product_brand?post=752476"},{"taxonomy":"product_cat","embeddable":true,"href":"https:\/\/roveyayinevi.com.tr\/index.php\/wp-json\/wp\/v2\/product_cat?post=752476"},{"taxonomy":"product_tag","embeddable":true,"href":"https:\/\/roveyayinevi.com.tr\/index.php\/wp-json\/wp\/v2\/product_tag?post=752476"}],"curies":[{"name":"wp","href":"https:\/\/api.w.org\/{rel}","templated":true}]}}