{"id":752474,"date":"2025-08-28T05:17:06","date_gmt":"2025-08-28T02:17:06","guid":{"rendered":"https:\/\/roveyayinevi.com.tr\/index.php\/urun\/haiti-devriminin-kisa-tarihi\/"},"modified":"2026-01-22T03:28:48","modified_gmt":"2026-01-22T00:28:48","slug":"haiti-devriminin-kisa-tarihi","status":"publish","type":"product","link":"https:\/\/roveyayinevi.com.tr\/index.php\/urun\/haiti-devriminin-kisa-tarihi\/","title":{"rendered":"Haiti Devrimi\u2019nin K\u0131sa Tarihi"},"content":{"rendered":"<p>Haiti Devriminin hikayesi, \u00f6zg\u00fcrl\u00fck ve e\u015fitlik hakk\u0131ndaki modern fikirlerin kayna\u011f\u0131 olarak Bat\u0131 Avrupa uygarl\u0131\u011f\u0131n\u0131 g\u00f6rmek isteyenler i\u00e7in \u00e7arp\u0131c\u0131 bir hat\u0131rlatmad\u0131r. ABD\u2019de ve Fransa\u2019da \u00f6zg\u00fcrl\u00fck ve e\u015fitlik fikirlerini etkili bir dille form\u00fcle eden devrimci liderler, Atlantik d\u00fcnyas\u0131nda siyahlar\u0131n k\u00f6lele\u015ftirilmesini s\u00fcrd\u00fcrmek i\u00e7in \u00f6l\u00fcm\u00fcne sava\u015fmaya haz\u0131rlard\u0131. \u201cBu topraklarda k\u00f6le olamayaca\u011f\u0131n\u0131; k\u00f6leli\u011fin bu topraklarda sonsuza dek kald\u0131r\u0131ld\u0131\u011f\u0131n\u0131\u201d ilan eden ilk anayasa ABD\u2019nin ve devrim Fransas\u0131\u2019n\u0131n anayasalar\u0131 de\u011fil Toussaint Louverture\u2019\u00fcn 1801 Anayasas\u0131yd\u0131. T\u00fcm insanlar\u0131n e\u015fit de\u011ferde oldu\u011funun tan\u0131nmas\u0131, d\u00fcnya i\u00e7in ger\u00e7ekten evrensel bir de\u011ferler dizisinin temeli olacaksa, bu ilkenin Frans\u0131z Saint-Domingue kolonisindeki Afrika k\u00f6kenli insanlar\u0131n m\u00fccadelelerinin bir sonucu olarak ilk defa a\u00e7\u0131k\u00e7a ifade edildi\u011fini teslim etmeliyiz. <\/p>\n","protected":false},"excerpt":{"rendered":"<p>Haiti Devriminin hikayesi, \u00f6zg\u00fcrl\u00fck ve e\u015fitlik hakk\u0131ndaki modern fikirlerin kayna\u011f\u0131 olarak Bat\u0131 Avrupa uygarl\u0131\u011f\u0131n\u0131 g\u00f6rmek isteyenler i\u00e7in \u00e7arp\u0131c\u0131 bir hat\u0131rlatmad\u0131r. ABD\u2019de ve Fransa\u2019da \u00f6zg\u00fcrl\u00fck ve e\u015fitlik<span class=\"excerpt-hellip\"> [\u2026]<\/span><\/p>\n","protected":false},"featured_media":0,"template":"","meta":{"_monsterinsights_skip_tracking":false,"_monsterinsights_sitenote_active":false,"_monsterinsights_sitenote_note":"","_monsterinsights_sitenote_category":0},"product_brand":[],"product_cat":[13059,12337],"product_tag":[],"class_list":{"0":"post-752474","1":"product","2":"type-product","3":"status-publish","5":"product_cat-diger-politika-siyaset","6":"product_cat-politika-siyaset","7":"pa_cilt-ciltsiz","8":"pa_tur-kitap","9":"pa_yayinevi-zoe-kitap","10":"pa_yazar-jeremy-d-popkin","12":"first","13":"instock","14":"sale","15":"shipping-taxable","16":"purchasable","17":"product-type-simple"},"_links":{"self":[{"href":"https:\/\/roveyayinevi.com.tr\/index.php\/wp-json\/wp\/v2\/product\/752474","targetHints":{"allow":["GET"]}}],"collection":[{"href":"https:\/\/roveyayinevi.com.tr\/index.php\/wp-json\/wp\/v2\/product"}],"about":[{"href":"https:\/\/roveyayinevi.com.tr\/index.php\/wp-json\/wp\/v2\/types\/product"}],"wp:attachment":[{"href":"https:\/\/roveyayinevi.com.tr\/index.php\/wp-json\/wp\/v2\/media?parent=752474"}],"wp:term":[{"taxonomy":"product_brand","embeddable":true,"href":"https:\/\/roveyayinevi.com.tr\/index.php\/wp-json\/wp\/v2\/product_brand?post=752474"},{"taxonomy":"product_cat","embeddable":true,"href":"https:\/\/roveyayinevi.com.tr\/index.php\/wp-json\/wp\/v2\/product_cat?post=752474"},{"taxonomy":"product_tag","embeddable":true,"href":"https:\/\/roveyayinevi.com.tr\/index.php\/wp-json\/wp\/v2\/product_tag?post=752474"}],"curies":[{"name":"wp","href":"https:\/\/api.w.org\/{rel}","templated":true}]}}