{"id":752473,"date":"2025-08-28T05:17:04","date_gmt":"2025-08-28T02:17:04","guid":{"rendered":"https:\/\/roveyayinevi.com.tr\/index.php\/urun\/zenginler-nasil-zengin-oldu\/"},"modified":"2025-10-13T09:01:11","modified_gmt":"2025-10-13T06:01:11","slug":"zenginler-nasil-zengin-oldu","status":"publish","type":"product","link":"https:\/\/roveyayinevi.com.tr\/index.php\/urun\/zenginler-nasil-zengin-oldu\/","title":{"rendered":"Zenginler Nas\u0131l Zengin Oldu?"},"content":{"rendered":"<p>G\u00fcl\u00fcmseyen Ekonomi Hik\u00e2yeleri\u2019nin amac\u0131, mutlu ve refah dolu bir hayat\u0131n temelini atarlarken \u00e7ocuklar\u0131n do\u011fru ekonomik de\u011fer ve al\u0131\u015fkanl\u0131klar\u0131 edinmelerine yard\u0131mc\u0131 olmakt\u0131r.   Bu Kitapta \u0130\u015flenen Temalar   1. Para Biriktirmek 2. Zengin \u0130nsanlar\u0131n Hayatlar\u0131   Kahraman\u0131m\u0131z zengin olmak istiyor ve nas\u0131l zengin olunur merak ediyor. Okulun \u00f6n\u00fcndeki bir seyyar sat\u0131c\u0131 ona sihirli bir mikrofon veriyor. Bu mikrofon yaln\u0131zca 10 lira kar\u015f\u0131l\u0131\u011f\u0131nda d\u00fcnyan\u0131n en zengin insanlar\u0131yla r\u00f6portaj yapma imk\u00e2n\u0131 sa\u011fl\u0131yor. Bakal\u0131m kahraman\u0131m\u0131z bu mikrofonla neler ya\u015fayacak? *** Nas\u0131l zengin olunur? Zengin olman\u0131n yollar\u0131n\u0131 biliyor musun? Bence babam ve \u00f6\u011fretmenim de bilmiyor. Hadi zenginlerle kendimiz tan\u0131\u015fal\u0131m ve hik\u00e2yelerini dinleyelim. \u0130\u015fte bu sihirli mikrofon bizi zenginlerin yan\u0131na g\u00f6t\u00fcrecek.     Tema: Kendimizi d\u00fczenleme bi\u00e7imimiz Kavramlar ve Anahtar S\u00f6zc\u00fckler: Tutumlu olmak, zengin olmak, para biriktirmek, K\u0130\u015e\u0130SEL GEL\u0130\u015e\u0130M, giri\u015fimcilik, ekonomi, beceri, motivasyon, karar verme, planlama, yat\u0131r\u0131m, finansal okuryazarl\u0131k Tutum ve De\u011ferler: \u0130stekli olma, merak, \u00e7al\u0131\u015fkanl\u0131k, \u00f6z denetim, sayg\u0131, sorumluluk, yard\u0131mseverlik Profil \u00d6\u011feleri: Sorgulayan, d\u00f6n\u00fc\u015f\u00fcml\u00fc d\u00fc\u015f\u00fcnen     G\u00dcL\u00dcMSEYEN EKONOM\u0130 H\u0130K\u00c2YELER\u0130 Para Nedir? Zenginler Nas\u0131l Zengin Oldu? Para Nas\u0131l Harcan\u0131r? Banka ve Birikim Bilge Karde\u015fler Ticarete At\u0131l\u0131yor       K\u0130TAPTAN   Jeong \u2013 Eui Son Y\u00f6ntemi Zengin Olmak: Al\u0131\u015fkanl\u0131klar Her Ad\u0131mda Detayl\u0131 Planlama Zengin olmak istiyorsan haftal\u0131k, ayl\u0131k ve y\u0131ll\u0131k planlar\u0131n\u0131 detayl\u0131ca yaz. Zengin olma plan\u0131n\u0131n tutarl\u0131 ve detayl\u0131 olmas\u0131 gerekir. Plan\u0131n\u0131 ailene ve sevdiklerine kolayca a\u00e7\u0131klayabilmelisin. Sonra plan\u0131n\u0131 masana yap\u0131\u015ft\u0131r. Plan\u0131n\u0131 her g\u00fcn g\u00f6rmek, ba\u015far\u0131 ihtimalini art\u0131r\u0131r. Bir k\u00e2\u011f\u0131t par\u00e7as\u0131na, a\u015fa\u011f\u0131daki \u00f6rnek gibi, bal\u0131\u011fa benzer duran bir ok \u00e7iz. Sonra, haftal\u0131k, ayl\u0131k ve y\u0131ll\u0131k hedeflerini, o hedeflerine ula\u015fmak i\u00e7in yapman gerekenleri yaz. *** Ger\u00e7ek zenginlik nedir? Zenginlik, elinde b\u00fcy\u00fck miktarda para veya varl\u0131k bulundurmakt\u0131r. Sayg\u0131 duyulan zenginler oldu\u011fu kadar, hi\u00e7 sayg\u0131 duyulmayanlar da vard\u0131r. Hadi gidelim ve zenginliklerini d\u00fcnyayla payla\u015fan ger\u00e7ek zenginlerle tan\u0131\u015fal\u0131m. Zenginler ve \u201cNoblesse Oblige\u201d Uygulamas\u0131 \u201cNoblesse\u201d asalet, \u201coblige\u201d zorunluluk anlam\u0131na gelir. Baz\u0131 \u00fclkelerde \u201cNoblesse Oblige\u201d kavram\u0131, toplumda \u00e7ok y\u00fcksek gelir sahibi olanlar\u0131n, \u00fclkesine ve di\u011fer insanlara kar\u015f\u0131 sorumluluk bilinciyle hareket etmesi anlam\u0131nda kullan\u0131lmaktad\u0131r. Yani, y\u00fcksek gelir d\u00fczeyine sahip olup da topluma katk\u0131 sa\u011flayan ve zenginli\u011fini payla\u015fanlara b\u00f6yle denir. Baz\u0131 \u00fclkelerde \u015f\u00f6yle bir atas\u00f6z\u00fc vard\u0131r: \u201cZengin olarak \u00f6lmek bir utan\u00e7t\u0131r.\u201d 1901\u2019de, Carnegie emekli olup \u015firketini satmaya karar verdi. Carnegie, daha \u015firketi b\u00fcy\u00fcrken emeklili\u011fini planlam\u0131\u015ft\u0131. B\u00fct\u00fcn bunlar oldu\u011fu zaman 33 ya\u015f\u0131ndayd\u0131. Carnegie, ailesinin giderleri d\u0131\u015f\u0131nda t\u00fcm gelirini ba\u011f\u0131\u015flayaca\u011f\u0131n\u0131 duyurdu. Planlad\u0131\u011f\u0131 gibi, kendi vakf\u0131n\u0131 kurdu ve \u00f6ld\u00fc\u011f\u00fc g\u00fcne kadar topluma katk\u0131da bulundu. Kar\u015f\u0131l\u0131\u011f\u0131nda bir \u015fey almadan bir \u015feyler vermek kolay de\u011fildir ama Carnegie bunu, sanki d\u00fcnyan\u0131n en do\u011fal \u015feyiymi\u015f gibi yapt\u0131. *** YuHan \u015eirketinin kurucusu, giri\u015fimci Il-Han Yoo, vasiyeti ile insanlar\u0131 derinden etkilemi\u015ftir. \u0130nsanlar, ailesine hi\u00e7bir \u015fey b\u0131rakmamas\u0131na, hepsinin topluma verilmesine \u00e7ok \u015fa\u015f\u0131rd\u0131. Il-Han Yoo, d\u00fcr\u00fcst ve al\u00e7ak g\u00f6n\u00fcll\u00fc, \u00f6rnek al\u0131nas\u0131 bir ki\u015fiydi. YuHan Vakf\u0131n\u0131 kurdu ve topluma verdi. \u00d6lmeden \u00f6nce, Il-Han Yoo\u2019nun k\u0131z\u0131 da t\u00fcm mal varl\u0131\u011f\u0131n\u0131 topluma geri verdi. \u0130kisi taraf\u0131ndan ba\u011f\u0131\u015flanan fonlar h\u00e2l\u00e2 e\u011fitim ve sosyal alanlarda kullan\u0131lmaktad\u0131r. <\/p>\n","protected":false},"excerpt":{"rendered":"<p>G\u00fcl\u00fcmseyen Ekonomi Hik\u00e2yeleri\u2019nin amac\u0131, mutlu ve refah dolu bir hayat\u0131n temelini atarlarken \u00e7ocuklar\u0131n do\u011fru ekonomik de\u011fer ve al\u0131\u015fkanl\u0131klar\u0131 edinmelerine yard\u0131mc\u0131 olmakt\u0131r. Bu Kitapta \u0130\u015flenen Temalar 1.<span class=\"excerpt-hellip\"> [\u2026]<\/span><\/p>\n","protected":false},"featured_media":0,"template":"","meta":{"_monsterinsights_skip_tracking":false,"_monsterinsights_sitenote_active":false,"_monsterinsights_sitenote_note":"","_monsterinsights_sitenote_category":0},"product_brand":[],"product_cat":[12274,15842],"product_tag":[],"class_list":{"0":"post-752473","1":"product","2":"type-product","3":"status-publish","5":"product_cat-cocuk-ve-genclik-kitaplari","6":"product_cat-egitici-kitaplar","7":"pa_cilt-ciltsiz","8":"pa_tur-kitap","9":"pa_yayinevi-elma-cocuk","10":"pa_yazar-geunki-hwang","12":"first","13":"instock","14":"sale","15":"shipping-taxable","16":"purchasable","17":"product-type-simple"},"_links":{"self":[{"href":"https:\/\/roveyayinevi.com.tr\/index.php\/wp-json\/wp\/v2\/product\/752473","targetHints":{"allow":["GET"]}}],"collection":[{"href":"https:\/\/roveyayinevi.com.tr\/index.php\/wp-json\/wp\/v2\/product"}],"about":[{"href":"https:\/\/roveyayinevi.com.tr\/index.php\/wp-json\/wp\/v2\/types\/product"}],"wp:attachment":[{"href":"https:\/\/roveyayinevi.com.tr\/index.php\/wp-json\/wp\/v2\/media?parent=752473"}],"wp:term":[{"taxonomy":"product_brand","embeddable":true,"href":"https:\/\/roveyayinevi.com.tr\/index.php\/wp-json\/wp\/v2\/product_brand?post=752473"},{"taxonomy":"product_cat","embeddable":true,"href":"https:\/\/roveyayinevi.com.tr\/index.php\/wp-json\/wp\/v2\/product_cat?post=752473"},{"taxonomy":"product_tag","embeddable":true,"href":"https:\/\/roveyayinevi.com.tr\/index.php\/wp-json\/wp\/v2\/product_tag?post=752473"}],"curies":[{"name":"wp","href":"https:\/\/api.w.org\/{rel}","templated":true}]}}