{"id":752472,"date":"2025-08-28T05:17:03","date_gmt":"2025-08-28T02:17:03","guid":{"rendered":"https:\/\/roveyayinevi.com.tr\/index.php\/urun\/hindistanda-toplumcu-bir-deneyim-kerala\/"},"modified":"2026-04-16T03:05:55","modified_gmt":"2026-04-16T00:05:55","slug":"hindistanda-toplumcu-bir-deneyim-kerala","status":"publish","type":"product","link":"https:\/\/roveyayinevi.com.tr\/index.php\/urun\/hindistanda-toplumcu-bir-deneyim-kerala\/","title":{"rendered":"Hindistan\u2019da Toplumcu Bir Deneyim: Kerala"},"content":{"rendered":"<p>Orada bir devrim var uzakta! Madem var, Anadolu k\u00f6yleri i\u00e7in s\u00f6ylenen o \u00fcnl\u00fc \u00e7ocuk \u015fark\u0131s\u0131ndaki gibi \u201cgitmeden g\u00f6rmeden\u201d ortada b\u0131rakmayal\u0131m, gidelim g\u00f6relim. Daha do\u011frusu, okuyal\u0131m da gidip g\u00f6rm\u00fc\u015f kadar olal\u0131m. Bakal\u0131m, \u201cbildik, tan\u0131d\u0131k bir devrim\u201d mi, \u201cbizim devrimimiz\u201d mi, \u201cba\u015fka t\u00fcrl\u00fc bir devrim\u201d mi? Hindistan \u00e7ok geni\u015f bir \u00fclke, yirmi sekiz eyalet, sekiz birlik b\u00f6lgesi, neredeyse bir bu\u00e7uk milyara ula\u015fan bir n\u00fcfus\u2026 \u00dclkenin g\u00fcney ucunda k\u0131rk milyona yak\u0131n n\u00fcfusuyla \u201cayk\u0131r\u0131\u201d bir eyalet\u2026 1950\u2019lerden itibaren uzun y\u0131llard\u0131r kom\u00fcnistlerin iktidara gelip gitti\u011fi, son iki se\u00e7imde ise eyalet tarihinde ilk kez \u00fcst \u00fcste iki defa se\u00e7imi zaferle noktalay\u0131p iktidardaki yerini peki\u015ftirdi\u011fi bir eyalet: Kerala! Peki, kom\u00fcnistler bunca y\u0131ld\u0131r ne yap\u0131yor Kerala\u2019da? Ne gibi toplumcu uygulamalar devrede? Nas\u0131l iktidara geliyor, nas\u0131l koruyor, nas\u0131l geli\u015ftiriyorlar? Geli\u015ftiriyorlar m\u0131 sahiden? E\u011fitim, sa\u011fl\u0131k, bar\u0131nma gibi sosyal sekt\u00f6rlerden teknoloji ve altyap\u0131 yat\u0131r\u0131mlar\u0131na nas\u0131l bir yol takip ediyorlar? Kitaplara konu olan mikro-kredi, mikro-finans, plan seferberli\u011fi, yetki devri, yerinden y\u00f6netim vb. uygulamalar kapitalizmden ayr\u0131 bir yol mu olu\u015fturuyor? Kerala\u2019da 2006-2011 ve 2016-2021 y\u0131llar\u0131 aras\u0131nda on y\u0131l Maliye Bakanl\u0131\u011f\u0131 yapan, \u201cHalk\u0131n Plan\u0131\u201dn\u0131n sorumlulu\u011funu \u00fcstlenen iktisat\u00e7\u0131, akademisyen, siyaset\u00e7i ve Hindistan Kom\u00fcnist Partisi (Marksist) Merkez Komite \u00fcyesi T.M. Thomas Isaac anlat\u0131yor. Okuyal\u0131m, gidip g\u00f6remesek de, anlayal\u0131m! <\/p>\n","protected":false},"excerpt":{"rendered":"<p>Orada bir devrim var uzakta! Madem var, Anadolu k\u00f6yleri i\u00e7in s\u00f6ylenen o \u00fcnl\u00fc \u00e7ocuk \u015fark\u0131s\u0131ndaki gibi \u201cgitmeden g\u00f6rmeden\u201d ortada b\u0131rakmayal\u0131m, gidelim g\u00f6relim. Daha do\u011frusu, okuyal\u0131m da<span class=\"excerpt-hellip\"> [\u2026]<\/span><\/p>\n","protected":false},"featured_media":0,"template":"","meta":{"_monsterinsights_skip_tracking":false,"_monsterinsights_sitenote_active":false,"_monsterinsights_sitenote_note":"","_monsterinsights_sitenote_category":0},"product_brand":[],"product_cat":[12370,12304],"product_tag":[],"class_list":{"0":"post-752472","1":"product","2":"type-product","3":"status-publish","5":"product_cat-arastirma-inceleme","6":"product_cat-tarih","7":"pa_cilt-ciltsiz","8":"pa_tur-kitap","9":"pa_yayinevi-yordam-kitap","10":"pa_yazar-t-m-thomas-isaac","12":"first","13":"instock","14":"sale","15":"shipping-taxable","16":"purchasable","17":"product-type-simple"},"_links":{"self":[{"href":"https:\/\/roveyayinevi.com.tr\/index.php\/wp-json\/wp\/v2\/product\/752472","targetHints":{"allow":["GET"]}}],"collection":[{"href":"https:\/\/roveyayinevi.com.tr\/index.php\/wp-json\/wp\/v2\/product"}],"about":[{"href":"https:\/\/roveyayinevi.com.tr\/index.php\/wp-json\/wp\/v2\/types\/product"}],"wp:attachment":[{"href":"https:\/\/roveyayinevi.com.tr\/index.php\/wp-json\/wp\/v2\/media?parent=752472"}],"wp:term":[{"taxonomy":"product_brand","embeddable":true,"href":"https:\/\/roveyayinevi.com.tr\/index.php\/wp-json\/wp\/v2\/product_brand?post=752472"},{"taxonomy":"product_cat","embeddable":true,"href":"https:\/\/roveyayinevi.com.tr\/index.php\/wp-json\/wp\/v2\/product_cat?post=752472"},{"taxonomy":"product_tag","embeddable":true,"href":"https:\/\/roveyayinevi.com.tr\/index.php\/wp-json\/wp\/v2\/product_tag?post=752472"}],"curies":[{"name":"wp","href":"https:\/\/api.w.org\/{rel}","templated":true}]}}