{"id":752470,"date":"2025-08-28T05:17:00","date_gmt":"2025-08-28T02:17:00","guid":{"rendered":"https:\/\/roveyayinevi.com.tr\/index.php\/urun\/bir-ihtilal-olarak-milli-mucadele\/"},"modified":"2026-04-16T03:05:55","modified_gmt":"2026-04-16T00:05:55","slug":"bir-ihtilal-olarak-milli-mucadele","status":"publish","type":"product","link":"https:\/\/roveyayinevi.com.tr\/index.php\/urun\/bir-ihtilal-olarak-milli-mucadele\/","title":{"rendered":"Bir \u0130htilal Olarak Milli M\u00fccadele"},"content":{"rendered":"<p>Cumhuriyetin kurulu\u015funun y\u00fcz\u00fcnc\u00fc y\u0131ld\u00f6n\u00fcm\u00fcn\u00fc ya\u015f\u0131yoruz. Bu yolu a\u00e7an, 1918-1923 aras\u0131 d\u00f6nemde verilen Mill\u00ee M\u00fccadele\u2019dir. Gerek cumhuriyet gerekse onu haz\u0131rlayan bu tarih\u00ee m\u00fccadele, daima tek bir bireyin, Mustafa Kemal\u2019in zihninde \u015fekillenmi\u015f bir fikrin uygulanmas\u0131 olarak indirgemeci bi\u00e7imde ele al\u0131nm\u0131\u015ft\u0131r. Bir \u0130htilal Olarak Mill\u00ee M\u00fccadele, her \u015feyden \u00f6nce Mill\u00ee M\u00fccadele\u2019yi farkl\u0131 bir pencereden, Marksist bir analiz temelinde anlama \u00e7abas\u0131d\u0131r. Sungur Savran, bu tarih\u00ee olay\u0131n Marksist anlay\u0131\u015fa g\u00f6re ger\u00e7ek bir devrim oldu\u011funu savunuyor. Sonu\u00e7ta bir burjuva devrimi olarak bi\u00e7imlenmi\u015ftir ama \u00f6zellikle 1918\u2019den 1921 ba\u015f\u0131na kadar ba\u015fta k\u00f6yl\u00fcl\u00fck ve i\u015f\u00e7i s\u0131n\u0131f\u0131 olmak \u00fczere emek\u00e7i s\u0131n\u0131flar da kendi \u00f6rg\u00fctleri ile bu m\u00fccadeleye kat\u0131lm\u0131\u015flard\u0131r. Mill\u00ee M\u00fccadele bu kitapta her \u015feyden \u00f6nce bir toplumun kriz \u00e7a\u011f\u0131nda ya\u015fad\u0131\u011f\u0131 s\u0131n\u0131f m\u00fccadeleleri a\u00e7\u0131s\u0131ndan ele al\u0131n\u0131yor. Savran bu kitapta epey bir putu k\u0131rmaya y\u00f6neliyor. Mill\u00ee M\u00fccadele\u2019nin 19 May\u0131s 1919\u2019dan \u00f6nce zaten ba\u015flam\u0131\u015f oldu\u011funu vurguluyor. Kuvay\u0131 Milliye olarak bilinen g\u00fc\u00e7lerle Ankara h\u00fck\u00fcmetinin asker\u00ee g\u00fc\u00e7lerini \u00f6zde\u015fle\u015ftirmenin yanl\u0131\u015fl\u0131\u011f\u0131n\u0131 kan\u0131tlar\u0131yla g\u00f6steriyor. Mustafa Kemal\u2019in ta Sakarya Meydan Muharebesi\u2019ne (A\u011fustos-Eyl\u00fcl 1921) kadar Mill\u00ee M\u00fccadele\u2019nin tart\u0131\u015f\u0131lmaz lideri haline gelmedi\u011finin alt\u0131n\u0131 \u00e7iziyor. En \u00f6nemlisi, Sovyet Rusya\u2019n\u0131n m\u00fccadelenin kazan\u0131lmas\u0131ndaki rol\u00fcn\u00fcn vazge\u00e7ilmez oldu\u011funu ortaya koyuyor. Ba\u015fta Mustafa Suphi olmak \u00fczere T\u00fcrkiye Kom\u00fcnist F\u0131rkas\u0131\u2019n\u0131n \u00f6nderlerinin, Ocak 1921\u2019de katledilmesinin ger\u00e7ek faili hep belirsizlik ta\u015f\u0131m\u0131\u015ft\u0131r. Savran bu kitapta ayn\u0131 zamanda bu cinayetin failini tarih\u00ee bir belge temelinde a\u00e7\u0131kl\u0131yor. <\/p>\n","protected":false},"excerpt":{"rendered":"<p>Cumhuriyetin kurulu\u015funun y\u00fcz\u00fcnc\u00fc y\u0131ld\u00f6n\u00fcm\u00fcn\u00fc ya\u015f\u0131yoruz. Bu yolu a\u00e7an, 1918-1923 aras\u0131 d\u00f6nemde verilen Mill\u00ee M\u00fccadele\u2019dir. Gerek cumhuriyet gerekse onu haz\u0131rlayan bu tarih\u00ee m\u00fccadele, daima tek bir bireyin,<span class=\"excerpt-hellip\"> [\u2026]<\/span><\/p>\n","protected":false},"featured_media":0,"template":"","meta":{"_monsterinsights_skip_tracking":false,"_monsterinsights_sitenote_active":false,"_monsterinsights_sitenote_note":"","_monsterinsights_sitenote_category":0},"product_brand":[],"product_cat":[12370,12304],"product_tag":[],"class_list":{"0":"post-752470","1":"product","2":"type-product","3":"status-publish","5":"product_cat-arastirma-inceleme","6":"product_cat-tarih","7":"pa_cilt-ciltsiz","8":"pa_tur-kitap","9":"pa_yayinevi-yordam-kitap","10":"pa_yazar-sungur-savran","12":"first","13":"instock","14":"sale","15":"shipping-taxable","16":"purchasable","17":"product-type-simple"},"_links":{"self":[{"href":"https:\/\/roveyayinevi.com.tr\/index.php\/wp-json\/wp\/v2\/product\/752470","targetHints":{"allow":["GET"]}}],"collection":[{"href":"https:\/\/roveyayinevi.com.tr\/index.php\/wp-json\/wp\/v2\/product"}],"about":[{"href":"https:\/\/roveyayinevi.com.tr\/index.php\/wp-json\/wp\/v2\/types\/product"}],"wp:attachment":[{"href":"https:\/\/roveyayinevi.com.tr\/index.php\/wp-json\/wp\/v2\/media?parent=752470"}],"wp:term":[{"taxonomy":"product_brand","embeddable":true,"href":"https:\/\/roveyayinevi.com.tr\/index.php\/wp-json\/wp\/v2\/product_brand?post=752470"},{"taxonomy":"product_cat","embeddable":true,"href":"https:\/\/roveyayinevi.com.tr\/index.php\/wp-json\/wp\/v2\/product_cat?post=752470"},{"taxonomy":"product_tag","embeddable":true,"href":"https:\/\/roveyayinevi.com.tr\/index.php\/wp-json\/wp\/v2\/product_tag?post=752470"}],"curies":[{"name":"wp","href":"https:\/\/api.w.org\/{rel}","templated":true}]}}