{"id":752466,"date":"2025-08-28T05:16:55","date_gmt":"2025-08-28T02:16:55","guid":{"rendered":"https:\/\/roveyayinevi.com.tr\/index.php\/urun\/onyargilarin-otesindeki-turkiye\/"},"modified":"2026-04-16T03:05:55","modified_gmt":"2026-04-16T00:05:55","slug":"onyargilarin-otesindeki-turkiye","status":"publish","type":"product","link":"https:\/\/roveyayinevi.com.tr\/index.php\/urun\/onyargilarin-otesindeki-turkiye\/","title":{"rendered":"\u00d6nyarg\u0131lar\u0131n \u00d6tesindeki T\u00fcrkiye"},"content":{"rendered":"<p>Tarih boyunca \u00f6nyarg\u0131l\u0131 yakla\u015f\u0131mlar nedeniyle d\u00fcnya b\u00f6l\u00fcnd\u00fc. Irklar\u0131n farkl\u0131l\u0131\u011f\u0131 \u00f6nyarg\u0131s\u0131, milyonlar\u0131n soyk\u0131r\u0131ma u\u011framas\u0131na sebep oldu. \u0130nsanlar\u0131n refah\u0131 i\u00e7in harcanabilecek kaynaklar, silahlanma yolunda t\u00fcketildi.  Halbuki k\u00fcresel \u0131s\u0131nmadan vir\u00fcs salg\u0131n\u0131na, n\u00fckleer sava\u015f tehlikesinden k\u00fcresel ter\u00f6rizme, a\u00e7l\u0131ktan i\u00e7me suyu kaynaklar\u0131n\u0131n t\u00fckenmesine kadar pek \u00e7ok sorun, \u00f6nyarg\u0131lar\u0131 a\u015f\u0131p t\u00fcm insanl\u0131\u011f\u0131nel ele vermesiyle \u00e7\u00f6z\u00fclebilirdi. Bu \u00f6nyarg\u0131lardan maalesef Anadolu ve T\u00fcrk halk\u0131 da mustarip oldu.  Peki \u00f6nyarg\u0131lar\u0131 yenme \u015fans\u0131 var m\u0131? E\u011fer \u00f6yle bir \u015fans var ise onu Anadolu\u2019da aramal\u0131y\u0131z. \u00c7\u00fcnk\u00fc Anadolu, her insan\u0131n \u00f6z\u00fcn\u00fc ve de\u011fer verdi\u011fi \u015feyleri bulaca\u011f\u0131 bir yerdir. K\u00fclt\u00fcrel evrimin de izlerini ta\u015f\u0131yan Anadolu, ilk\u00e7a\u011f uygarl\u0131klar\u0131n\u0131n be\u015fi\u011fidir. \u00d6te yandan kutsal kitaplara g\u00f6re de bu co\u011frafya \u00fc\u00e7 semavi din i\u00e7in kutsald\u0131r. Anadolu\u2019nun bize anlatt\u0131klar\u0131na kulak vermeliyiz.  \u0130nsanl\u0131k i\u00e7in tek \u00e7\u0131k\u0131\u015f yolu vard\u0131r: Ya birbirimizi sevecek ve hep beraber mutlu ya\u015fayaca\u011f\u0131z, ya bizden farkl\u0131 olanlar\u0131 a\u015fa\u011f\u0131layacak ve t\u00fcm insanl\u0131k trajik bir \u015fekilde yok olacakt\u0131r. O zaman bir kere daha d\u00fc\u015f\u00fcn\u00fcp, birbirimizi anlamaya ve sevmeye \u00e7al\u0131\u015fal\u0131m.Sevgisiz kalpler, her t\u00fcrl\u00fc \u00e7evre kirlili\u011fi veya en s\u0131cak k\u00fcresel \u0131s\u0131nmadan daha \u00f6ld\u00fcr\u00fcc\u00fcd\u00fcr. Mehmet Tanberk <\/p>\n","protected":false},"excerpt":{"rendered":"<p>Tarih boyunca \u00f6nyarg\u0131l\u0131 yakla\u015f\u0131mlar nedeniyle d\u00fcnya b\u00f6l\u00fcnd\u00fc. Irklar\u0131n farkl\u0131l\u0131\u011f\u0131 \u00f6nyarg\u0131s\u0131, milyonlar\u0131n soyk\u0131r\u0131ma u\u011framas\u0131na sebep oldu. \u0130nsanlar\u0131n refah\u0131 i\u00e7in harcanabilecek kaynaklar, silahlanma yolunda t\u00fcketildi. Halbuki k\u00fcresel \u0131s\u0131nmadan<span class=\"excerpt-hellip\"> [\u2026]<\/span><\/p>\n","protected":false},"featured_media":0,"template":"","meta":{"_monsterinsights_skip_tracking":false,"_monsterinsights_sitenote_active":false,"_monsterinsights_sitenote_note":"","_monsterinsights_sitenote_category":0},"product_brand":[],"product_cat":[12370,12304],"product_tag":[],"class_list":{"0":"post-752466","1":"product","2":"type-product","3":"status-publish","5":"product_cat-arastirma-inceleme","6":"product_cat-tarih","7":"pa_cilt-ciltsiz","8":"pa_tur-kitap","9":"pa_yayinevi-dogan-solibri-yayinlari","10":"pa_yazar-mehmet-tanberk","12":"first","13":"instock","14":"sale","15":"shipping-taxable","16":"purchasable","17":"product-type-simple"},"_links":{"self":[{"href":"https:\/\/roveyayinevi.com.tr\/index.php\/wp-json\/wp\/v2\/product\/752466","targetHints":{"allow":["GET"]}}],"collection":[{"href":"https:\/\/roveyayinevi.com.tr\/index.php\/wp-json\/wp\/v2\/product"}],"about":[{"href":"https:\/\/roveyayinevi.com.tr\/index.php\/wp-json\/wp\/v2\/types\/product"}],"wp:attachment":[{"href":"https:\/\/roveyayinevi.com.tr\/index.php\/wp-json\/wp\/v2\/media?parent=752466"}],"wp:term":[{"taxonomy":"product_brand","embeddable":true,"href":"https:\/\/roveyayinevi.com.tr\/index.php\/wp-json\/wp\/v2\/product_brand?post=752466"},{"taxonomy":"product_cat","embeddable":true,"href":"https:\/\/roveyayinevi.com.tr\/index.php\/wp-json\/wp\/v2\/product_cat?post=752466"},{"taxonomy":"product_tag","embeddable":true,"href":"https:\/\/roveyayinevi.com.tr\/index.php\/wp-json\/wp\/v2\/product_tag?post=752466"}],"curies":[{"name":"wp","href":"https:\/\/api.w.org\/{rel}","templated":true}]}}