{"id":752464,"date":"2025-08-28T05:16:52","date_gmt":"2025-08-28T02:16:52","guid":{"rendered":"https:\/\/roveyayinevi.com.tr\/index.php\/urun\/abdurrahim-rahmi-zapsu\/"},"modified":"2026-04-16T03:05:55","modified_gmt":"2026-04-16T00:05:55","slug":"abdurrahim-rahmi-zapsu","status":"publish","type":"product","link":"https:\/\/roveyayinevi.com.tr\/index.php\/urun\/abdurrahim-rahmi-zapsu\/","title":{"rendered":"Abdurrahim Rahmi Zapsu"},"content":{"rendered":"<p>Erken Cumhuriyet d\u00f6nemi ayd\u0131nlar\u0131ndan Abdurrahim Rahmi Zapsu, T\u00fcrkiye\u2019de dini yay\u0131nc\u0131l\u0131\u011f\u0131n \u00f6nc\u00fcs\u00fc olmu\u015f \u0130slam d\u00fc\u015f\u00fcncesinin \u00f6nde gelen isimlerinden biridir. Ayr\u0131ca K\u00fcrt ayd\u0131nlanmas\u0131n\u0131n ilk ku\u015fak temsilcisi ve modern K\u00fcrt edebiyat\u0131n\u0131n kurucular\u0131ndand\u0131r. Osmanl\u0131\u2019n\u0131n son d\u00f6neminde K\u00fcrt\u00e7e e\u011fitim m\u00fcfredat\u0131 olu\u015fturan ilk isim olan Zapsu, K\u00fcrt \u00e7ocuklar\u0131 i\u00e7in dilbilgisinden matematik, tarih ve co\u011frafyaya bir\u00e7ok dalda eser haz\u0131rlam\u0131\u015f, adeta tek ba\u015f\u0131na bir e\u011fitim-\u00f6\u011fretim kurulu g\u00f6revi \u00fcstlenmi\u015ftir.   Bu kitap, onu g\u00fcn\u00fcm\u00fcz okuruna ya\u015fam\u0131 ve eserleriyle tan\u0131tmak amac\u0131yla haz\u0131rland\u0131. Kendine \u00f6zg\u00fc, yap\u0131c\u0131 ve kucaklay\u0131c\u0131 \u0130slam yorumuna yer verilirken, K\u00fcrt modernle\u015fmesi ve edebiyat\u0131n\u0131n \u00f6nemli bir evresi de ayd\u0131nlat\u0131l\u0131yor. B\u00f6ylece zincirin kay\u0131p halkalar\u0131ndan biri tamamlan\u0131yor.   Zapsu\u2019ya ait bug\u00fcne kadar bilinmeyen pek \u00e7ok eser ve \u015fiir ilk defa bu kitapla g\u00fcn y\u00fcz\u00fcne \u00e7\u0131k\u0131yor. \u00d6te yandan Zapsu\u2019nun yay\u0131mlanmam\u0131\u015f bir roman\u0131ndan yap\u0131lan al\u0131nt\u0131larla, g\u00fc\u00e7l\u00fc edebi y\u00f6n\u00fcne \u0131\u015f\u0131k tutuluyor.   Said Nursi ve Musa Anter gibi tan\u0131nan baz\u0131 isimlerle ilgili \u00e7e\u015fitli anekdotlara yer verilen kitapta, Birinci D\u00fcnya Sava\u015f\u0131\u2019n\u0131n Do\u011fu Cephesi\u2019nde ya\u015fananlar Zapsu\u2019nun tan\u0131kl\u0131\u011f\u0131yla \u00e7arp\u0131c\u0131 bir \u015fekilde aktar\u0131l\u0131yor. Bu an\u0131lar bize b\u00f6lgedeki Osmanl\u0131 idarecilerinin zay\u0131fl\u0131klar\u0131n\u0131, Rus i\u015fgaliyle k\u0131r\u0131lan bir co\u011frafyay\u0131, bo\u015falt\u0131lan k\u00f6yleri, halk\u0131 savunurken zorlu k\u0131\u015f \u015fartlar\u0131nda a\u00e7l\u0131k ve donma  tehlikesiyle kar\u015f\u0131 kar\u015f\u0131ya kalan g\u00f6n\u00fcll\u00fc birlikleri anlat\u0131yor.   Onun hik\u00e2yesi ve eserleri, okuru \u00e7ok merak edilen bir d\u00f6nem ve co\u011frafyalarda s\u00fcr\u00fckleyici bir yolculu\u011fa \u00e7a\u011f\u0131r\u0131yor. <\/p>\n","protected":false},"excerpt":{"rendered":"<p>Erken Cumhuriyet d\u00f6nemi ayd\u0131nlar\u0131ndan Abdurrahim Rahmi Zapsu, T\u00fcrkiye\u2019de dini yay\u0131nc\u0131l\u0131\u011f\u0131n \u00f6nc\u00fcs\u00fc olmu\u015f \u0130slam d\u00fc\u015f\u00fcncesinin \u00f6nde gelen isimlerinden biridir. Ayr\u0131ca K\u00fcrt ayd\u0131nlanmas\u0131n\u0131n ilk ku\u015fak temsilcisi ve modern<span class=\"excerpt-hellip\"> [\u2026]<\/span><\/p>\n","protected":false},"featured_media":0,"template":"","meta":{"_monsterinsights_skip_tracking":false,"_monsterinsights_sitenote_active":false,"_monsterinsights_sitenote_note":"","_monsterinsights_sitenote_category":0},"product_brand":[],"product_cat":[13701,12291],"product_tag":[],"class_list":{"0":"post-752464","1":"product","2":"type-product","3":"status-publish","5":"product_cat-ani-mektup-gunluk","6":"product_cat-edebiyat","7":"pa_cilt-ciltsiz","8":"pa_tur-kitap","9":"pa_yayinevi-dogan-solibri-yayinlari","10":"pa_yazar-necat-zanyar","12":"first","13":"instock","14":"sale","15":"shipping-taxable","16":"purchasable","17":"product-type-simple"},"_links":{"self":[{"href":"https:\/\/roveyayinevi.com.tr\/index.php\/wp-json\/wp\/v2\/product\/752464","targetHints":{"allow":["GET"]}}],"collection":[{"href":"https:\/\/roveyayinevi.com.tr\/index.php\/wp-json\/wp\/v2\/product"}],"about":[{"href":"https:\/\/roveyayinevi.com.tr\/index.php\/wp-json\/wp\/v2\/types\/product"}],"wp:attachment":[{"href":"https:\/\/roveyayinevi.com.tr\/index.php\/wp-json\/wp\/v2\/media?parent=752464"}],"wp:term":[{"taxonomy":"product_brand","embeddable":true,"href":"https:\/\/roveyayinevi.com.tr\/index.php\/wp-json\/wp\/v2\/product_brand?post=752464"},{"taxonomy":"product_cat","embeddable":true,"href":"https:\/\/roveyayinevi.com.tr\/index.php\/wp-json\/wp\/v2\/product_cat?post=752464"},{"taxonomy":"product_tag","embeddable":true,"href":"https:\/\/roveyayinevi.com.tr\/index.php\/wp-json\/wp\/v2\/product_tag?post=752464"}],"curies":[{"name":"wp","href":"https:\/\/api.w.org\/{rel}","templated":true}]}}