{"id":752462,"date":"2025-08-28T05:16:48","date_gmt":"2025-08-28T02:16:48","guid":{"rendered":"https:\/\/roveyayinevi.com.tr\/index.php\/urun\/double-me-3\/"},"modified":"2026-04-16T03:05:55","modified_gmt":"2026-04-16T00:05:55","slug":"double-me-3","status":"publish","type":"product","link":"https:\/\/roveyayinevi.com.tr\/index.php\/urun\/double-me-3\/","title":{"rendered":"Double Me 3"},"content":{"rendered":"<p>TEK TIKLA \u00d6L\u00dcMS\u00dcZL\u00dcK! Hitomi&#8217;nin hayat\u0131na mal olan sald\u0131r\u0131, Aiko&#8217;nun \u00fczerindeki ku\u015fkular\u0131 da\u011f\u0131tmak \u015f\u00f6yle dursun, su\u00e7lulu\u011funu daha da peki\u015ftirmi\u015ftir. Dosan&#8217;la \u00f6l\u00fcm\u00fcnden sonra ya\u015fad\u0131\u011f\u0131 a\u015fka kendini kapt\u0131ran Aiko, neler olup bitti\u011finin fark\u0131nda de\u011fildir ve daha da k\u00f6t\u00fcs\u00fc, Eri&#8217;yi ihmal etmektedir. Ancak g\u00f6r\u00fcn\u00fc\u015fe bak\u0131l\u0131rsa Double.Me uygulamas\u0131n\u0131 y\u00f6neten yapay zek\u00e2n\u0131n Bayan Psiko i\u00e7in ba\u015fka planlar\u0131 var! <\/p>\n","protected":false},"excerpt":{"rendered":"<p>TEK TIKLA \u00d6L\u00dcMS\u00dcZL\u00dcK! Hitomi&#8217;nin hayat\u0131na mal olan sald\u0131r\u0131, Aiko&#8217;nun \u00fczerindeki ku\u015fkular\u0131 da\u011f\u0131tmak \u015f\u00f6yle dursun, su\u00e7lulu\u011funu daha da peki\u015ftirmi\u015ftir. Dosan&#8217;la \u00f6l\u00fcm\u00fcnden sonra ya\u015fad\u0131\u011f\u0131 a\u015fka kendini kapt\u0131ran Aiko,<span class=\"excerpt-hellip\"> [\u2026]<\/span><\/p>\n","protected":false},"featured_media":0,"template":"","meta":{"_monsterinsights_skip_tracking":false,"_monsterinsights_sitenote_active":false,"_monsterinsights_sitenote_note":"","_monsterinsights_sitenote_category":0},"product_brand":[],"product_cat":[12416,12291],"product_tag":[],"class_list":{"0":"post-752462","1":"product","2":"type-product","3":"status-publish","5":"product_cat-cizgi-roman","6":"product_cat-edebiyat","7":"pa_cilt-ciltsiz","8":"pa_tur-kitap","9":"pa_yayinevi-dex-yayinevi","10":"pa_yazar-miki-makasu-oto-san","12":"first","13":"instock","14":"sale","15":"shipping-taxable","16":"purchasable","17":"product-type-simple"},"_links":{"self":[{"href":"https:\/\/roveyayinevi.com.tr\/index.php\/wp-json\/wp\/v2\/product\/752462","targetHints":{"allow":["GET"]}}],"collection":[{"href":"https:\/\/roveyayinevi.com.tr\/index.php\/wp-json\/wp\/v2\/product"}],"about":[{"href":"https:\/\/roveyayinevi.com.tr\/index.php\/wp-json\/wp\/v2\/types\/product"}],"wp:attachment":[{"href":"https:\/\/roveyayinevi.com.tr\/index.php\/wp-json\/wp\/v2\/media?parent=752462"}],"wp:term":[{"taxonomy":"product_brand","embeddable":true,"href":"https:\/\/roveyayinevi.com.tr\/index.php\/wp-json\/wp\/v2\/product_brand?post=752462"},{"taxonomy":"product_cat","embeddable":true,"href":"https:\/\/roveyayinevi.com.tr\/index.php\/wp-json\/wp\/v2\/product_cat?post=752462"},{"taxonomy":"product_tag","embeddable":true,"href":"https:\/\/roveyayinevi.com.tr\/index.php\/wp-json\/wp\/v2\/product_tag?post=752462"}],"curies":[{"name":"wp","href":"https:\/\/api.w.org\/{rel}","templated":true}]}}