{"id":752461,"date":"2025-08-28T05:16:47","date_gmt":"2025-08-28T02:16:47","guid":{"rendered":"https:\/\/roveyayinevi.com.tr\/index.php\/urun\/darbeden-darbeye\/"},"modified":"2026-04-16T03:05:55","modified_gmt":"2026-04-16T00:05:55","slug":"darbeden-darbeye","status":"publish","type":"product","link":"https:\/\/roveyayinevi.com.tr\/index.php\/urun\/darbeden-darbeye\/","title":{"rendered":"Darbeden Darbeye"},"content":{"rendered":"<p>\u201cYAPAB\u0130L\u0130RS\u0130N\u0130Z; S\u0130Z GEN\u00c7LER B\u0130Z\u0130M BA\u015eARAMADIKLARIMIZI BA\u015eARAB\u0130L\u0130RS\u0130N\u0130Z!\u201d 55 a\u011fa feryat figan nas\u0131l g\u00f6zalt\u0131na al\u0131nd\u0131lar? 27 May\u0131s darbesinin yaratt\u0131\u011f\u0131 hapishanelerden Sivas Kamp\u0131 neydi? Kampta tutulanlar hangi su\u00e7la itham edildiler? Darbecilerin \u00e7\u0131kard\u0131\u011f\u0131 105 say\u0131l\u0131 Kanun tehcir kanunu muydu? \u201cTBMM\u2019ye, 105 say\u0131l\u0131 Kanun\u2019u kald\u0131rmak i\u00e7in milletvekili se\u00e7ilip geldim!\u201d dedi\u011fimde \u0130n\u00f6n\u00fc ne tepki verdi? Meclis, silahlar\u0131n g\u00f6lgesinde nas\u0131l a\u00e7\u0131ld\u0131? \u201cHayat\u0131m\u0131zla oynuyorsun!\u201d diyen CHP Grubu ni\u00e7in isyan etti? 105 say\u0131l\u0131 Kanun\u2019u ne ko\u015fullar alt\u0131nda kald\u0131rd\u0131k? Mektuplu vesayet neydi? 12 Mart Muht\u0131ras\u0131 kimleri sevindirdi? \u0130n\u00f6n\u00fc kimin i\u00e7in \u201cZamirini gizleyen adam!\u201d dedi? Meclis Ba\u015fkanl\u0131\u011f\u0131 i\u00e7in ad\u0131m ge\u00e7ince Ecevit ne yapt\u0131? \u0130smet Pa\u015fa, AP\u2019ye ge\u00e7me iste\u011fimi nas\u0131l kar\u015f\u0131lad\u0131? Celal Bayar\u2019a neleri rapor ediyordum? K\u00e2mran \u0130nan\u2019\u0131 Demirel\u2019e kar\u015f\u0131 kimler k\u0131\u015fk\u0131rtt\u0131? Cumhurba\u015fkan\u0131 aday\u0131 olmam neden istendi? Evren, 12 Eyl\u00fcl darbesi \u00f6ncesi bizleri nas\u0131l izliyordu? &#8230; Be\u015f d\u00f6nem milletvekili, CHP\u2019de \u201cTBMM Grup Y\u00f6netim Kurulu \u00dcyesi\u201d, AP\u2019de \u201cDevlet Bakan\u0131\u201d ve \u201cGrup Ba\u015fkan Vekili\u201d olarak g\u00f6rev yapan siyaset\u00e7i G\u0131yaseddin Karaca\u2019n\u0131n an\u0131lar\u0131, tan\u0131\u011f\u0131 oldu\u011fu \u201c55\u2019ler Olay\u0131\u2019n\u0131\u201d vicdan\u0131na s\u0131\u011fd\u0131ramay\u0131p, 105 say\u0131l\u0131 Kanun\u2019u kald\u0131rabilme ideali ile siyasete at\u0131lan bir h\u00e2kimin, silahlar\u0131n g\u00f6lgesinde a\u00e7\u0131lan parlamentoda vermi\u015f oldu\u011fu insan haklar\u0131 m\u00fccadelesini aktarmakla kalm\u0131yor; 27 May\u0131s\u2019tan 12 Eyl\u00fcl\u2019e, siyasi tarihimizin g\u00f6lgede kalm\u0131\u015f ger\u00e7eklerini de g\u00fcn y\u00fcz\u00fcne \u00e7\u0131kar\u0131yor. Karaca\u2019n\u0131n siyasi an\u0131lar\u0131, gen\u00e7 ku\u015faklara demokratik hukuk devleti b\u0131rakabilmek ad\u0131na hangi ta\u015fl\u0131 yollardan ge\u00e7ilmi\u015f olundu\u011funun belgesi niteli\u011finde. <\/p>\n","protected":false},"excerpt":{"rendered":"<p>\u201cYAPAB\u0130L\u0130RS\u0130N\u0130Z; S\u0130Z GEN\u00c7LER B\u0130Z\u0130M BA\u015eARAMADIKLARIMIZI BA\u015eARAB\u0130L\u0130RS\u0130N\u0130Z!\u201d 55 a\u011fa feryat figan nas\u0131l g\u00f6zalt\u0131na al\u0131nd\u0131lar? 27 May\u0131s darbesinin yaratt\u0131\u011f\u0131 hapishanelerden Sivas Kamp\u0131 neydi? Kampta tutulanlar hangi su\u00e7la itham<span class=\"excerpt-hellip\"> [\u2026]<\/span><\/p>\n","protected":false},"featured_media":0,"template":"","meta":{"_monsterinsights_skip_tracking":false,"_monsterinsights_sitenote_active":false,"_monsterinsights_sitenote_note":"","_monsterinsights_sitenote_category":0},"product_brand":[],"product_cat":[13701,12291],"product_tag":[],"class_list":{"0":"post-752461","1":"product","2":"type-product","3":"status-publish","5":"product_cat-ani-mektup-gunluk","6":"product_cat-edebiyat","7":"pa_cilt-ciltsiz","8":"pa_tur-kitap","9":"pa_yayinevi-destek-yayinlari","10":"pa_yazar-giyaseddin-karaca","12":"first","13":"instock","14":"sale","15":"shipping-taxable","16":"purchasable","17":"product-type-simple"},"_links":{"self":[{"href":"https:\/\/roveyayinevi.com.tr\/index.php\/wp-json\/wp\/v2\/product\/752461","targetHints":{"allow":["GET"]}}],"collection":[{"href":"https:\/\/roveyayinevi.com.tr\/index.php\/wp-json\/wp\/v2\/product"}],"about":[{"href":"https:\/\/roveyayinevi.com.tr\/index.php\/wp-json\/wp\/v2\/types\/product"}],"wp:attachment":[{"href":"https:\/\/roveyayinevi.com.tr\/index.php\/wp-json\/wp\/v2\/media?parent=752461"}],"wp:term":[{"taxonomy":"product_brand","embeddable":true,"href":"https:\/\/roveyayinevi.com.tr\/index.php\/wp-json\/wp\/v2\/product_brand?post=752461"},{"taxonomy":"product_cat","embeddable":true,"href":"https:\/\/roveyayinevi.com.tr\/index.php\/wp-json\/wp\/v2\/product_cat?post=752461"},{"taxonomy":"product_tag","embeddable":true,"href":"https:\/\/roveyayinevi.com.tr\/index.php\/wp-json\/wp\/v2\/product_tag?post=752461"}],"curies":[{"name":"wp","href":"https:\/\/api.w.org\/{rel}","templated":true}]}}