{"id":752460,"date":"2025-08-28T05:16:46","date_gmt":"2025-08-28T02:16:46","guid":{"rendered":"https:\/\/roveyayinevi.com.tr\/index.php\/urun\/dakikalar-icinde-mimarlik\/"},"modified":"2026-04-16T03:05:55","modified_gmt":"2026-04-16T00:05:55","slug":"dakikalar-icinde-mimarlik","status":"publish","type":"product","link":"https:\/\/roveyayinevi.com.tr\/index.php\/urun\/dakikalar-icinde-mimarlik\/","title":{"rendered":"Dakikalar \u0130\u00e7inde Mimarl\u0131k"},"content":{"rendered":"<p>Mimarinin B\u00fcy\u00fcleyici D\u00fcnyas\u0131na Yolculuk Antik d\u00fcnyan\u0131n gizemli megalitlerinden ve muhte\u015fem piramitlerinden Orta\u00e7a\u011f Avrupas\u0131\u2019n\u0131n heybetli kalelerine ve g\u00f6\u011fe y\u00fckselen Gotik kiliselerine, zarif pagodalardan, muhte\u015fem cami ve saraylardan karma\u015f\u0131k kentsel geli\u015fmelere ve y\u00fcksek g\u00f6kdelenlere; mimari fikirler, yenilikler ve yarat\u0131c\u0131l\u0131k&#8230; Akropolis, Parthenon, Knossos Saray\u0131, \u00c7in Seddi, Petra, Kolezyum, Pantheon, Celsus K\u00fct\u00fcphanesi, Sultanahmet, Ayasofya, Angkor Wat, Kubbet\u2019\u00fcs-Sahra, Santa Maria del Fiore, Topkap\u0131 Saray\u0131, Sydney Opera Binas\u0131 gibi d\u00fcnyaya damgas\u0131n\u0131 vurmu\u015f binalar, tap\u0131naklar, k\u00f6pr\u00fcler, su kemerleri, bazilikalar, hamamlar, kaleler, camiler, \u015fatolar; \u0130nkalar, Mayalar, Yunan d\u00fczenleri, Roma m\u00fchendisli\u011fi, Bizans, Japon ve Gotik mimari, R\u00f6nesans, Barok, Art Nouveau, Modernizm, Postmodernizm, F\u00fct\u00fcrizm ve Dinamik mimari gibi ak\u0131mlar; Inigo Jones, Christopher Wren, Gaudi, Frank Lloyd Wright, Le Corbusier ve Frank Gehry gibi \u00fcnl\u00fc mimarlar\u0131n hayatlar\u0131 ve eserleri\u2026 Dakikalar \u0130\u00e7inde Mimarl\u0131k en eski yap\u0131lardan g\u00fcn\u00fcm\u00fcz\u00fcn en ileri mimari kavramlar\u0131na kadar mimarl\u0131k tarihini ve teorisini ana hatlar\u0131yla a\u00e7\u0131kl\u0131yor. Kitap boyunca sizlere d\u00fcnyan\u0131n d\u00f6rt bir yan\u0131ndan g\u00f6rselleriyle birlikte 200 \u00f6nemli bina, tarih\u00ee stil, mimari ak\u0131m ve \u00fcnl\u00fc mimarlar\u0131n profili ile mimarlar\u0131n yarat\u0131c\u0131 ve b\u00fcy\u00fcleyici d\u00fcnyas\u0131 e\u015flik ediyor.<\/p>\n","protected":false},"excerpt":{"rendered":"<p>Mimarinin B\u00fcy\u00fcleyici D\u00fcnyas\u0131na Yolculuk Antik d\u00fcnyan\u0131n gizemli megalitlerinden ve muhte\u015fem piramitlerinden Orta\u00e7a\u011f Avrupas\u0131\u2019n\u0131n heybetli kalelerine ve g\u00f6\u011fe y\u00fckselen Gotik kiliselerine, zarif pagodalardan, muhte\u015fem cami ve saraylardan<span class=\"excerpt-hellip\"> [\u2026]<\/span><\/p>\n","protected":false},"featured_media":0,"template":"","meta":{"_monsterinsights_skip_tracking":false,"_monsterinsights_sitenote_active":false,"_monsterinsights_sitenote_note":"","_monsterinsights_sitenote_category":0},"product_brand":[],"product_cat":[13005,13006],"product_tag":[],"class_list":{"0":"post-752460","1":"product","2":"type-product","3":"status-publish","5":"product_cat-bilim-muhendislik","6":"product_cat-populer-bilim","7":"pa_cilt-ciltsiz","8":"pa_tur-kitap","9":"pa_yayinevi-kronik-kitap","10":"pa_yazar-susie-hodge","12":"first","13":"instock","14":"sale","15":"shipping-taxable","16":"purchasable","17":"product-type-simple"},"_links":{"self":[{"href":"https:\/\/roveyayinevi.com.tr\/index.php\/wp-json\/wp\/v2\/product\/752460","targetHints":{"allow":["GET"]}}],"collection":[{"href":"https:\/\/roveyayinevi.com.tr\/index.php\/wp-json\/wp\/v2\/product"}],"about":[{"href":"https:\/\/roveyayinevi.com.tr\/index.php\/wp-json\/wp\/v2\/types\/product"}],"wp:attachment":[{"href":"https:\/\/roveyayinevi.com.tr\/index.php\/wp-json\/wp\/v2\/media?parent=752460"}],"wp:term":[{"taxonomy":"product_brand","embeddable":true,"href":"https:\/\/roveyayinevi.com.tr\/index.php\/wp-json\/wp\/v2\/product_brand?post=752460"},{"taxonomy":"product_cat","embeddable":true,"href":"https:\/\/roveyayinevi.com.tr\/index.php\/wp-json\/wp\/v2\/product_cat?post=752460"},{"taxonomy":"product_tag","embeddable":true,"href":"https:\/\/roveyayinevi.com.tr\/index.php\/wp-json\/wp\/v2\/product_tag?post=752460"}],"curies":[{"name":"wp","href":"https:\/\/api.w.org\/{rel}","templated":true}]}}