{"id":752459,"date":"2025-08-28T05:16:45","date_gmt":"2025-08-28T02:16:45","guid":{"rendered":"https:\/\/roveyayinevi.com.tr\/index.php\/urun\/leyla-ve-mecnun\/"},"modified":"2026-04-16T03:05:55","modified_gmt":"2026-04-16T00:05:55","slug":"leyla-ve-mecnun","status":"publish","type":"product","link":"https:\/\/roveyayinevi.com.tr\/index.php\/urun\/leyla-ve-mecnun\/","title":{"rendered":"Leyla ve Mecnun"},"content":{"rendered":"<p>Ankara \u00dcniversitesi, Dil ve Tarih-Co\u011frafya Fak\u00fcltesi\u2019nde, Klasik \u015eark Dilleri K\u00fcrs\u00fcs\u00fc\u2019nde Arap Dili ve Edebiyat\u0131 B\u00f6l\u00fcm\u00fc\u2019nde g\u00f6rev yapan, doktora \u00e7al\u0131\u015fmas\u0131nda Arap kaynaklar\u0131nda Osmanl\u0131lar\u0131 inceleyen Do\u00e7. Dr. \u015eevkiye \u0130nalc\u0131k (v. 1989) bu eserinde dillere destan olan \u201cLeyl\u00e2 ve Mecn\u00fbn\u201d a\u015fk hik\u00e2yesini orijinal metinler \u0131\u015f\u0131\u011f\u0131nda kar\u015f\u0131la\u015ft\u0131rmal\u0131 olarak de\u011ferlendiriyor. \u0130slam milletleri edebiyat\u0131nda, yaln\u0131z klasik edebiyatta de\u011fil, halk edebiyat\u0131nda da as\u0131rlarca i\u015flenmi\u015f olan \u201cLeyl\u00e2 ve Mecn\u00fbn\u201d a\u015fk hik\u00e2yesinin kahraman\u0131 ve b\u00fcy\u00fck \u015fairi Mecn\u00fbn, tarihte ger\u00e7ekten ya\u015fam\u0131\u015f biri miydi? Yoksa hik\u00e2yelere konu olan, ac\u0131kl\u0131 a\u015fk \u015fiirlerinin kendisinden nakledildi\u011fi Mecn\u00fbn sonradan ihdas edilmi\u015f hayal \u00fcr\u00fcn\u00fc bir \u015fahsiyet miydi? Ya da t\u00fcm bu anlat\u0131lagelen a\u015fk hik\u00e2yelerinin ger\u00e7eklikle temas kurabilece\u011fi noktalar var m\u0131yd\u0131? \u00c7\u00f6llerde insanlardan uzak ya\u015famaya ba\u015flayan Mecn\u00fbn\u2019a dair nakledilen \u00e7eli\u015fkili rivayetleri nas\u0131l anlamal\u0131? Do\u00e7. Dr. \u015eevkiye \u0130nalc\u0131k\u2019\u0131n kaleme ald\u0131\u011f\u0131 bu eserde \u201cLeyl\u00e2 ve Mecn\u00fbn\u201d a\u015fk hik\u00e2yesinin kahraman\u0131 ve b\u00fcy\u00fck \u015fairi Mecn\u00fbn\u2019un hayat hik\u00e2yesi \u00f6zl\u00fc bir \u015fekilde ara\u015ft\u0131r\u0131l\u0131rken, mevcut n\u00fcshalardan hareketle olu\u015fturulan Divan\u2019\u0131 da inceleniyor.<\/p>\n","protected":false},"excerpt":{"rendered":"<p>Ankara \u00dcniversitesi, Dil ve Tarih-Co\u011frafya Fak\u00fcltesi\u2019nde, Klasik \u015eark Dilleri K\u00fcrs\u00fcs\u00fc\u2019nde Arap Dili ve Edebiyat\u0131 B\u00f6l\u00fcm\u00fc\u2019nde g\u00f6rev yapan, doktora \u00e7al\u0131\u015fmas\u0131nda Arap kaynaklar\u0131nda Osmanl\u0131lar\u0131 inceleyen Do\u00e7. Dr. \u015eevkiye<span class=\"excerpt-hellip\"> [\u2026]<\/span><\/p>\n","protected":false},"featured_media":0,"template":"","meta":{"_monsterinsights_skip_tracking":false,"_monsterinsights_sitenote_active":false,"_monsterinsights_sitenote_note":"","_monsterinsights_sitenote_category":0},"product_brand":[],"product_cat":[12304],"product_tag":[],"class_list":{"0":"post-752459","1":"product","2":"type-product","3":"status-publish","5":"product_cat-tarih","6":"pa_cilt-ciltsiz","7":"pa_tur-kitap","8":"pa_yayinevi-kronik-kitap","9":"pa_yazar-sevkiye-inalcik","11":"first","12":"instock","13":"sale","14":"shipping-taxable","15":"purchasable","16":"product-type-simple"},"_links":{"self":[{"href":"https:\/\/roveyayinevi.com.tr\/index.php\/wp-json\/wp\/v2\/product\/752459","targetHints":{"allow":["GET"]}}],"collection":[{"href":"https:\/\/roveyayinevi.com.tr\/index.php\/wp-json\/wp\/v2\/product"}],"about":[{"href":"https:\/\/roveyayinevi.com.tr\/index.php\/wp-json\/wp\/v2\/types\/product"}],"wp:attachment":[{"href":"https:\/\/roveyayinevi.com.tr\/index.php\/wp-json\/wp\/v2\/media?parent=752459"}],"wp:term":[{"taxonomy":"product_brand","embeddable":true,"href":"https:\/\/roveyayinevi.com.tr\/index.php\/wp-json\/wp\/v2\/product_brand?post=752459"},{"taxonomy":"product_cat","embeddable":true,"href":"https:\/\/roveyayinevi.com.tr\/index.php\/wp-json\/wp\/v2\/product_cat?post=752459"},{"taxonomy":"product_tag","embeddable":true,"href":"https:\/\/roveyayinevi.com.tr\/index.php\/wp-json\/wp\/v2\/product_tag?post=752459"}],"curies":[{"name":"wp","href":"https:\/\/api.w.org\/{rel}","templated":true}]}}