{"id":752457,"date":"2025-08-28T05:16:43","date_gmt":"2025-08-28T02:16:43","guid":{"rendered":"https:\/\/roveyayinevi.com.tr\/index.php\/urun\/normanlar\/"},"modified":"2026-04-16T03:05:55","modified_gmt":"2026-04-16T00:05:55","slug":"normanlar","status":"publish","type":"product","link":"https:\/\/roveyayinevi.com.tr\/index.php\/urun\/normanlar\/","title":{"rendered":"Normanlar"},"content":{"rendered":"<p>Avrupa, Akdeniz ve Orta Do\u011fu\u2019nun Efendileri: Normanlar   \u201cViking ak\u0131nlar\u0131ndan Akdeniz\u2019in hakimiyetine uzanan Normanlar, Orta \u00c7a\u011f Avrupas\u0131\u2019n\u0131n egemen ve g\u00f6z kama\u015ft\u0131ran g\u00fcc\u00fcyd\u00fc. Levi Roach, muhte\u015fem ve panoramik anlat\u0131m\u0131yla Normanlar\u0131n inan\u0131lmaz hik\u00e2yesini ustal\u0131kla anlat\u0131yor.\u201d \u2013 Helen Castor   Elinizdeki bu kitap, h\u0131rsl\u0131 macerac\u0131lar\u0131n, az\u0131l\u0131 ya\u011fmac\u0131lar\u0131n, kazan\u0131lan ve kaybedilen servetlerin hik\u00e2yesi.   14 Ekim 1066.   \u0130ngiltere\u2019nin son Anglo-Sakson kral\u0131 II. Harold Sussex\u2019te \u00f6l\u00fcrken, Normandiya D\u00fck\u00fc beklenmedik zaferini kutluyordu. Art\u0131k \u0130ngiliz taht\u0131nda Anglo-Saksonlar veya Vikingler oturmayacakt\u0131; art\u0131k \u00e7a\u011f, Normanlar\u0131n \u00e7a\u011f\u0131yd\u0131.   Viking ak\u0131nc\u0131lar\u0131ndan gelen m\u00fctevaz\u0131 k\u00f6klerinden paral\u0131 askerler, fatihler ve h\u00fck\u00fcmdarlar \u00e7\u0131karan Normanlar, Avrupa\u2019y\u0131 tabiri caizse \u015fekillendirirken K\u00fc\u00e7\u00fck Asya topraklar\u0131nda da ad\u0131m atmad\u0131k yer b\u0131rakmad\u0131lar. Uyum sa\u011flama, yenilik\u00e7ilik ve kat\u0131 kararl\u0131l\u0131klar\u0131yla d\u00fcnyaya damga vurdular.   Yazar Levi Roach, \u0130skandinavya\u2019dan Kutsal Topraklara dek Normanlar\u0131n izini s\u00fcr\u00fcyor ve okurlar\u0131 da bu yolculukta pe\u015finden s\u00fcr\u00fckl\u00fcyor. Alana hakimiyeti ve ba\u015far\u0131l\u0131 ara\u015ft\u0131rmas\u0131yla Norman \u0130mparatorlu\u011fu\u2019nu karakterize eden siyas\u00ee entrikalar, asker\u00ee deha ve k\u00fclt\u00fcrel asimilasyonun karma\u015f\u0131k dokusunu g\u00f6zler \u00f6n\u00fcne seriyor.    Normanlar, yaln\u0131zca bir fetih kroni\u011finden \u00e7ok daha fazlas\u0131. Yazar Roach fetihlerin yan\u0131nda modern hukuk sisteminin temellerinin nas\u0131l at\u0131ld\u0131\u011f\u0131ndan Avrupa\u2019n\u0131n Orta \u00c7a\u011f kimli\u011fini \u015fekillendiren farkl\u0131 k\u00fclt\u00fcrlerin kayna\u015fmas\u0131na kadar Norman y\u00f6netiminin geni\u015f kapsaml\u0131 sonu\u00e7lar\u0131n\u0131 ustal\u0131kla inceliyor.   Normanlar, Kuzey Fransa\u2019daki Viking ya\u011fmac\u0131lar\u0131n\u0131n torunlar\u0131n\u0131n Avrupa, Akdeniz ve Orta Do\u011fu siyasetine h\u00e2kim olu\u015flar\u0131n\u0131n ola\u011fan\u00fcst\u00fc hik\u00e2yesini anlat\u0131yor. Yazar Levi Roach\u2019\u0131n usta tarih yaz\u0131c\u0131l\u0131\u011f\u0131 ve titiz ara\u015ft\u0131rmalar\u0131, bu ola\u011fan\u00fcst\u00fc hanedana yeniden hayat vererek etkilerinin hat\u0131rlanmas\u0131n\u0131 sa\u011fl\u0131yor. Normanlar\u2019da bir Viking gemisiyle Man\u015f\u2019\u0131 ge\u00e7ecek, Hastings\u2019in deh\u015fetengiz atmosferini ci\u011ferlerinize \u00e7ekecek, Kutsal Topraklara giderken \u0130znik\u2019te dinlenecek ve paral\u0131 asker olarak pek \u00e7ok efendiye hizmet edeceksiniz. <\/p>\n","protected":false},"excerpt":{"rendered":"<p>Avrupa, Akdeniz ve Orta Do\u011fu\u2019nun Efendileri: Normanlar \u201cViking ak\u0131nlar\u0131ndan Akdeniz\u2019in hakimiyetine uzanan Normanlar, Orta \u00c7a\u011f Avrupas\u0131\u2019n\u0131n egemen ve g\u00f6z kama\u015ft\u0131ran g\u00fcc\u00fcyd\u00fc. Levi Roach, muhte\u015fem ve panoramik<span class=\"excerpt-hellip\"> [\u2026]<\/span><\/p>\n","protected":false},"featured_media":0,"template":"","meta":{"_monsterinsights_skip_tracking":false,"_monsterinsights_sitenote_active":false,"_monsterinsights_sitenote_note":"","_monsterinsights_sitenote_category":0},"product_brand":[],"product_cat":[12304],"product_tag":[],"class_list":{"0":"post-752457","1":"product","2":"type-product","3":"status-publish","5":"product_cat-tarih","6":"pa_cilt-ciltsiz","7":"pa_tur-kitap","8":"pa_yayinevi-kronik-kitap","9":"pa_yazar-levi-roach","11":"first","12":"instock","13":"sale","14":"shipping-taxable","15":"purchasable","16":"product-type-simple"},"_links":{"self":[{"href":"https:\/\/roveyayinevi.com.tr\/index.php\/wp-json\/wp\/v2\/product\/752457","targetHints":{"allow":["GET"]}}],"collection":[{"href":"https:\/\/roveyayinevi.com.tr\/index.php\/wp-json\/wp\/v2\/product"}],"about":[{"href":"https:\/\/roveyayinevi.com.tr\/index.php\/wp-json\/wp\/v2\/types\/product"}],"wp:attachment":[{"href":"https:\/\/roveyayinevi.com.tr\/index.php\/wp-json\/wp\/v2\/media?parent=752457"}],"wp:term":[{"taxonomy":"product_brand","embeddable":true,"href":"https:\/\/roveyayinevi.com.tr\/index.php\/wp-json\/wp\/v2\/product_brand?post=752457"},{"taxonomy":"product_cat","embeddable":true,"href":"https:\/\/roveyayinevi.com.tr\/index.php\/wp-json\/wp\/v2\/product_cat?post=752457"},{"taxonomy":"product_tag","embeddable":true,"href":"https:\/\/roveyayinevi.com.tr\/index.php\/wp-json\/wp\/v2\/product_tag?post=752457"}],"curies":[{"name":"wp","href":"https:\/\/api.w.org\/{rel}","templated":true}]}}