{"id":752456,"date":"2025-08-28T05:16:42","date_gmt":"2025-08-28T02:16:42","guid":{"rendered":"https:\/\/roveyayinevi.com.tr\/index.php\/urun\/dunyanin-en-yalniz-beyni\/"},"modified":"2026-04-16T03:05:55","modified_gmt":"2026-04-16T00:05:55","slug":"dunyanin-en-yalniz-beyni","status":"publish","type":"product","link":"https:\/\/roveyayinevi.com.tr\/index.php\/urun\/dunyanin-en-yalniz-beyni\/","title":{"rendered":"D\u00fcnyan\u0131n En Yaln\u0131z Beyni"},"content":{"rendered":"<p>Elma Yay\u0131nevi &#8211; ORTAPIA\u2019dan \u00e7\u0131kan yeni kitab\u0131m\u0131z D\u00fcnyan\u0131n En Yaln\u0131z Beyni, Dr. Serkan Karaismailo\u011flu\u2019nun e\u015fsiz anlat\u0131m\u0131yla bulu\u015fuyor okurla. Yazar gen\u00e7lere, ebeveynlere, e\u011fitimcilere; asl\u0131nda pop\u00fcler k\u00fclt\u00fcr\u00fcn k\u0131skanc\u0131nda ya\u015fayan t\u00fcm ergenlere ve onlar\u0131n etraf\u0131ndaki yeti\u015fkinlere \u00f6nce bilim insan\u0131 sonra da yazar kimli\u011fiyle ve hep al\u0131\u015f\u0131k oldu\u011fumuz kendine has hik\u00e2ye kurgusuyla sesleniyor.UYARIBu kitap, ba\u015fta ergenler olmak \u00fczere gen\u00e7li\u011fi yoldan \u00e7\u0131karmak amac\u0131yla yaz\u0131lm\u0131\u015ft\u0131r.Sigara ve alkol kullanma ya\u015f\u0131n\u0131n iyice d\u00fc\u015ft\u00fc\u011f\u00fc, lise \u00f6\u011frencilerinin okullarda istedi\u011fi uyu\u015fturucuya ula\u015fabildi\u011fi, mevcut e\u011fitim sistemininorganik beyinli gen\u00e7lerimizi yapay zek\u00e2ya d\u00f6n\u00fc\u015ft\u00fcrd\u00fc\u011f\u00fc ve s\u0131nava girecek \u00f6\u011frencilerin netlerini art\u0131rmak i\u00e7in re\u00e7eteli ila\u00e7 kulland\u0131\u011f\u0131 bir gen\u00e7li\u011fin gitti\u011fi yolla ilgili bir endi\u015feniz yoksa  bu kitaba asla dokunmay\u0131n.Y\u0131llard\u0131r \u00e7ocuklar\u0131m\u0131z\u0131 y\u00fcr\u00fctt\u00fc\u011f\u00fcm\u00fcz bu yol onlar\u0131 mutsuz ve ac\u0131mas\u0131z bir yeti\u015fkine d\u00f6n\u00fc\u015ft\u00fcrmekten ba\u015fka bir i\u015fe yaram\u0131yor.Bu durumda art\u0131k kendimize \u015fu soruyu sorman\u0131n vakti geldi.Tek y\u00f6nl\u00fc bu yolun sonu bir u\u00e7urumsa e\u011fer o gen\u00e7li\u011fi yoldan \u00e7\u0131karmak d\u0131\u015f\u0131nda bir se\u00e7ene\u011fimiz olabilir mi?Sevgili gen\u00e7 arkada\u015f\u0131m, hen\u00fcz tan\u0131\u015fmad\u0131k ama nas\u0131l bir yaln\u0131zl\u0131\u011f\u0131n i\u00e7ine tutsak edildi\u011fini \u00e7ok iyi biliyorum.Etraf\u0131ndaki karanl\u0131k her ge\u00e7en g\u00fcn daha da koyula\u015f\u0131yor. Ama korkma.Bu karanl\u0131\u011f\u0131 yok edecek g\u00fc\u00e7 beyninin derinlerinde gizli.Sadece bunun fark\u0131nda de\u011filsin. \u015eu an ellerinin aras\u0131nda tuttu\u011fun kitab\u0131n sana vaat etti\u011fi tek ger\u00e7ek bu. \u0130\u00e7indeki g\u00fcce ula\u015fman\u0131 sa\u011flamak ad\u0131na elimden gelen her \u015feyi yapaca\u011f\u0131m ve nihai sona ula\u015ft\u0131\u011f\u0131m\u0131zda neden sana bu kadar \u00e7ok g\u00fcvendi\u011fimi anlayacaks\u0131n.Haz\u0131rsan derin bir nefes al ve ba\u015flayal\u0131m.<\/p>\n","protected":false},"excerpt":{"rendered":"<p>Elma Yay\u0131nevi &#8211; ORTAPIA\u2019dan \u00e7\u0131kan yeni kitab\u0131m\u0131z D\u00fcnyan\u0131n En Yaln\u0131z Beyni, Dr. Serkan Karaismailo\u011flu\u2019nun e\u015fsiz anlat\u0131m\u0131yla bulu\u015fuyor okurla. Yazar gen\u00e7lere, ebeveynlere, e\u011fitimcilere; asl\u0131nda pop\u00fcler k\u00fclt\u00fcr\u00fcn k\u0131skanc\u0131nda<span class=\"excerpt-hellip\"> [\u2026]<\/span><\/p>\n","protected":false},"featured_media":0,"template":"","meta":{"_monsterinsights_skip_tracking":false,"_monsterinsights_sitenote_active":false,"_monsterinsights_sitenote_note":"","_monsterinsights_sitenote_category":0},"product_brand":[],"product_cat":[13005,13006],"product_tag":[],"class_list":{"0":"post-752456","1":"product","2":"type-product","3":"status-publish","5":"product_cat-bilim-muhendislik","6":"product_cat-populer-bilim","7":"pa_cilt-ciltsiz","8":"pa_tur-kitap","9":"pa_yayinevi-ortapia","10":"pa_yazar-serkan-karaismailoglu","12":"first","13":"instock","14":"sale","15":"shipping-taxable","16":"purchasable","17":"product-type-simple"},"_links":{"self":[{"href":"https:\/\/roveyayinevi.com.tr\/index.php\/wp-json\/wp\/v2\/product\/752456","targetHints":{"allow":["GET"]}}],"collection":[{"href":"https:\/\/roveyayinevi.com.tr\/index.php\/wp-json\/wp\/v2\/product"}],"about":[{"href":"https:\/\/roveyayinevi.com.tr\/index.php\/wp-json\/wp\/v2\/types\/product"}],"wp:attachment":[{"href":"https:\/\/roveyayinevi.com.tr\/index.php\/wp-json\/wp\/v2\/media?parent=752456"}],"wp:term":[{"taxonomy":"product_brand","embeddable":true,"href":"https:\/\/roveyayinevi.com.tr\/index.php\/wp-json\/wp\/v2\/product_brand?post=752456"},{"taxonomy":"product_cat","embeddable":true,"href":"https:\/\/roveyayinevi.com.tr\/index.php\/wp-json\/wp\/v2\/product_cat?post=752456"},{"taxonomy":"product_tag","embeddable":true,"href":"https:\/\/roveyayinevi.com.tr\/index.php\/wp-json\/wp\/v2\/product_tag?post=752456"}],"curies":[{"name":"wp","href":"https:\/\/api.w.org\/{rel}","templated":true}]}}