{"id":752455,"date":"2025-08-28T05:16:40","date_gmt":"2025-08-28T02:16:40","guid":{"rendered":"https:\/\/roveyayinevi.com.tr\/index.php\/urun\/kayip-mevsim-dusleri\/"},"modified":"2026-04-16T03:05:55","modified_gmt":"2026-04-16T00:05:55","slug":"kayip-mevsim-dusleri","status":"publish","type":"product","link":"https:\/\/roveyayinevi.com.tr\/index.php\/urun\/kayip-mevsim-dusleri\/","title":{"rendered":"Kay\u0131p Mevsim D\u00fc\u015fleri"},"content":{"rendered":"<p>Tekin \u015eener okurunu arayan bir yazar de\u011fil. M\u00fcdanas\u0131z bir kalem sahibi olarak \u201cy\u00fcr\u00fcyen kitap\u201d dedi\u011fi okuma tutkunu insanlar\u0131 \u201cbirlikte anlamaya, hat\u0131rlamaya, ba\u011f kurmaya\u201d \u00e7a\u011f\u0131r\u0131yor; \u00e7a\u011fr\u0131ya kulak verenlerle \u201cayn\u0131 serab\u0131 g\u00f6rme\u201d niyetiyle yaz\u0131yor. Onlar aranmaz; y\u00fcr\u00fcd\u00fckleri yolda t\u00fcrl\u00fc menziller \u00fczerinde kendileriyle ayn\u0131 dili konu\u015fan dilda\u015flar\u0131n\u0131 bulur, dinler ve okurlar. \u0130\u015fte bu denemeler bu \u00e7a\u011fr\u0131y\u0131 i\u015fitmek \u00fczere yola koyulanlarla \u201cayn\u0131 ak\u0131nt\u0131ya kap\u0131lmak\u201d umuduyla yaz\u0131ld\u0131.<\/p>\n","protected":false},"excerpt":{"rendered":"<p>Tekin \u015eener okurunu arayan bir yazar de\u011fil. M\u00fcdanas\u0131z bir kalem sahibi olarak \u201cy\u00fcr\u00fcyen kitap\u201d dedi\u011fi okuma tutkunu insanlar\u0131 \u201cbirlikte anlamaya, hat\u0131rlamaya, ba\u011f kurmaya\u201d \u00e7a\u011f\u0131r\u0131yor; \u00e7a\u011fr\u0131ya kulak<span class=\"excerpt-hellip\"> [\u2026]<\/span><\/p>\n","protected":false},"featured_media":0,"template":"","meta":{"_monsterinsights_skip_tracking":false,"_monsterinsights_sitenote_active":false,"_monsterinsights_sitenote_note":"","_monsterinsights_sitenote_category":0},"product_brand":[],"product_cat":[12777,12291],"product_tag":[],"class_list":{"0":"post-752455","1":"product","2":"type-product","3":"status-publish","5":"product_cat-deneme","6":"product_cat-edebiyat","7":"pa_cilt-ciltsiz","8":"pa_tur-kitap","9":"pa_yayinevi-otuken-nesriyat","10":"pa_yazar-tekin-sener","12":"first","13":"instock","14":"sale","15":"shipping-taxable","16":"purchasable","17":"product-type-simple"},"_links":{"self":[{"href":"https:\/\/roveyayinevi.com.tr\/index.php\/wp-json\/wp\/v2\/product\/752455","targetHints":{"allow":["GET"]}}],"collection":[{"href":"https:\/\/roveyayinevi.com.tr\/index.php\/wp-json\/wp\/v2\/product"}],"about":[{"href":"https:\/\/roveyayinevi.com.tr\/index.php\/wp-json\/wp\/v2\/types\/product"}],"wp:attachment":[{"href":"https:\/\/roveyayinevi.com.tr\/index.php\/wp-json\/wp\/v2\/media?parent=752455"}],"wp:term":[{"taxonomy":"product_brand","embeddable":true,"href":"https:\/\/roveyayinevi.com.tr\/index.php\/wp-json\/wp\/v2\/product_brand?post=752455"},{"taxonomy":"product_cat","embeddable":true,"href":"https:\/\/roveyayinevi.com.tr\/index.php\/wp-json\/wp\/v2\/product_cat?post=752455"},{"taxonomy":"product_tag","embeddable":true,"href":"https:\/\/roveyayinevi.com.tr\/index.php\/wp-json\/wp\/v2\/product_tag?post=752455"}],"curies":[{"name":"wp","href":"https:\/\/api.w.org\/{rel}","templated":true}]}}