{"id":752450,"date":"2025-08-28T05:16:32","date_gmt":"2025-08-28T02:16:32","guid":{"rendered":"https:\/\/roveyayinevi.com.tr\/index.php\/urun\/iran-turklerinde-koroglu-destani\/"},"modified":"2026-04-16T03:05:55","modified_gmt":"2026-04-16T00:05:55","slug":"iran-turklerinde-koroglu-destani","status":"publish","type":"product","link":"https:\/\/roveyayinevi.com.tr\/index.php\/urun\/iran-turklerinde-koroglu-destani\/","title":{"rendered":"\u0130ran T\u00fcrklerinde K\u00f6ro\u011flu Destan\u0131"},"content":{"rendered":"<p>Y\u00fczy\u0131llar boyunca T\u00fcrklerin h\u00e2kim oldu\u011fu ve g\u00fcn\u00fcm\u00fczde n\u00fcfusunun yar\u0131s\u0131n\u0131 T\u00fcrklerin olu\u015fturdu\u011fu \u0130ran, T\u00fcrkiye ve Orta Asya aras\u0131nda ge\u00e7i\u015fi sa\u011flayan \u00f6nemli bir b\u00f6lgedir. Bu husus O\u011fuz, K\u0131p\u00e7ak ve Karluk gruplar\u0131n\u0131n yeg\u00e2ne ortak destan\u0131 olan K\u00f6ro\u011flu i\u00e7in de ge\u00e7erlidir. K\u00f6ro\u011flu Destan\u0131\u2019n\u0131n Bat\u0131 ile Do\u011fu kollar\u0131 aras\u0131nda k\u00f6pr\u00fc vazifesi g\u00f6ren \u0130ran T\u00fcrklerinin anlatmalar\u0131, bu destan\u0131n b\u00fct\u00fcnc\u00fcl olarak incelenmesi i\u00e7in elzemdir. G\u00fcn\u00fcm\u00fcze kadar b\u00f6lgesel olarak yap\u0131lan K\u00f6ro\u011flu \u00e7al\u0131\u015fmalar\u0131 bir yapboz olarak d\u00fc\u015f\u00fcn\u00fcld\u00fc\u011f\u00fcnde bu destan\u0131n T\u00fcrkiye, Azerbaycan, T\u00fcrkmenistan, Kazakistan ve Do\u011fu T\u00fcrkistan varyantlar\u0131 hakk\u0131nda T\u00fcrkiye\u2019de bir\u00e7ok \u00e7al\u0131\u015fma yap\u0131lm\u0131\u015ft\u0131r. Bu yapbozda eksik kalan \u0130ran T\u00fcrkleri varyantlar\u0131 da \u0130ran T\u00fcrklerinde K\u00f6ro\u011flu Destan\u0131 adl\u0131 bu kitap ile tamamlanacakt\u0131r.K\u00f6ro\u011flu\u2019nun \u0130ran T\u00fcrkleri anlatmalar\u0131n\u0131 ele alan bu kitapta ilk olarak \u0130ran T\u00fcrklerinde destan anlat\u0131c\u0131lar\u0131 olan \u00e2\u015f\u0131klar\u0131n ald\u0131klar\u0131 e\u011fitim, ba\u011fl\u0131 bulunduklar\u0131 \u00e2\u015f\u0131k muhitlerinin temel \u00f6zellikleri ve bu muhitlerdeki destan anlatma gelenekleri hakk\u0131nda bilgi verilmi\u015ftir. Ard\u0131ndan \u0130ran\u2019da derlenen 11 kol \u00fczerinden K\u00f6ro\u011flu Destan\u0131\u2019n\u0131n \u0130ran T\u00fcrkleri anlatmalar\u0131 yap\u0131 olarak incelenmi\u015ftir. Son olarak s\u00f6z konusu kollar\u0131n metinleri ek olarak okuyucuya sunulmu\u015ftur.<\/p>\n","protected":false},"excerpt":{"rendered":"<p>Y\u00fczy\u0131llar boyunca T\u00fcrklerin h\u00e2kim oldu\u011fu ve g\u00fcn\u00fcm\u00fczde n\u00fcfusunun yar\u0131s\u0131n\u0131 T\u00fcrklerin olu\u015fturdu\u011fu \u0130ran, T\u00fcrkiye ve Orta Asya aras\u0131nda ge\u00e7i\u015fi sa\u011flayan \u00f6nemli bir b\u00f6lgedir. Bu husus O\u011fuz, K\u0131p\u00e7ak<span class=\"excerpt-hellip\"> [\u2026]<\/span><\/p>\n","protected":false},"featured_media":0,"template":"","meta":{"_monsterinsights_skip_tracking":false,"_monsterinsights_sitenote_active":false,"_monsterinsights_sitenote_note":"","_monsterinsights_sitenote_category":0},"product_brand":[],"product_cat":[12291,13706],"product_tag":[],"class_list":{"0":"post-752450","1":"product","2":"type-product","3":"status-publish","5":"product_cat-edebiyat","6":"product_cat-efsane-destan-masal","7":"pa_cilt-ciltsiz","8":"pa_tur-kitap","9":"pa_yayinevi-otuken-nesriyat","10":"pa_yazar-fazil-ozdamar","12":"first","13":"instock","14":"sale","15":"shipping-taxable","16":"purchasable","17":"product-type-simple"},"_links":{"self":[{"href":"https:\/\/roveyayinevi.com.tr\/index.php\/wp-json\/wp\/v2\/product\/752450","targetHints":{"allow":["GET"]}}],"collection":[{"href":"https:\/\/roveyayinevi.com.tr\/index.php\/wp-json\/wp\/v2\/product"}],"about":[{"href":"https:\/\/roveyayinevi.com.tr\/index.php\/wp-json\/wp\/v2\/types\/product"}],"wp:attachment":[{"href":"https:\/\/roveyayinevi.com.tr\/index.php\/wp-json\/wp\/v2\/media?parent=752450"}],"wp:term":[{"taxonomy":"product_brand","embeddable":true,"href":"https:\/\/roveyayinevi.com.tr\/index.php\/wp-json\/wp\/v2\/product_brand?post=752450"},{"taxonomy":"product_cat","embeddable":true,"href":"https:\/\/roveyayinevi.com.tr\/index.php\/wp-json\/wp\/v2\/product_cat?post=752450"},{"taxonomy":"product_tag","embeddable":true,"href":"https:\/\/roveyayinevi.com.tr\/index.php\/wp-json\/wp\/v2\/product_tag?post=752450"}],"curies":[{"name":"wp","href":"https:\/\/api.w.org\/{rel}","templated":true}]}}